{"id":3642,"date":"2018-11-03T03:19:19","date_gmt":"2018-11-03T03:19:19","guid":{"rendered":"https:\/\/barberry.temash.design\/furnituredemo\/?page_id=3642"},"modified":"2026-02-12T23:13:31","modified_gmt":"2026-02-12T23:13:31","slug":"contact","status":"publish","type":"page","link":"https:\/\/officetrading.sn\/index.php\/contact\/","title":{"rendered":"Contact"},"content":{"rendered":"<div style=\"\"class=\"normal_height vc_row wpb_row vc_row-fluid\"><div class=\"wpb_column vc_column_container vc_col-sm-12\"><div class=\"vc_column-inner\"><div class=\"wpb_wrapper\"><div class=\"vc_empty_space\"   style=\"height: 200px\"><span class=\"vc_empty_space_inner\"><\/span><\/div><div class=\"row vc_row wpb_row vc_inner vc_row-fluid\"><div class=\"wpb_column vc_column_container vc_col-sm-12\"><div class=\"vc_column-inner\"><div class=\"wpb_wrapper\"><\/div><\/div><\/div><div class=\"wpb_column vc_column_container vc_col-sm-12\"><div class=\"vc_column-inner\"><div class=\"wpb_wrapper\"><h2 style=\"font-size: 40px;color: #000000;line-height: 48px;text-align: center\" class=\"vc_custom_heading wpb_animate_when_almost_visible wpb_fadeIn fadeIn\" >Contact<\/h2><div class=\"vc_empty_space\"   style=\"height: 32px\"><span class=\"vc_empty_space_inner\"><\/span><\/div><h2 style=\"font-size: 24px;color: #0a3b6a;line-height: 30px;text-align: left\" class=\"vc_custom_heading\" >Adresse<\/h2><h2 style=\"font-size: 20px;color: #000000;line-height: 30px;text-align: left\" class=\"vc_custom_heading\" >Dakar \/ S\u00e9n\u00e9gal<\/h2><div class=\"vc_empty_space\"   style=\"height: 32px\"><span class=\"vc_empty_space_inner\"><\/span><\/div><h2 style=\"font-size: 24px;color: #0a3b6a;line-height: 30px;text-align: left\" class=\"vc_custom_heading\" >Email<\/h2><h2 style=\"font-size: 20px;color: #000000;line-height: 30px;text-align: left\" class=\"vc_custom_heading\" >officetradingsas@gmail.com<\/h2><div class=\"vc_empty_space\"   style=\"height: 32px\"><span class=\"vc_empty_space_inner\"><\/span><\/div><h2 style=\"font-size: 24px;color: #0a3b6a;line-height: 30px;text-align: left\" class=\"vc_custom_heading\" >T\u00e9l\u00e9phone<\/h2><h2 style=\"font-size: 20px;color: #075e54;line-height: 30px;text-align: left;font-family:Abril Fatface;font-weight:400;font-style:normal\" class=\"vc_custom_heading\" ><a href=\"http:\/\/wa.me\/221778566442\" target=\"_blank\" title=\"+221778566442\">+221 77 856 64 42<\/a><\/h2><div class=\"vc_empty_space\"   style=\"height: 32px\"><span class=\"vc_empty_space_inner\"><\/span><\/div><div class=\"vc_separator wpb_content_element vc_separator_align_center vc_sep_width_100 vc_sep_pos_align_center vc_separator_no_text vc_sep_color_grey\" ><span class=\"vc_sep_holder vc_sep_holder_l\"><span  class=\"vc_sep_line\"><\/span><\/span><span class=\"vc_sep_holder vc_sep_holder_r\"><span  class=\"vc_sep_line\"><\/span><\/span>\n<\/div><div class=\"vc_empty_space\"   style=\"height: 32px\"><span class=\"vc_empty_space_inner\"><\/span><\/div>\n\n    <style>\n      \n    <\/style>\n\n\n\n    <div class=\"site-social-icons-shortcode social-id-2075318266\">\n\n    <ul class=\"social-icons left\">\n\n                    <li class=\"facebook\">\n                <a target=\"_blank\" title=\"Facebook\" href=\"#\">\n                    <svg class=\"svg-icon\" viewBox=\"0 0 24 24\" enable-background=\"new 0 0 24 24\" xml:space=\"preserve\">\n                      <use x=\"0\" y=\"0\" xlink:href=\"#i-facebook\"><\/use>\n                    <\/svg> \n                    <span class=\"s-circle_bg\"><\/span>\n                <\/a>\n            <\/li>\n          \n\n        \n        \n          \n        \n        \n                      \n\n        \n        \n        \n                    <li class=\"instagram\">\n                <a target=\"_blank\" title=\"Instagram\" href=\"#\">\n                      <svg class=\"svg-icon\" viewBox=\"0 0 24 24\" enable-background=\"new 0 0 24 24\" xml:space=\"preserve\">\n                        <use x=\"0\" y=\"0\" xlink:href=\"#i-instagram\"><\/use>\n                      <\/svg> \n                    <span class=\"s-circle_bg\"><\/span>\n                <\/a>\n            <\/li>\n        \n\n        \n        \n        \n        \n        \n        \n        \n        \n        \n        \n        \n                    <li class=\"whatsapp\">\n                <a target=\"_blank\" title=\"WhatsApp\" href=\"http:\/\/wa.me\/221778566442\">\n                      <svg class=\"svg-icon\" viewBox=\"0 0 24 24\" enable-background=\"new 0 0 24 24\" xml:space=\"preserve\">\n                        <use x=\"0\" y=\"0\" xlink:href=\"#i-whatsapp\"><\/use>\n                      <\/svg> \n                    <span class=\"s-circle_bg\"><\/span>\n                <\/a>\n            <\/li>\n        \n        \n                \n         \n\n                    <li class=\"tiktok\">\n                <a target=\"_blank\" title=\"TikTok\" href=\"#\">\n                      <svg class=\"svg-icon\" viewBox=\"0 0 24 24\" enable-background=\"new 0 0 24 24\" xml:space=\"preserve\">\n                        <use x=\"0\" y=\"0\" xlink:href=\"#i-tiktok\"><\/use>\n                      <\/svg> \n                    <span class=\"s-circle_bg\"><\/span>\n                <\/a>\n            <\/li>\n         \n    <\/ul>\n    <\/div>\n    \n    <\/div><\/div><\/div><div class=\"wpb_column vc_column_container vc_col-sm-12\"><div class=\"vc_column-inner\"><div class=\"wpb_wrapper\"><\/div><\/div><\/div><\/div><div class=\"boxed-row\"><div class=\"row vc_row wpb_row vc_inner vc_row-fluid vc_row-o-content-middle vc_row-flex\"><div class=\"wpb_column vc_column_container vc_col-sm-12\"><div class=\"vc_column-inner\"><div class=\"wpb_wrapper\"><div class=\"wpb_gmaps_widget wpb_content_element wpb_animate_when_almost_visible wpb_bounceIn bounceIn\"><div class=\"wpb_wrapper\"><div class=\"wpb_map_wraper\"><iframe src=\"https:\/\/www.google.com\/maps\/embed?pb=!1m14!1m8!1m3!1d1979.6578671788395!2d-17.4519689!3d14.7224564!3m2!1i1024!2i768!4f13.1!3m3!1m2!1s0xec173fcff6d315f%3A0xe2aa759da7d1d4b7!2sOffice%20Trading!5e1!3m2!1sfr!2ssn!4v1770819006859!5m2!1sfr!2ssn\" width=\"600\" height=\"450\" style=\"border:0;\" allowfullscreen=\"\" loading=\"lazy\" referrerpolicy=\"no-referrer-when-downgrade\"><\/iframe><\/div><\/div><\/div><\/div><\/div><\/div><\/div><\/div><\/div><\/div><\/div><\/div>\n","protected":false},"excerpt":{"rendered":"ContactAdresseDakar \/ S\u00e9n\u00e9galEmailofficetradingsas@gmail.comT\u00e9l\u00e9phone+221 77 856 64 42","protected":false},"author":1,"featured_media":0,"parent":0,"menu_order":0,"comment_status":"closed","ping_status":"closed","template":"","meta":{"footnotes":""},"class_list":["post-3642","page","type-page","status-publish","hentry"],"acf":[],"_links":{"self":[{"href":"https:\/\/officetrading.sn\/index.php\/wp-json\/wp\/v2\/pages\/3642","targetHints":{"allow":["GET"]}}],"collection":[{"href":"https:\/\/officetrading.sn\/index.php\/wp-json\/wp\/v2\/pages"}],"about":[{"href":"https:\/\/officetrading.sn\/index.php\/wp-json\/wp\/v2\/types\/page"}],"author":[{"embeddable":true,"href":"https:\/\/officetrading.sn\/index.php\/wp-json\/wp\/v2\/users\/1"}],"replies":[{"embeddable":true,"href":"https:\/\/officetrading.sn\/index.php\/wp-json\/wp\/v2\/comments?post=3642"}],"version-history":[{"count":5,"href":"https:\/\/officetrading.sn\/index.php\/wp-json\/wp\/v2\/pages\/3642\/revisions"}],"predecessor-version":[{"id":4150,"href":"https:\/\/officetrading.sn\/index.php\/wp-json\/wp\/v2\/pages\/3642\/revisions\/4150"}],"wp:attachment":[{"href":"https:\/\/officetrading.sn\/index.php\/wp-json\/wp\/v2\/media?parent=3642"}],"curies":[{"name":"wp","href":"https:\/\/api.w.org\/{rel}","templated":true}]}}