{"id":2300,"date":"2026-02-05T18:31:17","date_gmt":"2026-02-05T18:31:17","guid":{"rendered":"http:\/\/barberry:8888\/?post_type=product&#038;p=2300"},"modified":"2026-03-22T17:04:51","modified_gmt":"2026-03-22T17:04:51","slug":"fauteuil-de-direction-design-moderne-et-elegant","status":"publish","type":"product","link":"https:\/\/officetrading.sn\/index.php\/product\/fauteuil-de-direction-design-moderne-et-elegant\/","title":{"rendered":"Fauteuil de Direction &#8211; Marron"},"content":{"rendered":"<p><strong>Fauteuil de Direction haut de gamme<\/strong><\/p>\n<ul data-unit-id=\"AIMODE_Web_4gEmIqGcI2UCAS_2WOcqnZaY_1774198519087&amp;2ad6bb96a1927cb6&amp;aggregation-0-summary-0-ul-1\">\n<li data-unit-id=\"AIMODE_Web_4gEmIqGcI2UCAS_2WOcqnZaY_1774198519087&amp;2ad6bb96a1927cb6&amp;aggregation-0-summary-0-li-1\"><strong>Style<\/strong>\u00a0: Design contemporain \u00ab Manager\/CEO \u00bb alliant \u00e9l\u00e9gance et autorit\u00e9.<\/li>\n<li data-unit-id=\"AIMODE_Web_4gEmIqGcI2UCAS_2WOcqnZaY_1774198519087&amp;2ad6bb96a1927cb6&amp;aggregation-0-summary-0-li-2\"><strong>Coloris<\/strong> : Marron chocolat<cite><\/cite><\/li>\n<li data-unit-id=\"AIMODE_Web_4gEmIqGcI2UCAS_2WOcqnZaY_1774198519087&amp;2ad6bb96a1927cb6&amp;aggregation-0-summary-0-li-3\"><strong>Finition<\/strong>\u00a0: Rev\u00eatement en cuir PU de haute qualit\u00e9 ou cuir v\u00e9ritable, avec des surpiq\u00fbres apparentes pour un aspect haut de gamme.\u00a0<cite><\/cite><\/li>\n<\/ul>\n<h3 data-unit-id=\"AIMODE_Web_4gEmIqGcI2UCAS_2WOcqnZaY_1774198519087&amp;2ad6bb96a1927cb6&amp;aggregation-0-summary-0-h3-2\">Caract\u00e9ristiques Techniques<\/h3>\n<ul data-unit-id=\"AIMODE_Web_4gEmIqGcI2UCAS_2WOcqnZaY_1774198519087&amp;2ad6bb96a1927cb6&amp;aggregation-0-summary-0-ul-2\">\n<li data-unit-id=\"AIMODE_Web_4gEmIqGcI2UCAS_2WOcqnZaY_1774198519087&amp;2ad6bb96a1927cb6&amp;aggregation-0-summary-0-li-4\"><strong>Dossier Haut<\/strong>\u00a0: Conception ergonomique \u00e0 dossier haut pour un soutien complet de la colonne vert\u00e9brale.<\/li>\n<li data-unit-id=\"AIMODE_Web_4gEmIqGcI2UCAS_2WOcqnZaY_1774198519087&amp;2ad6bb96a1927cb6&amp;aggregation-0-summary-0-li-5\"><strong>Confort<\/strong>\u00a0: Rembourrage \u00e9pais et capitonn\u00e9 offrant une assise moelleuse pour une utilisation prolong\u00e9e.<\/li>\n<li data-unit-id=\"AIMODE_Web_4gEmIqGcI2UCAS_2WOcqnZaY_1774198519087&amp;2ad6bb96a1927cb6&amp;aggregation-0-summary-0-li-6\"><strong>Base<\/strong>\u00a0: Structure robuste avec roulettes multidirectionnelles pour une mobilit\u00e9 fluide au bureau.<\/li>\n<li data-unit-id=\"AIMODE_Web_4gEmIqGcI2UCAS_2WOcqnZaY_1774198519087&amp;2ad6bb96a1927cb6&amp;aggregation-0-summary-0-li-7\"><strong>Fonctionnalit\u00e9s<\/strong>\u00a0: R\u00e9glage en hauteur (v\u00e9rin \u00e0 gaz), pivotement \u00e0 360\u00b0 et m\u00e9canisme de basculement.<\/li>\n<\/ul>\n","protected":false},"excerpt":{"rendered":"<p><strong>Fauteuil de Direction haut de gamme <\/strong>\u00ab Manager\/CEO \u00bb alliant \u00e9l\u00e9gance et autorit\u00e9. Conception ergonomique \u00e0 dossier haut pour un soutien complet de la colonne vert\u00e9brale.<\/p>\n","protected":false},"featured_media":4423,"comment_status":"open","ping_status":"closed","template":"","meta":[],"product_brand":[],"product_cat":[146,203],"product_tag":[199,220,200],"class_list":{"0":"post-2300","1":"product","2":"type-product","3":"status-publish","4":"has-post-thumbnail","6":"product_cat-bureaux","7":"product_cat-fauteuil-bureau","8":"product_tag-fauteuil-bureau","9":"product_tag-fauteuil-de-direction","10":"product_tag-office-trading","12":"first","13":"instock","14":"featured","15":"shipping-taxable","16":"purchasable","17":"product-type-simple"},"acf":[],"_links":{"self":[{"href":"https:\/\/officetrading.sn\/index.php\/wp-json\/wp\/v2\/product\/2300","targetHints":{"allow":["GET"]}}],"collection":[{"href":"https:\/\/officetrading.sn\/index.php\/wp-json\/wp\/v2\/product"}],"about":[{"href":"https:\/\/officetrading.sn\/index.php\/wp-json\/wp\/v2\/types\/product"}],"replies":[{"embeddable":true,"href":"https:\/\/officetrading.sn\/index.php\/wp-json\/wp\/v2\/comments?post=2300"}],"wp:featuredmedia":[{"embeddable":true,"href":"https:\/\/officetrading.sn\/index.php\/wp-json\/wp\/v2\/media\/4423"}],"wp:attachment":[{"href":"https:\/\/officetrading.sn\/index.php\/wp-json\/wp\/v2\/media?parent=2300"}],"wp:term":[{"taxonomy":"product_brand","embeddable":true,"href":"https:\/\/officetrading.sn\/index.php\/wp-json\/wp\/v2\/product_brand?post=2300"},{"taxonomy":"product_cat","embeddable":true,"href":"https:\/\/officetrading.sn\/index.php\/wp-json\/wp\/v2\/product_cat?post=2300"},{"taxonomy":"product_tag","embeddable":true,"href":"https:\/\/officetrading.sn\/index.php\/wp-json\/wp\/v2\/product_tag?post=2300"}],"curies":[{"name":"wp","href":"https:\/\/api.w.org\/{rel}","templated":true}]}}