{"id":2552,"date":"2026-02-04T09:44:57","date_gmt":"2026-02-04T09:44:57","guid":{"rendered":"http:\/\/barberry:8888\/?post_type=product&#038;p=2552"},"modified":"2026-02-11T16:29:41","modified_gmt":"2026-02-11T16:29:41","slug":"spot-table-lamp","status":"publish","type":"product","link":"https:\/\/officetrading.sn\/index.php\/product\/spot-table-lamp\/","title":{"rendered":"Fauteil Bureau Ergonomique &#8211; Maille respirante \u00e0 haute t\u00e9nacit\u00e9  &#8211; Noir"},"content":{"rendered":"<p>Description:<\/p>\n<p>Fauteuil de bureau ergonomique<\/p>\n<p>Structure : Cadre en polym\u00e8re renforc\u00e9<\/p>\n<p>Rev\u00eatement du dossier : Maille respirante haute t\u00e9nacit\u00e9<\/p>\n<p>Rev\u00eatement de l\u2019assise : Tissu technique rembourr\u00e9 avec mousse haute densit\u00e9<\/p>\n<p>Dossier<br \/>\nDossier haut ergonomique<\/p>\n<p>Soutien lombaire int\u00e9gr\u00e9 avec<br \/>\nInclinaison r\u00e9glable<\/p>\n<p>Appui-t\u00eate<br \/>\nAppui-t\u00eate rembourr\u00e9 en maille<\/p>\n<p>R\u00e9glable en hauteur<\/p>\n<p>R\u00e9glable en inclinaison pour un soutien optimal des cervicales<\/p>\n<p>Assise<br \/>\nAssise large et ergonomique<\/p>\n<p>R\u00e9glage en hauteur par v\u00e9rin \u00e0 gaz<\/p>\n<p>Mousse inject\u00e9e pour un confort durable<\/p>\n<p>Accoudoirs<br \/>\nAccoudoirs r\u00e9glables en hauteur<\/p>\n<p>Surface d\u2019appui en polyur\u00e9thane souple<\/p>\n<p>Structure robuste en polym\u00e8re technique<\/p>\n<p>M\u00e9canisme<br \/>\nM\u00e9canisme basculant synchronis\u00e9<\/p>\n<p>R\u00e9glage de la tension d\u2019inclinaison<\/p>\n<p>Excellente stabilit\u00e9 et r\u00e9sistance<\/p>\n<p>Couleur<br \/>\nNoir<\/p>\n","protected":false},"excerpt":{"rendered":"<p>Fauteuil de bureau ergonomique<\/p>\n<p>Structure : Cadre en polym\u00e8re renforc\u00e9<\/p>\n<p>Rev\u00eatement du dossier : Maille respirante haute t\u00e9nacit\u00e9<\/p>\n<p>Rev\u00eatement de l\u2019assise : Tissu technique rembourr\u00e9 avec mousse haute densit\u00e9<\/p>\n","protected":false},"featured_media":4075,"comment_status":"open","ping_status":"closed","template":"","meta":[],"product_brand":[],"product_cat":[146,203],"product_tag":[199,201,200],"class_list":{"0":"post-2552","1":"product","2":"type-product","3":"status-publish","4":"has-post-thumbnail","6":"product_cat-bureaux","7":"product_cat-fauteuil-bureau","8":"product_tag-fauteuil-bureau","9":"product_tag-fauteuil-bureau-dakar","10":"product_tag-office-trading","12":"first","13":"instock","14":"featured","15":"shipping-taxable","16":"purchasable","17":"product-type-simple"},"acf":[],"_links":{"self":[{"href":"https:\/\/officetrading.sn\/index.php\/wp-json\/wp\/v2\/product\/2552","targetHints":{"allow":["GET"]}}],"collection":[{"href":"https:\/\/officetrading.sn\/index.php\/wp-json\/wp\/v2\/product"}],"about":[{"href":"https:\/\/officetrading.sn\/index.php\/wp-json\/wp\/v2\/types\/product"}],"replies":[{"embeddable":true,"href":"https:\/\/officetrading.sn\/index.php\/wp-json\/wp\/v2\/comments?post=2552"}],"wp:featuredmedia":[{"embeddable":true,"href":"https:\/\/officetrading.sn\/index.php\/wp-json\/wp\/v2\/media\/4075"}],"wp:attachment":[{"href":"https:\/\/officetrading.sn\/index.php\/wp-json\/wp\/v2\/media?parent=2552"}],"wp:term":[{"taxonomy":"product_brand","embeddable":true,"href":"https:\/\/officetrading.sn\/index.php\/wp-json\/wp\/v2\/product_brand?post=2552"},{"taxonomy":"product_cat","embeddable":true,"href":"https:\/\/officetrading.sn\/index.php\/wp-json\/wp\/v2\/product_cat?post=2552"},{"taxonomy":"product_tag","embeddable":true,"href":"https:\/\/officetrading.sn\/index.php\/wp-json\/wp\/v2\/product_tag?post=2552"}],"curies":[{"name":"wp","href":"https:\/\/api.w.org\/{rel}","templated":true}]}}