{"id":2560,"date":"2026-02-05T14:23:58","date_gmt":"2026-02-05T14:23:58","guid":{"rendered":"http:\/\/barberry:8888\/?post_type=product&#038;p=2560"},"modified":"2026-02-25T23:50:46","modified_gmt":"2026-02-25T23:50:46","slug":"fauteuil-visiteur-avec-chassis-en-tube-dacier-cintre-similicuir-noir","status":"publish","type":"product","link":"https:\/\/officetrading.sn\/index.php\/product\/fauteuil-visiteur-avec-chassis-en-tube-dacier-cintre-similicuir-noir\/","title":{"rendered":"Fauteuil Visiteur avec Chassis en Tube d&rsquo;acier cintr\u00e9 &#8211; similicuir noir"},"content":{"rendered":"<p>Description:<\/p>\n<p>Fauteuil visiteur<\/p>\n<p>Structure : Ch\u00e2ssis en tube d\u2019acier cintr\u00e9<\/p>\n<p>Finition de la structure : Chrom\u00e9e, r\u00e9sistante \u00e0 la corrosion<\/p>\n<p>Rev\u00eatement : Similicuir noir<\/p>\n<p>Rembourrage : Mousse haute densit\u00e9 pour un confort d\u2019assise prolong\u00e9<\/p>\n<p>Dossier : Dossier moyen \u00e0 haut<\/p>\n<p>Ergonomique avec l\u00e9g\u00e8re courbure lombaire<\/p>\n<p>Assise : Large et \u00e9paisse<\/p>\n<p>Bord avant arrondi pour r\u00e9duire la pression sous les cuisses<\/p>\n<p>Accoudoirs : Fixes<\/p>\n<p>Structure m\u00e9tallique avec manchettes en polyur\u00e9thane noir<\/p>\n<p>Pi\u00e8tement : Pi\u00e9tement luge<\/p>\n<p>Patins de protection antid\u00e9rapants pour sols durs<\/p>\n<p>Couleur : Noir<\/p>\n<p>Utilisation : Salle d\u2019attente, Salle de r\u00e9union<\/p>\n<p>Bureau visiteurs<\/p>\n<p>Espace de r\u00e9ception<\/p>\n","protected":false},"excerpt":{"rendered":"<p>Fauteuil visiteur<\/p>\n<p>Structure : Ch\u00e2ssis en tube d\u2019acier cintr\u00e9<\/p>\n<p>Finition de la structure : Chrom\u00e9e, r\u00e9sistante \u00e0 la corrosion<\/p>\n<p>Rev\u00eatement : Similicuir noir<\/p>\n<p>Rembourrage : Mousse haute densit\u00e9 pour un confort d\u2019assise prolong\u00e9<\/p>\n","protected":false},"featured_media":4071,"comment_status":"open","ping_status":"closed","template":"","meta":[],"product_brand":[],"product_cat":[146,247],"product_tag":[250,199,201,202,200],"class_list":{"0":"post-2560","1":"product","2":"type-product","3":"status-publish","4":"has-post-thumbnail","6":"product_cat-bureaux","7":"product_cat-chaises-visiteurs","8":"product_tag-chaise-visiteur","9":"product_tag-fauteuil-bureau","10":"product_tag-fauteuil-bureau-dakar","11":"product_tag-livraison-fauteuil-bureau","12":"product_tag-office-trading","14":"first","15":"instock","16":"sale","17":"featured","18":"shipping-taxable","19":"purchasable","20":"product-type-simple"},"acf":[],"_links":{"self":[{"href":"https:\/\/officetrading.sn\/index.php\/wp-json\/wp\/v2\/product\/2560","targetHints":{"allow":["GET"]}}],"collection":[{"href":"https:\/\/officetrading.sn\/index.php\/wp-json\/wp\/v2\/product"}],"about":[{"href":"https:\/\/officetrading.sn\/index.php\/wp-json\/wp\/v2\/types\/product"}],"replies":[{"embeddable":true,"href":"https:\/\/officetrading.sn\/index.php\/wp-json\/wp\/v2\/comments?post=2560"}],"wp:featuredmedia":[{"embeddable":true,"href":"https:\/\/officetrading.sn\/index.php\/wp-json\/wp\/v2\/media\/4071"}],"wp:attachment":[{"href":"https:\/\/officetrading.sn\/index.php\/wp-json\/wp\/v2\/media?parent=2560"}],"wp:term":[{"taxonomy":"product_brand","embeddable":true,"href":"https:\/\/officetrading.sn\/index.php\/wp-json\/wp\/v2\/product_brand?post=2560"},{"taxonomy":"product_cat","embeddable":true,"href":"https:\/\/officetrading.sn\/index.php\/wp-json\/wp\/v2\/product_cat?post=2560"},{"taxonomy":"product_tag","embeddable":true,"href":"https:\/\/officetrading.sn\/index.php\/wp-json\/wp\/v2\/product_tag?post=2560"}],"curies":[{"name":"wp","href":"https:\/\/api.w.org\/{rel}","templated":true}]}}