{"id":4172,"date":"2026-02-25T17:25:10","date_gmt":"2026-02-25T17:25:10","guid":{"rendered":"https:\/\/officetrading.sn\/?post_type=product&#038;p=4172"},"modified":"2026-02-25T17:25:10","modified_gmt":"2026-02-25T17:25:10","slug":"tv-astech-43-smart-google-tv","status":"publish","type":"product","link":"https:\/\/officetrading.sn\/index.php\/product\/tv-astech-43-smart-google-tv\/","title":{"rendered":"TV ASTECH 43&Prime; SMART GOOGLE TV"},"content":{"rendered":"<div class=\"woocommerce-tabs wc-tabs-wrapper\">\n<div id=\"tab-description\" class=\"woocommerce-Tabs-panel woocommerce-Tabs-panel--description panel entry-content wc-tab\" role=\"tabpanel\" aria-labelledby=\"tab-title-description\">\n<h3><span style=\"text-decoration: underline;\"><strong>Description<\/strong><\/span><\/h3>\n<p>Google TV Astech 43 pouces<\/p>\n<p>Syst\u00e8me Google TV<\/p>\n<p>Mod\u00e8le : GOAST43<\/p>\n<p>R\u00e9solution d\u2019\u00e9cran : full HD<\/p>\n<p>Syst\u00e8me Google TV avec deux t\u00e9l\u00e9commandes,2 ports HDMI ,2port USB( 2.0 et 3.0 ),un port RGI45 ,Bluetooth , Netflix, YouTube, Dolby, Prime Vid\u00e9o, Chrome cast<\/p>\n<p>Version 14 Android<\/p>\n<p>Mise \u00e0 jour automatique<\/p>\n<p>Stockage: 16GB<\/p>\n<p>Dimensions: 56cm<\/p>\n<\/div>\n<\/div>\n","protected":false},"excerpt":{"rendered":"<h3><span style=\"text-decoration: underline;\"><strong>Description<\/strong><\/span><\/h3>\n<p>Google TV Astech 43 pouces<\/p>\n<p>Syst\u00e8me Google TV<\/p>\n<p>Mod\u00e8le : GOAST43<\/p>\n<p>R\u00e9solution d\u2019\u00e9cran : full HD<\/p>\n<p>Syst\u00e8me Google TV avec deux t\u00e9l\u00e9commandes,2 ports HDMI ,2port USB( 2.0 et 3.0 ),un port RGI45 ,Bluetooth , Netflix, YouTube, Dolby, Prime Vid\u00e9o, Chrome cast<\/p>\n<p>Version 14 Android<\/p>\n<p>Mise \u00e0 jour automatique<\/p>\n<p>Stockage: 16GB<\/p>\n<p>Dimensions: 56cm<\/p>\n","protected":false},"featured_media":4173,"comment_status":"open","ping_status":"closed","template":"","meta":[],"product_brand":[240],"product_cat":[155,184],"product_tag":[243,200],"class_list":{"0":"post-4172","1":"product","2":"type-product","3":"status-publish","4":"has-post-thumbnail","6":"product_brand-astech","7":"product_cat-electromenager","8":"product_cat-televiseurs","9":"product_tag-astech","10":"product_tag-office-trading","12":"first","13":"instock","14":"shipping-taxable","15":"purchasable","16":"product-type-simple"},"acf":[],"_links":{"self":[{"href":"https:\/\/officetrading.sn\/index.php\/wp-json\/wp\/v2\/product\/4172","targetHints":{"allow":["GET"]}}],"collection":[{"href":"https:\/\/officetrading.sn\/index.php\/wp-json\/wp\/v2\/product"}],"about":[{"href":"https:\/\/officetrading.sn\/index.php\/wp-json\/wp\/v2\/types\/product"}],"replies":[{"embeddable":true,"href":"https:\/\/officetrading.sn\/index.php\/wp-json\/wp\/v2\/comments?post=4172"}],"wp:featuredmedia":[{"embeddable":true,"href":"https:\/\/officetrading.sn\/index.php\/wp-json\/wp\/v2\/media\/4173"}],"wp:attachment":[{"href":"https:\/\/officetrading.sn\/index.php\/wp-json\/wp\/v2\/media?parent=4172"}],"wp:term":[{"taxonomy":"product_brand","embeddable":true,"href":"https:\/\/officetrading.sn\/index.php\/wp-json\/wp\/v2\/product_brand?post=4172"},{"taxonomy":"product_cat","embeddable":true,"href":"https:\/\/officetrading.sn\/index.php\/wp-json\/wp\/v2\/product_cat?post=4172"},{"taxonomy":"product_tag","embeddable":true,"href":"https:\/\/officetrading.sn\/index.php\/wp-json\/wp\/v2\/product_tag?post=4172"}],"curies":[{"name":"wp","href":"https:\/\/api.w.org\/{rel}","templated":true}]}}