{"id":4174,"date":"2026-02-25T18:42:44","date_gmt":"2026-02-25T18:42:44","guid":{"rendered":"https:\/\/officetrading.sn\/?post_type=product&#038;p=4174"},"modified":"2026-02-25T18:42:44","modified_gmt":"2026-02-25T18:42:44","slug":"fauteuil-direction-noire","status":"publish","type":"product","link":"https:\/\/officetrading.sn\/index.php\/product\/fauteuil-direction-noire\/","title":{"rendered":"Fauteuil Direction &#8211; Noire"},"content":{"rendered":"<h3 title=\"Chaise de bureau de direction ergonomique pivotante de haute qualit\u00e9 au design moderne avec dossier haut en cuir synth\u00e9tique, base en aluminium chrom\u00e9, 3 v\u00e9rins \u00e0 gaz\" data-spm-anchor-id=\"a2700.details.0.i107.38bf4de3lHMT4J\"><span style=\"text-decoration: underline;\"><strong>Description<\/strong><\/span><\/h3>\n<p title=\"Chaise de bureau de direction ergonomique pivotante de haute qualit\u00e9 au design moderne avec dossier haut en cuir synth\u00e9tique, base en aluminium chrom\u00e9, 3 v\u00e9rins \u00e0 gaz\" data-spm-anchor-id=\"a2700.details.0.i107.38bf4de3lHMT4J\">Fauteuil de bureau de direction ergonomique pivotante de haute qualit\u00e9 au design moderne avec dossier haut en cuir synth\u00e9tique, base en aluminium chrom\u00e9,\u00a0 v\u00e9rins \u00e0 gaz<\/p>\n<h3 title=\"Chaise de bureau de direction ergonomique pivotante de haute qualit\u00e9 au design moderne avec dossier haut en cuir synth\u00e9tique, base en aluminium chrom\u00e9, 3 v\u00e9rins \u00e0 gaz\" data-spm-anchor-id=\"a2700.details.0.i107.38bf4de3lHMT4J\"><span style=\"text-decoration: underline;\"><strong>Fiche Technique<\/strong><\/span><\/h3>\n<div class=\"id-grid id-grid-cols-[2fr_3fr] id-border-b-[0.5px] id-border-[#ddd]\" data-testid=\"module-attribute-row\">\n<div class=\"id-text-sm id-p-4 id-bg-[#f8f8f8] id-flex id-items-center\" title=\"Mat\u00e9riel\" data-testid=\"module-attribute-name\">\n<div class=\"id-leading-[18px]\" data-attribute-lineclamp=\"true\" data-testid=\"module-attribute-name-text\" data-spm-anchor-id=\"a2700.details.0.i108.38bf4de3lHMT4J\">Mat\u00e9riel\u00a0 Similicuir<\/div>\n<\/div>\n<\/div>\n<div class=\"id-grid id-grid-cols-[2fr_3fr] id-border-b-[0.5px] id-border-[#ddd]\" data-testid=\"module-attribute-row\">\n<div class=\"id-text-sm id-p-4 id-bg-[#f8f8f8] id-flex id-items-center\" title=\"Mod\u00e8le\" data-testid=\"module-attribute-name\">\n<div class=\"id-leading-[18px]\" data-attribute-lineclamp=\"true\" data-testid=\"module-attribute-name-text\">Mod\u00e8le Pr\u00e9sident ex\u00e9cutif<\/div>\n<\/div>\n<\/div>\n<div class=\"id-grid id-grid-cols-[2fr_3fr] id-border-b-[0.5px] id-border-[#ddd]\" data-testid=\"module-attribute-row\">\n<div class=\"id-text-sm id-p-4 id-bg-[#f8f8f8] id-flex id-items-center\" title=\"Dispositif\" data-testid=\"module-attribute-name\">\n<div class=\"id-leading-[18px]\" data-attribute-lineclamp=\"true\" data-testid=\"module-attribute-name-text\">Dispositif : R\u00e9glable (hauteur), Rotation, Confortable, PIVOTANT<\/div>\n<\/div>\n<\/div>\n<div class=\"id-grid id-grid-cols-[2fr_3fr] id-border-b-[0.5px] id-border-[#ddd]\" data-testid=\"module-attribute-row\">\n<div class=\"id-text-sm id-p-4 id-bg-[#f8f8f8] id-flex id-items-center\" title=\"Base\" data-testid=\"module-attribute-name\">\n<div class=\"id-leading-[18px]\" data-attribute-lineclamp=\"true\" data-testid=\"module-attribute-name-text\">Base : base en alliage d&rsquo;aluminium<\/div>\n<\/div>\n<\/div>\n<div class=\"id-grid id-grid-cols-[2fr_3fr] id-border-b-[0.5px] id-border-[#ddd]\" data-testid=\"module-attribute-row\">\n<div class=\"id-text-sm id-p-4 id-bg-[#f8f8f8] id-flex id-items-center\" title=\"Mat\u00e9riel de la monture\" data-testid=\"module-attribute-name\">\n<div class=\"id-leading-[18px]\" data-attribute-lineclamp=\"true\" data-testid=\"module-attribute-name-text\">Mat\u00e9riel de la monture : Aluminium<\/div>\n<\/div>\n<\/div>\n<div class=\"id-grid id-grid-cols-[2fr_3fr] id-border-b-[0.5px] id-border-[#ddd]\" data-testid=\"module-attribute-row\">\n<div class=\"id-text-sm id-p-4 id-bg-[#f8f8f8] id-flex id-items-center\" title=\"M\u00e9canisme de r\u00e9glage\" data-testid=\"module-attribute-name\">\n<div class=\"id-leading-[18px]\" data-attribute-lineclamp=\"true\" data-testid=\"module-attribute-name-text\">M\u00e9canisme de r\u00e9glage : Manuel<\/div>\n<\/div>\n<\/div>\n<div class=\"id-grid id-grid-cols-[2fr_3fr] id-border-b-[0.5px] id-border-[#ddd]\" data-testid=\"module-attribute-row\">\n<div class=\"id-text-sm id-p-4 id-bg-[#f8f8f8] id-flex id-items-center\" title=\"Appui-t\u00eate\" data-testid=\"module-attribute-name\">\n<div class=\"id-leading-[18px]\" data-attribute-lineclamp=\"true\" data-testid=\"module-attribute-name-text\">Appui-t\u00eate : Fixe<\/div>\n<\/div>\n<\/div>\n<div class=\"id-grid id-grid-cols-[2fr_3fr] id-border-b-[0.5px] id-border-[#ddd]\" data-testid=\"module-attribute-row\">\n<div class=\"id-text-sm id-p-4 id-bg-[#f8f8f8] id-flex id-items-center\" title=\"Accoudoir\" data-testid=\"module-attribute-name\">\n<div class=\"id-leading-[18px]\" data-attribute-lineclamp=\"true\" data-testid=\"module-attribute-name-text\">Accoudoir : Accoudoirs fixes<\/div>\n<\/div>\n<\/div>\n<div class=\"id-grid id-grid-cols-[2fr_3fr] id-border-b-[0.5px] id-border-[#ddd]\" data-testid=\"module-attribute-row\">\n<div class=\"id-text-sm id-p-4 id-bg-[#f8f8f8] id-flex id-items-center\" title=\"Jambes\" data-testid=\"module-attribute-name\">\n<div class=\"id-leading-[18px]\" data-attribute-lineclamp=\"true\" data-testid=\"module-attribute-name-text\">Jambes : M\u00e9tal<\/div>\n<\/div>\n<\/div>\n<div class=\"id-grid id-grid-cols-[2fr_3fr] id-border-b-[0.5px] id-border-[#ddd]\" data-testid=\"module-attribute-row\">\n<div class=\"id-text-sm id-p-4 id-bg-[#f8f8f8] id-flex id-items-center\" title=\"Type en m\u00e9tal\" data-testid=\"module-attribute-name\">\n<div class=\"id-leading-[18px]\" data-attribute-lineclamp=\"true\" data-testid=\"module-attribute-name-text\">Type en m\u00e9tal : Aluminium<\/div>\n<\/div>\n<\/div>\n<div class=\"id-grid id-grid-cols-[2fr_3fr] id-border-b-[0.5px] id-border-[#ddd]\" data-testid=\"module-attribute-row\">\n<div class=\"id-text-sm id-p-4 id-bg-[#f8f8f8] id-flex id-items-center\" title=\"Style arri\u00e8re\" data-testid=\"module-attribute-name\">\n<div class=\"id-leading-[18px]\" data-attribute-lineclamp=\"true\" data-testid=\"module-attribute-name-text\">Style arri\u00e8re : Dos solide<\/div>\n<\/div>\n<\/div>\n<div class=\"id-grid id-grid-cols-[2fr_3fr] id-border-b-[0.5px] id-border-[#ddd]\" data-testid=\"module-attribute-row\">\n<div class=\"id-text-sm id-p-4 id-bg-[#f8f8f8] id-flex id-items-center\" title=\"Inclinaison\" data-testid=\"module-attribute-name\">\n<div class=\"id-leading-[18px]\" data-attribute-lineclamp=\"true\" data-testid=\"module-attribute-name-text\">Inclinaison : NON<\/div>\n<\/div>\n<\/div>\n<div class=\"id-grid id-grid-cols-[2fr_3fr] id-border-b-[0.5px] id-border-[#ddd]\" data-testid=\"module-attribute-row\">\n<div class=\"id-text-sm id-p-4 id-bg-[#f8f8f8] id-flex id-items-center\" title=\"Color\" data-testid=\"module-attribute-name\">\n<div class=\"id-leading-[18px]\" data-attribute-lineclamp=\"true\" data-testid=\"module-attribute-name-text\">Couleur : Noire<\/div>\n<div data-attribute-lineclamp=\"true\" data-testid=\"module-attribute-name-text\">Taille : 65*59*130cm<\/div>\n<\/div>\n<\/div>\n","protected":false},"excerpt":{"rendered":"<h3 title=\"Chaise de bureau de direction ergonomique pivotante de haute qualit\u00e9 au design moderne avec dossier haut en cuir synth\u00e9tique, base en aluminium chrom\u00e9, 3 v\u00e9rins \u00e0 gaz\" data-spm-anchor-id=\"a2700.details.0.i107.38bf4de3lHMT4J\"><span style=\"text-decoration: underline;\"><strong>Description<\/strong><\/span><\/h3>\n<p title=\"Chaise de bureau de direction ergonomique pivotante de haute qualit\u00e9 au design moderne avec dossier haut en cuir synth\u00e9tique, base en aluminium chrom\u00e9, 3 v\u00e9rins \u00e0 gaz\" data-spm-anchor-id=\"a2700.details.0.i107.38bf4de3lHMT4J\">Fauteuil de bureau de direction ergonomique pivotante de haute qualit\u00e9 au design moderne avec dossier haut en cuir synth\u00e9tique, base en aluminium chrom\u00e9,\u00a0 v\u00e9rins \u00e0 gaz<\/p>\n<h3 title=\"Chaise de bureau de direction ergonomique pivotante de haute qualit\u00e9 au design moderne avec dossier haut en cuir synth\u00e9tique, base en aluminium chrom\u00e9, 3 v\u00e9rins \u00e0 gaz\" data-spm-anchor-id=\"a2700.details.0.i107.38bf4de3lHMT4J\"><span style=\"text-decoration: underline;\"><strong>Fiche Technique<\/strong><\/span><\/h3>\n<div class=\"id-grid id-grid-cols-[2fr_3fr] id-border-b-[0.5px] id-border-[#ddd]\" data-testid=\"module-attribute-row\">\n<div class=\"id-text-sm id-p-4 id-bg-[#f8f8f8] id-flex id-items-center\" title=\"Mat\u00e9riel\" data-testid=\"module-attribute-name\">\n<div class=\"id-leading-[18px]\" data-attribute-lineclamp=\"true\" data-testid=\"module-attribute-name-text\" data-spm-anchor-id=\"a2700.details.0.i108.38bf4de3lHMT4J\">Mat\u00e9riel\u00a0 Similicuir<\/div>\n<\/div>\n<\/div>\n<div class=\"id-grid id-grid-cols-[2fr_3fr] id-border-b-[0.5px] id-border-[#ddd]\" data-testid=\"module-attribute-row\">\n<div class=\"id-text-sm id-p-4 id-bg-[#f8f8f8] id-flex id-items-center\" title=\"Mod\u00e8le\" data-testid=\"module-attribute-name\">\n<div class=\"id-leading-[18px]\" data-attribute-lineclamp=\"true\" data-testid=\"module-attribute-name-text\">Mod\u00e8le Pr\u00e9sident ex\u00e9cutif<\/div>\n<\/div>\n<\/div>\n<div class=\"id-grid id-grid-cols-[2fr_3fr] id-border-b-[0.5px] id-border-[#ddd]\" data-testid=\"module-attribute-row\">\n<div class=\"id-text-sm id-p-4 id-bg-[#f8f8f8] id-flex id-items-center\" title=\"Dispositif\" data-testid=\"module-attribute-name\">\n<div class=\"id-leading-[18px]\" data-attribute-lineclamp=\"true\" data-testid=\"module-attribute-name-text\">Dispositif : R\u00e9glable (hauteur), Rotation, Confortable, PIVOTANT<\/div>\n<\/div>\n<\/div>\n<div class=\"id-grid id-grid-cols-[2fr_3fr] id-border-b-[0.5px] id-border-[#ddd]\" data-testid=\"module-attribute-row\">\n<div class=\"id-text-sm id-p-4 id-bg-[#f8f8f8] id-flex id-items-center\" title=\"Base\" data-testid=\"module-attribute-name\">\n<div class=\"id-leading-[18px]\" data-attribute-lineclamp=\"true\" data-testid=\"module-attribute-name-text\">Base : base en alliage d&rsquo;aluminium<\/div>\n<\/div>\n<\/div>\n<div class=\"id-grid id-grid-cols-[2fr_3fr] id-border-b-[0.5px] id-border-[#ddd]\" data-testid=\"module-attribute-row\">\n<div class=\"id-text-sm id-p-4 id-bg-[#f8f8f8] id-flex id-items-center\" title=\"Mat\u00e9riel de la monture\" data-testid=\"module-attribute-name\">\n<div class=\"id-leading-[18px]\" data-attribute-lineclamp=\"true\" data-testid=\"module-attribute-name-text\">Mat\u00e9riel de la monture : Aluminium<\/div>\n<\/div>\n<\/div>\n<div class=\"id-grid id-grid-cols-[2fr_3fr] id-border-b-[0.5px] id-border-[#ddd]\" data-testid=\"module-attribute-row\">\n<div class=\"id-text-sm id-p-4 id-bg-[#f8f8f8] id-flex id-items-center\" title=\"M\u00e9canisme de r\u00e9glage\" data-testid=\"module-attribute-name\">\n<div class=\"id-leading-[18px]\" data-attribute-lineclamp=\"true\" data-testid=\"module-attribute-name-text\">M\u00e9canisme de r\u00e9glage : Manuel<\/div>\n<\/div>\n<\/div>\n<div class=\"id-grid id-grid-cols-[2fr_3fr] id-border-b-[0.5px] id-border-[#ddd]\" data-testid=\"module-attribute-row\">\n<div class=\"id-text-sm id-p-4 id-bg-[#f8f8f8] id-flex id-items-center\" title=\"Appui-t\u00eate\" data-testid=\"module-attribute-name\">\n<div class=\"id-leading-[18px]\" data-attribute-lineclamp=\"true\" data-testid=\"module-attribute-name-text\">Appui-t\u00eate : Fixe<\/div>\n<\/div>\n<\/div>\n<div class=\"id-grid id-grid-cols-[2fr_3fr] id-border-b-[0.5px] id-border-[#ddd]\" data-testid=\"module-attribute-row\">\n<div class=\"id-text-sm id-p-4 id-bg-[#f8f8f8] id-flex id-items-center\" title=\"Accoudoir\" data-testid=\"module-attribute-name\">\n<div class=\"id-leading-[18px]\" data-attribute-lineclamp=\"true\" data-testid=\"module-attribute-name-text\">Accoudoir : Accoudoirs fixes<\/div>\n<\/div>\n<\/div>\n<div class=\"id-grid id-grid-cols-[2fr_3fr] id-border-b-[0.5px] id-border-[#ddd]\" data-testid=\"module-attribute-row\">\n<div class=\"id-text-sm id-p-4 id-bg-[#f8f8f8] id-flex id-items-center\" title=\"Jambes\" data-testid=\"module-attribute-name\">\n<div class=\"id-leading-[18px]\" data-attribute-lineclamp=\"true\" data-testid=\"module-attribute-name-text\">Jambes : M\u00e9tal<\/div>\n<\/div>\n<\/div>\n<div class=\"id-grid id-grid-cols-[2fr_3fr] id-border-b-[0.5px] id-border-[#ddd]\" data-testid=\"module-attribute-row\">\n<div class=\"id-text-sm id-p-4 id-bg-[#f8f8f8] id-flex id-items-center\" title=\"Type en m\u00e9tal\" data-testid=\"module-attribute-name\">\n<div class=\"id-leading-[18px]\" data-attribute-lineclamp=\"true\" data-testid=\"module-attribute-name-text\">Type en m\u00e9tal : Aluminium<\/div>\n<\/div>\n<\/div>\n<div class=\"id-grid id-grid-cols-[2fr_3fr] id-border-b-[0.5px] id-border-[#ddd]\" data-testid=\"module-attribute-row\">\n<div class=\"id-text-sm id-p-4 id-bg-[#f8f8f8] id-flex id-items-center\" title=\"Style arri\u00e8re\" data-testid=\"module-attribute-name\">\n<div class=\"id-leading-[18px]\" data-attribute-lineclamp=\"true\" data-testid=\"module-attribute-name-text\">Style arri\u00e8re : Dos solide<\/div>\n<\/div>\n<\/div>\n<div class=\"id-grid id-grid-cols-[2fr_3fr] id-border-b-[0.5px] id-border-[#ddd]\" data-testid=\"module-attribute-row\">\n<div class=\"id-text-sm id-p-4 id-bg-[#f8f8f8] id-flex id-items-center\" title=\"Inclinaison\" data-testid=\"module-attribute-name\">\n<div class=\"id-leading-[18px]\" data-attribute-lineclamp=\"true\" data-testid=\"module-attribute-name-text\">Inclinaison : NON<\/div>\n<\/div>\n<\/div>\n<div class=\"id-grid id-grid-cols-[2fr_3fr] id-border-b-[0.5px] id-border-[#ddd]\" data-testid=\"module-attribute-row\">\n<div class=\"id-text-sm id-p-4 id-bg-[#f8f8f8] id-flex id-items-center\" title=\"Color\" data-testid=\"module-attribute-name\">\n<div class=\"id-leading-[18px]\" data-attribute-lineclamp=\"true\" data-testid=\"module-attribute-name-text\">Couleur : Noire<\/div>\n<div data-attribute-lineclamp=\"true\" data-testid=\"module-attribute-name-text\">Taille : 65*59*130cm<\/div>\n<\/div>\n<\/div>\n","protected":false},"featured_media":4175,"comment_status":"open","ping_status":"closed","template":"","meta":[],"product_brand":[],"product_cat":[146,203],"product_tag":[199,220,200],"class_list":{"0":"post-4174","1":"product","2":"type-product","3":"status-publish","4":"has-post-thumbnail","6":"product_cat-bureaux","7":"product_cat-fauteuil-bureau","8":"product_tag-fauteuil-bureau","9":"product_tag-fauteuil-de-direction","10":"product_tag-office-trading","12":"first","13":"instock","14":"shipping-taxable","15":"purchasable","16":"product-type-simple"},"acf":[],"_links":{"self":[{"href":"https:\/\/officetrading.sn\/index.php\/wp-json\/wp\/v2\/product\/4174","targetHints":{"allow":["GET"]}}],"collection":[{"href":"https:\/\/officetrading.sn\/index.php\/wp-json\/wp\/v2\/product"}],"about":[{"href":"https:\/\/officetrading.sn\/index.php\/wp-json\/wp\/v2\/types\/product"}],"replies":[{"embeddable":true,"href":"https:\/\/officetrading.sn\/index.php\/wp-json\/wp\/v2\/comments?post=4174"}],"wp:featuredmedia":[{"embeddable":true,"href":"https:\/\/officetrading.sn\/index.php\/wp-json\/wp\/v2\/media\/4175"}],"wp:attachment":[{"href":"https:\/\/officetrading.sn\/index.php\/wp-json\/wp\/v2\/media?parent=4174"}],"wp:term":[{"taxonomy":"product_brand","embeddable":true,"href":"https:\/\/officetrading.sn\/index.php\/wp-json\/wp\/v2\/product_brand?post=4174"},{"taxonomy":"product_cat","embeddable":true,"href":"https:\/\/officetrading.sn\/index.php\/wp-json\/wp\/v2\/product_cat?post=4174"},{"taxonomy":"product_tag","embeddable":true,"href":"https:\/\/officetrading.sn\/index.php\/wp-json\/wp\/v2\/product_tag?post=4174"}],"curies":[{"name":"wp","href":"https:\/\/api.w.org\/{rel}","templated":true}]}}