{"id":4178,"date":"2026-02-25T21:09:06","date_gmt":"2026-02-25T21:09:06","guid":{"rendered":"https:\/\/officetrading.sn\/?post_type=product&#038;p=4178"},"modified":"2026-02-25T21:09:06","modified_gmt":"2026-02-25T21:09:06","slug":"fauteuil-direction-type-ministre","status":"publish","type":"product","link":"https:\/\/officetrading.sn\/index.php\/product\/fauteuil-direction-type-ministre\/","title":{"rendered":"Fauteuil Direction &#8211; Type Ministre"},"content":{"rendered":"<h3 title=\"Chaise de bureau ex\u00e9cutive moderne et minimaliste, confortable, avec dossier et assise en cuir synth\u00e9tique et bois, pour femme, id\u00e9ale pour les pr\u00e9sentatrices en direct.\" data-spm-anchor-id=\"a2700.details.0.i112.7fc13d5cb1pcEc\"><span style=\"text-decoration: underline;\"><strong>Description<\/strong><\/span><\/h3>\n<p title=\"Chaise de bureau ex\u00e9cutive moderne et minimaliste, confortable, avec dossier et assise en cuir synth\u00e9tique et bois, pour femme, id\u00e9ale pour les pr\u00e9sentatrices en direct.\" data-spm-anchor-id=\"a2700.details.0.i112.7fc13d5cb1pcEc\">Fauteuil de Bureau de Direction moderne et minimaliste, confortable, avec dossier haut et assise en cuir synth\u00e9tique, id\u00e9ale pour les bureaux ex\u00e9cutives.<\/p>\n<h4 title=\"Chaise de bureau ex\u00e9cutive moderne et minimaliste, confortable, avec dossier et assise en cuir synth\u00e9tique et bois, pour femme, id\u00e9ale pour les pr\u00e9sentatrices en direct.\" data-spm-anchor-id=\"a2700.details.0.i112.7fc13d5cb1pcEc\"><strong><span style=\"text-decoration: underline;\">Fiche Technique<\/span><\/strong><\/h4>\n<div class=\"id-grid id-grid-cols-[2fr_3fr] id-border-b-[0.5px] id-border-[#ddd]\" data-testid=\"module-attribute-row\">\n<ul>\n<li class=\"id-text-sm id-p-4 id-bg-[#f8f8f8] id-flex id-items-center\" title=\"Mat\u00e9riel\" data-testid=\"module-attribute-name\" data-spm-anchor-id=\"a2700.details.0.i113.7fc13d5cb1pcEc\">Mat\u00e9riel : Similicuir<\/li>\n<li class=\"id-text-sm id-p-4 id-bg-[#f8f8f8] id-flex id-items-center\" title=\"Mat\u00e9riel\" data-testid=\"module-attribute-name\" data-spm-anchor-id=\"a2700.details.0.i113.7fc13d5cb1pcEc\">Mod\u00e8le : Fauteuil Direction<\/li>\n<\/ul>\n<\/div>\n<div class=\"id-grid id-grid-cols-[2fr_3fr] id-border-b-[0.5px] id-border-[#ddd]\" data-testid=\"module-attribute-row\">\n<div class=\"id-text-sm id-p-4 id-bg-[#f8f8f8] id-flex id-items-center\" title=\"Dispositif\" data-testid=\"module-attribute-name\">\n<ul>\n<li class=\"id-leading-[18px]\" data-attribute-lineclamp=\"true\" data-testid=\"module-attribute-name-text\">Dispositif : R\u00e9glable (hauteur), Rotation, Ergonomique, PIVOTANT, Confortable<\/li>\n<\/ul>\n<\/div>\n<\/div>\n<div class=\"id-grid id-grid-cols-[2fr_3fr] id-border-b-[0.5px] id-border-[#ddd]\" data-testid=\"module-attribute-row\">\n<div class=\"id-text-sm id-p-4 id-bg-[#f8f8f8] id-flex id-items-center\" title=\"Base\" data-testid=\"module-attribute-name\">\n<ul>\n<li class=\"id-leading-[18px]\" data-attribute-lineclamp=\"true\" data-testid=\"module-attribute-name-text\">Base : Base en m\u00e9tal<\/li>\n<\/ul>\n<\/div>\n<\/div>\n<div class=\"id-grid id-grid-cols-[2fr_3fr] id-border-b-[0.5px] id-border-[#ddd]\" data-testid=\"module-attribute-row\">\n<div class=\"id-text-sm id-p-4 id-bg-[#f8f8f8] id-flex id-items-center\" title=\"M\u00e9canisme de r\u00e9glage\" data-testid=\"module-attribute-name\">\n<ul>\n<li class=\"id-leading-[18px]\" data-attribute-lineclamp=\"true\" data-testid=\"module-attribute-name-text\">M\u00e9canisme de r\u00e9glage : Manuel<\/li>\n<\/ul>\n<\/div>\n<\/div>\n<div class=\"id-grid id-grid-cols-[2fr_3fr] id-border-b-[0.5px] id-border-[#ddd]\" data-testid=\"module-attribute-row\">\n<div class=\"id-text-sm id-p-4 id-bg-[#f8f8f8] id-flex id-items-center\" title=\"Appui-t\u00eate\" data-testid=\"module-attribute-name\">\n<ul>\n<li class=\"id-leading-[18px]\" data-attribute-lineclamp=\"true\" data-testid=\"module-attribute-name-text\">Appui-t\u00eate : Oui &#8211; Fixe<\/li>\n<\/ul>\n<\/div>\n<\/div>\n<div class=\"id-grid id-grid-cols-[2fr_3fr] id-border-b-[0.5px] id-border-[#ddd]\" data-testid=\"module-attribute-row\">\n<div class=\"id-text-sm id-p-4 id-bg-[#f8f8f8] id-flex id-items-center\" title=\"Accoudoir\" data-testid=\"module-attribute-name\">\n<ul>\n<li class=\"id-leading-[18px]\" data-attribute-lineclamp=\"true\" data-testid=\"module-attribute-name-text\">Accoudoir : Oui<\/li>\n<\/ul>\n<\/div>\n<\/div>\n<div class=\"id-grid id-grid-cols-[2fr_3fr] id-border-b-[0.5px] id-border-[#ddd]\" data-testid=\"module-attribute-row\">\n<div class=\"id-text-sm id-p-4 id-bg-[#f8f8f8] id-flex id-items-center\" title=\"Style de conception\" data-testid=\"module-attribute-name\">\n<ul>\n<li class=\"id-leading-[18px]\" data-attribute-lineclamp=\"true\" data-testid=\"module-attribute-name-text\">Style de conception : Moderne<\/li>\n<\/ul>\n<\/div>\n<\/div>\n<div class=\"id-grid id-grid-cols-[2fr_3fr] id-border-b-[0.5px] id-border-[#ddd]\" data-testid=\"module-attribute-row\">\n<div class=\"id-text-sm id-p-4 id-bg-[#f8f8f8] id-flex id-items-center\" title=\"Jambes\" data-testid=\"module-attribute-name\">\n<ul>\n<li class=\"id-leading-[18px]\" data-attribute-lineclamp=\"true\" data-testid=\"module-attribute-name-text\">Jambes : Pieds en m\u00e9tal<\/li>\n<\/ul>\n<\/div>\n<\/div>\n<div class=\"id-grid id-grid-cols-[2fr_3fr] id-border-b-[0.5px] id-border-[#ddd]\" data-testid=\"module-attribute-row\">\n<div class=\"id-text-sm id-p-4 id-bg-[#f8f8f8] id-flex id-items-center\" title=\"Type en m\u00e9tal\" data-testid=\"module-attribute-name\">\n<ul>\n<li class=\"id-leading-[18px]\" data-attribute-lineclamp=\"true\" data-testid=\"module-attribute-name-text\">Type en m\u00e9tal : Aluminium<\/li>\n<\/ul>\n<\/div>\n<\/div>\n<div class=\"id-grid id-grid-cols-[2fr_3fr] id-border-b-[0.5px] id-border-[#ddd]\" data-testid=\"module-attribute-row\">\n<div class=\"id-text-sm id-p-4 id-bg-[#f8f8f8] id-flex id-items-center\" title=\"Style arri\u00e8re\" data-testid=\"module-attribute-name\">\n<ul>\n<li class=\"id-leading-[18px]\" data-attribute-lineclamp=\"true\" data-testid=\"module-attribute-name-text\">Style arri\u00e8re : Dos solide<\/li>\n<\/ul>\n<\/div>\n<\/div>\n<div class=\"id-grid id-grid-cols-[2fr_3fr] id-border-b-[0.5px] id-border-[#ddd]\" data-testid=\"module-attribute-row\">\n<div class=\"id-text-sm id-p-4 id-bg-[#f8f8f8] id-flex id-items-center\" title=\"Inclinaison\" data-testid=\"module-attribute-name\">\n<ul>\n<li class=\"id-leading-[18px]\" data-attribute-lineclamp=\"true\" data-testid=\"module-attribute-name-text\">Inclinaison : OUI<\/li>\n<\/ul>\n<\/div>\n<\/div>\n<div class=\"id-grid id-grid-cols-[2fr_3fr] id-border-b-[0.5px] id-border-[#ddd]\" data-testid=\"module-attribute-row\">\n<div class=\"id-text-sm id-p-4 id-bg-[#f8f8f8] id-flex id-items-center\" title=\"Fonction\" data-testid=\"module-attribute-name\">\n<ul>\n<li class=\"id-leading-[18px]\" data-attribute-lineclamp=\"true\" data-testid=\"module-attribute-name-text\">Fonction : Rotation \u00e0 360\u00b0 \/ R\u00e9glage de la hauteur \/ Inclinable<\/li>\n<\/ul>\n<\/div>\n<\/div>\n<div class=\"id-grid id-grid-cols-[2fr_3fr] id-border-b-[0.5px] id-border-[#ddd]\" data-testid=\"module-attribute-row\">\n<div class=\"id-text-sm id-p-4 id-bg-[#f8f8f8] id-flex id-items-center\" title=\"Application\" data-testid=\"module-attribute-name\"><\/div>\n<\/div>\n<div class=\"id-grid id-grid-cols-[2fr_3fr]\" data-testid=\"module-attribute-row\">\n<div class=\"id-text-sm id-p-4 id-bg-[#f8f8f8] id-flex id-items-center\" title=\"Mot-cl\u00e9\" data-testid=\"module-attribute-name\"><\/div>\n<div class=\"id-text-sm id-font-medium id-p-4 id-flex id-items-center id-flex-wrap\" title=\"Fauteuil de bureau de direction en cuir de luxe\" data-testid=\"module-attribute-value\">\n<div class=\"id-flex id-flex-col id-gap-2\" data-testid=\"module-attribute-value-wrapper\">\n<ul>\n<li class=\"id-leading-[18px]\" data-attribute-lineclamp=\"true\" data-testid=\"module-attribute-value-text\">Couleur : Noire &#8211; Marron<\/li>\n<\/ul>\n<\/div>\n<\/div>\n<\/div>\n","protected":false},"excerpt":{"rendered":"<h3 title=\"Chaise de bureau ex\u00e9cutive moderne et minimaliste, confortable, avec dossier et assise en cuir synth\u00e9tique et bois, pour femme, id\u00e9ale pour les pr\u00e9sentatrices en direct.\" data-spm-anchor-id=\"a2700.details.0.i112.7fc13d5cb1pcEc\"><span style=\"text-decoration: underline;\"><strong>Description<\/strong><\/span><\/h3>\n<p title=\"Chaise de bureau ex\u00e9cutive moderne et minimaliste, confortable, avec dossier et assise en cuir synth\u00e9tique et bois, pour femme, id\u00e9ale pour les pr\u00e9sentatrices en direct.\" data-spm-anchor-id=\"a2700.details.0.i112.7fc13d5cb1pcEc\">Fauteuil de Bureau de Direction moderne et minimaliste, confortable, avec dossier haut et assise en cuir synth\u00e9tique, id\u00e9ale pour les bureaux ex\u00e9cutives.<\/p>\n<h4 title=\"Chaise de bureau ex\u00e9cutive moderne et minimaliste, confortable, avec dossier et assise en cuir synth\u00e9tique et bois, pour femme, id\u00e9ale pour les pr\u00e9sentatrices en direct.\" data-spm-anchor-id=\"a2700.details.0.i112.7fc13d5cb1pcEc\"><strong><span style=\"text-decoration: underline;\">Fiche Technique<\/span><\/strong><\/h4>\n<div class=\"id-grid id-grid-cols-[2fr_3fr] id-border-b-[0.5px] id-border-[#ddd]\" data-testid=\"module-attribute-row\">\n<ul>\n<li class=\"id-text-sm id-p-4 id-bg-[#f8f8f8] id-flex id-items-center\" title=\"Mat\u00e9riel\" data-testid=\"module-attribute-name\" data-spm-anchor-id=\"a2700.details.0.i113.7fc13d5cb1pcEc\">Mat\u00e9riel : Similicuir<\/li>\n<li class=\"id-text-sm id-p-4 id-bg-[#f8f8f8] id-flex id-items-center\" title=\"Mat\u00e9riel\" data-testid=\"module-attribute-name\" data-spm-anchor-id=\"a2700.details.0.i113.7fc13d5cb1pcEc\">Mod\u00e8le : Fauteuil Direction<\/li>\n<\/ul>\n<\/div>\n<div class=\"id-text-sm id-p-4 id-bg-[#f8f8f8] id-flex id-items-center\" title=\"Dispositif\" data-testid=\"module-attribute-name\">\n<ul>\n<li class=\"id-leading-[18px]\" data-attribute-lineclamp=\"true\" data-testid=\"module-attribute-name-text\">Dispositif : R\u00e9glable (hauteur), Rotation, Ergonomique, PIVOTANT, Confortable<\/li>\n<\/ul>\n<\/div>\n<div class=\"id-text-sm id-p-4 id-bg-[#f8f8f8] id-flex id-items-center\" title=\"Base\" data-testid=\"module-attribute-name\">\n<ul>\n<li class=\"id-leading-[18px]\" data-attribute-lineclamp=\"true\" data-testid=\"module-attribute-name-text\">Base : Base en m\u00e9tal<\/li>\n<\/ul>\n<\/div>\n<div class=\"id-text-sm id-p-4 id-bg-[#f8f8f8] id-flex id-items-center\" title=\"M\u00e9canisme de r\u00e9glage\" data-testid=\"module-attribute-name\">\n<ul>\n<li class=\"id-leading-[18px]\" data-attribute-lineclamp=\"true\" data-testid=\"module-attribute-name-text\">M\u00e9canisme de r\u00e9glage : Manuel<\/li>\n<\/ul>\n<\/div>\n<div class=\"id-text-sm id-p-4 id-bg-[#f8f8f8] id-flex id-items-center\" title=\"Appui-t\u00eate\" data-testid=\"module-attribute-name\">\n<ul>\n<li class=\"id-leading-[18px]\" data-attribute-lineclamp=\"true\" data-testid=\"module-attribute-name-text\">Appui-t\u00eate : Oui &#8211; Fixe<\/li>\n<\/ul>\n<\/div>\n<div class=\"id-text-sm id-p-4 id-bg-[#f8f8f8] id-flex id-items-center\" title=\"Accoudoir\" data-testid=\"module-attribute-name\">\n<ul>\n<li class=\"id-leading-[18px]\" data-attribute-lineclamp=\"true\" data-testid=\"module-attribute-name-text\">Accoudoir : Oui<\/li>\n<\/ul>\n<\/div>\n<div class=\"id-text-sm id-p-4 id-bg-[#f8f8f8] id-flex id-items-center\" title=\"Style de conception\" data-testid=\"module-attribute-name\">\n<ul>\n<li class=\"id-leading-[18px]\" data-attribute-lineclamp=\"true\" data-testid=\"module-attribute-name-text\">Style de conception : Moderne<\/li>\n<\/ul>\n<\/div>\n<div class=\"id-text-sm id-p-4 id-bg-[#f8f8f8] id-flex id-items-center\" title=\"Jambes\" data-testid=\"module-attribute-name\">\n<ul>\n<li class=\"id-leading-[18px]\" data-attribute-lineclamp=\"true\" data-testid=\"module-attribute-name-text\">Jambes : Pieds en m\u00e9tal<\/li>\n<\/ul>\n<\/div>\n<div class=\"id-text-sm id-p-4 id-bg-[#f8f8f8] id-flex id-items-center\" title=\"Type en m\u00e9tal\" data-testid=\"module-attribute-name\">\n<ul>\n<li class=\"id-leading-[18px]\" data-attribute-lineclamp=\"true\" data-testid=\"module-attribute-name-text\">Type en m\u00e9tal : Aluminium<\/li>\n<\/ul>\n<\/div>\n<div class=\"id-text-sm id-p-4 id-bg-[#f8f8f8] id-flex id-items-center\" title=\"Style arri\u00e8re\" data-testid=\"module-attribute-name\">\n<ul>\n<li class=\"id-leading-[18px]\" data-attribute-lineclamp=\"true\" data-testid=\"module-attribute-name-text\">Style arri\u00e8re : Dos solide<\/li>\n<\/ul>\n<\/div>\n<div class=\"id-text-sm id-p-4 id-bg-[#f8f8f8] id-flex id-items-center\" title=\"Inclinaison\" data-testid=\"module-attribute-name\">\n<ul>\n<li class=\"id-leading-[18px]\" data-attribute-lineclamp=\"true\" data-testid=\"module-attribute-name-text\">Inclinaison : OUI<\/li>\n<\/ul>\n<\/div>\n<div class=\"id-text-sm id-p-4 id-bg-[#f8f8f8] id-flex id-items-center\" title=\"Fonction\" data-testid=\"module-attribute-name\">\n<ul>\n<li class=\"id-leading-[18px]\" data-attribute-lineclamp=\"true\" data-testid=\"module-attribute-name-text\">Fonction : Rotation \u00e0 360\u00b0 \/ R\u00e9glage de la hauteur \/ Inclinable<\/li>\n<\/ul>\n<\/div>\n<div class=\"id-grid id-grid-cols-[2fr_3fr]\" data-testid=\"module-attribute-row\">\n<div class=\"id-text-sm id-font-medium id-p-4 id-flex id-items-center id-flex-wrap\" title=\"Fauteuil de bureau de direction en cuir de luxe\" data-testid=\"module-attribute-value\">\n<div class=\"id-flex id-flex-col id-gap-2\" data-testid=\"module-attribute-value-wrapper\">\n<ul>\n<li class=\"id-leading-[18px]\" data-attribute-lineclamp=\"true\" data-testid=\"module-attribute-value-text\">Couleur : Noire &#8211; Marron<\/li>\n<\/ul>\n<\/div>\n<\/div>\n<\/div>\n","protected":false},"featured_media":4179,"comment_status":"open","ping_status":"closed","template":"","meta":[],"product_brand":[],"product_cat":[146,203],"product_tag":[220,245,246,200],"class_list":{"0":"post-4178","1":"product","2":"type-product","3":"status-publish","4":"has-post-thumbnail","6":"product_cat-bureaux","7":"product_cat-fauteuil-bureau","8":"product_tag-fauteuil-de-direction","9":"product_tag-fauteuil-executive","10":"product_tag-fauteuil-ministre","11":"product_tag-office-trading","13":"first","14":"instock","15":"shipping-taxable","16":"purchasable","17":"product-type-simple"},"acf":[],"_links":{"self":[{"href":"https:\/\/officetrading.sn\/index.php\/wp-json\/wp\/v2\/product\/4178","targetHints":{"allow":["GET"]}}],"collection":[{"href":"https:\/\/officetrading.sn\/index.php\/wp-json\/wp\/v2\/product"}],"about":[{"href":"https:\/\/officetrading.sn\/index.php\/wp-json\/wp\/v2\/types\/product"}],"replies":[{"embeddable":true,"href":"https:\/\/officetrading.sn\/index.php\/wp-json\/wp\/v2\/comments?post=4178"}],"wp:featuredmedia":[{"embeddable":true,"href":"https:\/\/officetrading.sn\/index.php\/wp-json\/wp\/v2\/media\/4179"}],"wp:attachment":[{"href":"https:\/\/officetrading.sn\/index.php\/wp-json\/wp\/v2\/media?parent=4178"}],"wp:term":[{"taxonomy":"product_brand","embeddable":true,"href":"https:\/\/officetrading.sn\/index.php\/wp-json\/wp\/v2\/product_brand?post=4178"},{"taxonomy":"product_cat","embeddable":true,"href":"https:\/\/officetrading.sn\/index.php\/wp-json\/wp\/v2\/product_cat?post=4178"},{"taxonomy":"product_tag","embeddable":true,"href":"https:\/\/officetrading.sn\/index.php\/wp-json\/wp\/v2\/product_tag?post=4178"}],"curies":[{"name":"wp","href":"https:\/\/api.w.org\/{rel}","templated":true}]}}