{"id":4185,"date":"2026-02-25T23:33:39","date_gmt":"2026-02-25T23:33:39","guid":{"rendered":"https:\/\/officetrading.sn\/?post_type=product&#038;p=4185"},"modified":"2026-02-25T23:33:40","modified_gmt":"2026-02-25T23:33:40","slug":"banquette-4-places","status":"publish","type":"product","link":"https:\/\/officetrading.sn\/index.php\/product\/banquette-4-places\/","title":{"rendered":"Banquette 4 Places"},"content":{"rendered":"<h3><span style=\"text-decoration: underline;\"><strong>Description<\/strong><\/span><\/h3>\n<p>Banquette 4 places, mobilier d&rsquo;a\u00e9roport, h\u00f4pital, chaise de rang\u00e9e avec coussin en similicuir<\/p>\n<p>en acier inoxydable rembourr\u00e9e, solide et confortable.<\/p>\n<h3><span style=\"text-decoration: underline;\"><strong>Fiche Technique<\/strong><\/span><\/h3>\n<div class=\"id-grid id-grid-cols-[2fr_3fr] id-border-b-[0.5px] id-border-[#ddd]\" data-testid=\"module-attribute-row\">\n<div class=\"id-text-sm id-p-4 id-bg-[#f8f8f8] id-flex id-items-center\" title=\"Mat\u00e9riel\" data-testid=\"module-attribute-name\" data-spm-anchor-id=\"a2700.details.0.i100.386938c372v7DW\">\n<ul>\n<li class=\"id-leading-[18px]\" data-attribute-lineclamp=\"true\" data-testid=\"module-attribute-name-text\">Mat\u00e9riel : M\u00e9tal<\/li>\n<\/ul>\n<\/div>\n<\/div>\n<div class=\"id-grid id-grid-cols-[2fr_3fr] id-border-b-[0.5px] id-border-[#ddd]\" data-testid=\"module-attribute-row\">\n<div class=\"id-text-sm id-p-4 id-bg-[#f8f8f8] id-flex id-items-center\" title=\"Dispositif\" data-testid=\"module-attribute-name\">\n<ul>\n<li class=\"id-leading-[18px]\" data-attribute-lineclamp=\"true\" data-testid=\"module-attribute-name-text\">Dispositif : Durable, Facile \u00e0 nettoyer, Ergonomique<\/li>\n<\/ul>\n<\/div>\n<\/div>\n<div class=\"id-grid id-grid-cols-[2fr_3fr] id-border-b-[0.5px] id-border-[#ddd]\" data-testid=\"module-attribute-row\">\n<div class=\"id-text-sm id-p-4 id-bg-[#f8f8f8] id-flex id-items-center\" title=\"Application\" data-testid=\"module-attribute-name\">\n<ul>\n<li class=\"id-leading-[18px]\" data-attribute-lineclamp=\"true\" data-testid=\"module-attribute-name-text\">Application : Ext\u00e9rieur, Immeuble de bureaux, H\u00f4pital, \u00c9cole, Parc, a\u00e9roport<\/li>\n<\/ul>\n<\/div>\n<\/div>\n<div class=\"id-grid id-grid-cols-[2fr_3fr] id-border-b-[0.5px] id-border-[#ddd]\" data-testid=\"module-attribute-row\">\n<div class=\"id-text-sm id-p-4 id-bg-[#f8f8f8] id-flex id-items-center\" title=\"Utilisation sp\u00e9cifique\" data-testid=\"module-attribute-name\">\n<ul>\n<li class=\"id-leading-[18px]\" style=\"text-align: justify;\" data-attribute-lineclamp=\"true\" data-testid=\"module-attribute-name-text\">Utilisation sp\u00e9cifique : Chaise d&rsquo;Attente<\/li>\n<\/ul>\n<\/div>\n<\/div>\n<div class=\"id-grid id-grid-cols-[2fr_3fr] id-border-b-[0.5px] id-border-[#ddd]\" data-testid=\"module-attribute-row\">\n<div class=\"id-text-sm id-p-4 id-bg-[#f8f8f8] id-flex id-items-center\" title=\"Mat\u00e9riau du si\u00e8ge\" data-testid=\"module-attribute-name\">\n<ul>\n<li class=\"id-leading-[18px]\" data-attribute-lineclamp=\"true\" data-testid=\"module-attribute-name-text\">Mat\u00e9riau du si\u00e8ge : En similicuir noire<\/li>\n<\/ul>\n<\/div>\n<\/div>\n<div class=\"id-grid id-grid-cols-[2fr_3fr] id-border-b-[0.5px] id-border-[#ddd]\" data-testid=\"module-attribute-row\">\n<div class=\"id-text-sm id-p-4 id-bg-[#f8f8f8] id-flex id-items-center\" title=\"Recommandation de surface\" data-testid=\"module-attribute-name\">\n<ul>\n<li class=\"id-leading-[18px]\" data-attribute-lineclamp=\"true\" data-testid=\"module-attribute-name-text\">Recommandation de surface :\u00a0 Sol dur<\/li>\n<\/ul>\n<\/div>\n<\/div>\n<div class=\"id-grid id-grid-cols-[2fr_3fr]\" data-testid=\"module-attribute-row\">\n<div class=\"id-text-sm id-p-4 id-bg-[#f8f8f8] id-flex id-items-center\" title=\"Assise et dossier\" data-testid=\"module-attribute-name\">\n<ul>\n<li class=\"id-leading-[18px]\" data-attribute-lineclamp=\"true\" data-testid=\"module-attribute-name-text\">Assise et dossier : Acier 1,3 mm + Coussin en PU<\/li>\n<\/ul>\n<\/div>\n<\/div>\n<div class=\"id-grid id-grid-cols-[2fr_3fr]\" data-testid=\"module-attribute-row\">\n<div class=\"id-text-sm id-p-4 id-bg-[#f8f8f8] id-flex id-items-center\" title=\"Garantie\" data-testid=\"module-attribute-name\"><\/div>\n<div class=\"id-text-sm id-font-medium id-p-4 id-flex id-items-center id-flex-wrap\" title=\"10 ans de garantie structurelle\" data-testid=\"module-attribute-value\">\n<div class=\"id-flex id-flex-col id-gap-2\" data-testid=\"module-attribute-value-wrapper\">\n<div class=\"id-leading-[18px]\" data-attribute-lineclamp=\"true\" data-testid=\"module-attribute-value-text\"><\/div>\n<\/div>\n<\/div>\n<\/div>\n","protected":false},"excerpt":{"rendered":"<h3><span style=\"text-decoration: underline;\"><strong>Description<\/strong><\/span><\/h3>\n<p>Banquette 4 places, mobilier d&rsquo;a\u00e9roport, h\u00f4pital, chaise de rang\u00e9e avec coussin en similicuir<\/p>\n<p>en acier inoxydable rembourr\u00e9e, solide et confortable.<\/p>\n<h3><span style=\"text-decoration: underline;\"><strong>Fiche Technique<\/strong><\/span><\/h3>\n<div class=\"id-grid id-grid-cols-[2fr_3fr] id-border-b-[0.5px] id-border-[#ddd]\" data-testid=\"module-attribute-row\">\n<div class=\"id-text-sm id-p-4 id-bg-[#f8f8f8] id-flex id-items-center\" title=\"Mat\u00e9riel\" data-testid=\"module-attribute-name\" data-spm-anchor-id=\"a2700.details.0.i100.386938c372v7DW\">\n<ul>\n<li class=\"id-leading-[18px]\" data-attribute-lineclamp=\"true\" data-testid=\"module-attribute-name-text\">Mat\u00e9riel : M\u00e9tal<\/li>\n<\/ul>\n<\/div>\n<\/div>\n<div class=\"id-grid id-grid-cols-[2fr_3fr] id-border-b-[0.5px] id-border-[#ddd]\" data-testid=\"module-attribute-row\">\n<div class=\"id-text-sm id-p-4 id-bg-[#f8f8f8] id-flex id-items-center\" title=\"Dispositif\" data-testid=\"module-attribute-name\">\n<ul>\n<li class=\"id-leading-[18px]\" data-attribute-lineclamp=\"true\" data-testid=\"module-attribute-name-text\">Dispositif : Durable, Facile \u00e0 nettoyer, Ergonomique<\/li>\n<\/ul>\n<\/div>\n<\/div>\n<div class=\"id-grid id-grid-cols-[2fr_3fr] id-border-b-[0.5px] id-border-[#ddd]\" data-testid=\"module-attribute-row\">\n<div class=\"id-text-sm id-p-4 id-bg-[#f8f8f8] id-flex id-items-center\" title=\"Application\" data-testid=\"module-attribute-name\">\n<ul>\n<li class=\"id-leading-[18px]\" data-attribute-lineclamp=\"true\" data-testid=\"module-attribute-name-text\">Application : Ext\u00e9rieur, Immeuble de bureaux, H\u00f4pital, \u00c9cole, Parc, a\u00e9roport<\/li>\n<\/ul>\n<\/div>\n<\/div>\n<div class=\"id-grid id-grid-cols-[2fr_3fr] id-border-b-[0.5px] id-border-[#ddd]\" data-testid=\"module-attribute-row\">\n<div class=\"id-text-sm id-p-4 id-bg-[#f8f8f8] id-flex id-items-center\" title=\"Utilisation sp\u00e9cifique\" data-testid=\"module-attribute-name\">\n<ul>\n<li class=\"id-leading-[18px]\" style=\"text-align: justify;\" data-attribute-lineclamp=\"true\" data-testid=\"module-attribute-name-text\">Utilisation sp\u00e9cifique : Chaise d&rsquo;Attente<\/li>\n<\/ul>\n<\/div>\n<\/div>\n<div class=\"id-grid id-grid-cols-[2fr_3fr] id-border-b-[0.5px] id-border-[#ddd]\" data-testid=\"module-attribute-row\">\n<div class=\"id-text-sm id-p-4 id-bg-[#f8f8f8] id-flex id-items-center\" title=\"Mat\u00e9riau du si\u00e8ge\" data-testid=\"module-attribute-name\">\n<ul>\n<li class=\"id-leading-[18px]\" data-attribute-lineclamp=\"true\" data-testid=\"module-attribute-name-text\">Mat\u00e9riau du si\u00e8ge : En similicuir noire<\/li>\n<\/ul>\n<\/div>\n<\/div>\n<div class=\"id-grid id-grid-cols-[2fr_3fr] id-border-b-[0.5px] id-border-[#ddd]\" data-testid=\"module-attribute-row\">\n<div class=\"id-text-sm id-p-4 id-bg-[#f8f8f8] id-flex id-items-center\" title=\"Recommandation de surface\" data-testid=\"module-attribute-name\">\n<ul>\n<li class=\"id-leading-[18px]\" data-attribute-lineclamp=\"true\" data-testid=\"module-attribute-name-text\">Recommandation de surface :\u00a0 Sol dur<\/li>\n<\/ul>\n<\/div>\n<\/div>\n<div class=\"id-grid id-grid-cols-[2fr_3fr]\" data-testid=\"module-attribute-row\">\n<div class=\"id-text-sm id-p-4 id-bg-[#f8f8f8] id-flex id-items-center\" title=\"Assise et dossier\" data-testid=\"module-attribute-name\">\n<ul>\n<li class=\"id-leading-[18px]\" data-attribute-lineclamp=\"true\" data-testid=\"module-attribute-name-text\">Assise et dossier : Acier 1,3 mm + Coussin en PU<\/li>\n<\/ul>\n<\/div>\n<\/div>\n<div class=\"id-grid id-grid-cols-[2fr_3fr]\" data-testid=\"module-attribute-row\">\n<div class=\"id-text-sm id-p-4 id-bg-[#f8f8f8] id-flex id-items-center\" title=\"Garantie\" data-testid=\"module-attribute-name\"><\/div>\n<div class=\"id-text-sm id-font-medium id-p-4 id-flex id-items-center id-flex-wrap\" title=\"10 ans de garantie structurelle\" data-testid=\"module-attribute-value\">\n<div class=\"id-flex id-flex-col id-gap-2\" data-testid=\"module-attribute-value-wrapper\">\n<div class=\"id-leading-[18px]\" data-attribute-lineclamp=\"true\" data-testid=\"module-attribute-value-text\"><\/div>\n<\/div>\n<\/div>\n<\/div>\n<div class=\"id-grid id-grid-cols-[2fr_3fr]\" data-testid=\"module-attribute-row\">\n<div class=\"id-text-sm id-font-medium id-p-4 id-flex id-items-center id-flex-wrap\" title=\"10 ans de garantie structurelle\" data-testid=\"module-attribute-value\">\n<div class=\"id-flex id-flex-col id-gap-2\" data-testid=\"module-attribute-value-wrapper\">\n<div class=\"id-leading-[18px]\" data-attribute-lineclamp=\"true\" data-testid=\"module-attribute-value-text\"><\/div>\n<\/div>\n<\/div>\n<\/div>\n","protected":false},"featured_media":4186,"comment_status":"open","ping_status":"closed","template":"","meta":[],"product_brand":[],"product_cat":[146,247],"product_tag":[249,222,248,200],"class_list":{"0":"post-4185","1":"product","2":"type-product","3":"status-publish","4":"has-post-thumbnail","6":"product_cat-bureaux","7":"product_cat-chaises-visiteurs","8":"product_tag-banc-dattente","9":"product_tag-banquette-de-bureau","10":"product_tag-chaise-dattente","11":"product_tag-office-trading","13":"first","14":"instock","15":"shipping-taxable","16":"purchasable","17":"product-type-simple"},"acf":[],"_links":{"self":[{"href":"https:\/\/officetrading.sn\/index.php\/wp-json\/wp\/v2\/product\/4185","targetHints":{"allow":["GET"]}}],"collection":[{"href":"https:\/\/officetrading.sn\/index.php\/wp-json\/wp\/v2\/product"}],"about":[{"href":"https:\/\/officetrading.sn\/index.php\/wp-json\/wp\/v2\/types\/product"}],"replies":[{"embeddable":true,"href":"https:\/\/officetrading.sn\/index.php\/wp-json\/wp\/v2\/comments?post=4185"}],"wp:featuredmedia":[{"embeddable":true,"href":"https:\/\/officetrading.sn\/index.php\/wp-json\/wp\/v2\/media\/4186"}],"wp:attachment":[{"href":"https:\/\/officetrading.sn\/index.php\/wp-json\/wp\/v2\/media?parent=4185"}],"wp:term":[{"taxonomy":"product_brand","embeddable":true,"href":"https:\/\/officetrading.sn\/index.php\/wp-json\/wp\/v2\/product_brand?post=4185"},{"taxonomy":"product_cat","embeddable":true,"href":"https:\/\/officetrading.sn\/index.php\/wp-json\/wp\/v2\/product_cat?post=4185"},{"taxonomy":"product_tag","embeddable":true,"href":"https:\/\/officetrading.sn\/index.php\/wp-json\/wp\/v2\/product_tag?post=4185"}],"curies":[{"name":"wp","href":"https:\/\/api.w.org\/{rel}","templated":true}]}}