{"id":4202,"date":"2026-02-27T15:13:19","date_gmt":"2026-02-27T15:13:19","guid":{"rendered":"https:\/\/officetrading.sn\/?post_type=product&#038;p=4202"},"modified":"2026-02-27T15:13:19","modified_gmt":"2026-02-27T15:13:19","slug":"bureau-de-direction-1m60-2","status":"publish","type":"product","link":"https:\/\/officetrading.sn\/index.php\/product\/bureau-de-direction-1m60-2\/","title":{"rendered":"Bureau de Direction &#8211; 1m60"},"content":{"rendered":"<h3 title=\"Bureau de direction haut de gamme moderne et simple Bureau de bureau de patron Chaise confortable Panneau combin\u00e9 Style bois\" data-spm-anchor-id=\"a2700.details.0.i52.7a97584eKDy78n\"><span style=\"text-decoration: underline;\"><strong>Description<\/strong><\/span><\/h3>\n<p title=\"Bureau de direction haut de gamme moderne et simple Bureau de bureau de patron Chaise confortable Panneau combin\u00e9 Style bois\" data-spm-anchor-id=\"a2700.details.0.i52.7a97584eKDy78n\">Bureau de direction haut de gamme moderne et simple Bureau de bureau de patron Chaise confortable et robuste<\/p>\n<h3 title=\"Bureau de direction haut de gamme moderne et simple Bureau de bureau de patron Chaise confortable Panneau combin\u00e9 Style bois\" data-spm-anchor-id=\"a2700.details.0.i52.7a97584eKDy78n\"><span style=\"text-decoration: underline;\"><strong>Fiche Technique<\/strong><\/span><\/h3>\n<div class=\"id-grid id-grid-cols-[2fr_3fr] id-border-b-[0.5px] id-border-[#ddd]\" data-testid=\"module-attribute-row\">\n<div class=\"id-text-sm id-p-4 id-bg-[#f8f8f8] id-flex id-items-center\" title=\"Style de conception\" data-testid=\"module-attribute-name\" data-spm-anchor-id=\"a2700.details.0.i108.4e613ce8C333f9\">\n<div class=\"id-leading-[18px]\" data-attribute-lineclamp=\"true\" data-testid=\"module-attribute-name-text\">Style de conception : Moderne<\/div>\n<\/div>\n<\/div>\n<div class=\"id-grid id-grid-cols-[2fr_3fr] id-border-b-[0.5px] id-border-[#ddd]\" data-testid=\"module-attribute-row\">\n<div class=\"id-text-sm id-p-4 id-bg-[#f8f8f8] id-flex id-items-center\" title=\"Dispositif\" data-testid=\"module-attribute-name\">\n<div class=\"id-leading-[18px]\" data-attribute-lineclamp=\"true\" data-testid=\"module-attribute-name-text\">Dispositif : Design moderne<\/div>\n<\/div>\n<\/div>\n<div class=\"id-grid id-grid-cols-[2fr_3fr] id-border-b-[0.5px] id-border-[#ddd]\" data-testid=\"module-attribute-row\">\n<div class=\"id-text-sm id-p-4 id-bg-[#f8f8f8] id-flex id-items-center\" title=\"Application\" data-testid=\"module-attribute-name\">\n<div class=\"id-leading-[18px]\" data-attribute-lineclamp=\"true\" data-testid=\"module-attribute-name-text\">Application : Bureau \u00e0 la maison, H\u00f4tel, Appartement, Immeuble de bureaux, H\u00f4pital, \u00c9cole, Entrep\u00f4t, Atelier<\/div>\n<\/div>\n<\/div>\n<div class=\"id-grid id-grid-cols-[2fr_3fr] id-border-b-[0.5px] id-border-[#ddd]\" data-testid=\"module-attribute-row\">\n<div class=\"id-text-sm id-p-4 id-bg-[#f8f8f8] id-flex id-items-center\" title=\"Mat\u00e9riel\" data-testid=\"module-attribute-name\">\n<div class=\"id-leading-[18px]\" data-attribute-lineclamp=\"true\" data-testid=\"module-attribute-name-text\">Mat\u00e9riel : En bois<\/div>\n<\/div>\n<\/div>\n<div class=\"id-grid id-grid-cols-[2fr_3fr] id-border-b-[0.5px] id-border-[#ddd]\" data-testid=\"module-attribute-row\">\n<div class=\"id-text-sm id-p-4 id-bg-[#f8f8f8] id-flex id-items-center\" title=\"Type\" data-testid=\"module-attribute-name\">\n<div class=\"id-leading-[18px]\" data-attribute-lineclamp=\"true\" data-testid=\"module-attribute-name-text\">Type : Mobilier de bureau<\/div>\n<\/div>\n<\/div>\n<div class=\"id-grid id-grid-cols-[2fr_3fr] id-border-b-[0.5px] id-border-[#ddd]\" data-testid=\"module-attribute-row\">\n<div class=\"id-text-sm id-p-4 id-bg-[#f8f8f8] id-flex id-items-center\" title=\"Utilisation G\u00e9n\u00e9rale\" data-testid=\"module-attribute-name\">\n<div class=\"id-leading-[18px]\" data-attribute-lineclamp=\"true\" data-testid=\"module-attribute-name-text\">Utilisation G\u00e9n\u00e9rale : Mobilier de bureau<\/div>\n<\/div>\n<\/div>\n<div class=\"id-grid id-grid-cols-[2fr_3fr] id-border-b-[0.5px] id-border-[#ddd]\" data-testid=\"module-attribute-row\">\n<div class=\"id-text-sm id-p-4 id-bg-[#f8f8f8] id-flex id-items-center\" title=\"Mat\u00e9riel principal\" data-testid=\"module-attribute-name\">\n<div class=\"id-leading-[18px]\" data-attribute-lineclamp=\"true\" data-testid=\"module-attribute-name-text\">Mat\u00e9riel principal : MDF<\/div>\n<\/div>\n<\/div>\n<div class=\"id-grid id-grid-cols-[2fr_3fr]\" data-testid=\"module-attribute-row\">\n<div class=\"id-text-sm id-p-4 id-bg-[#f8f8f8] id-flex id-items-center\" title=\"Forme\" data-testid=\"module-attribute-name\">\n<div class=\"id-leading-[18px]\" data-attribute-lineclamp=\"true\" data-testid=\"module-attribute-name-text\">Forme : L forme<\/div>\n<div data-attribute-lineclamp=\"true\" data-testid=\"module-attribute-name-text\">Positionnement du Retour : Selon votre choix<\/div>\n<\/div>\n<\/div>\n","protected":false},"excerpt":{"rendered":"<h3 title=\"Bureau de direction haut de gamme moderne et simple Bureau de bureau de patron Chaise confortable Panneau combin\u00e9 Style bois\" data-spm-anchor-id=\"a2700.details.0.i52.7a97584eKDy78n\"><span style=\"text-decoration: underline;\"><strong>Description<\/strong><\/span><\/h3>\n<p title=\"Bureau de direction haut de gamme moderne et simple Bureau de bureau de patron Chaise confortable Panneau combin\u00e9 Style bois\" data-spm-anchor-id=\"a2700.details.0.i52.7a97584eKDy78n\">Bureau de direction haut de gamme moderne et simple Bureau de bureau de patron Chaise confortable et robuste<\/p>\n<h3 title=\"Bureau de direction haut de gamme moderne et simple Bureau de bureau de patron Chaise confortable Panneau combin\u00e9 Style bois\" data-spm-anchor-id=\"a2700.details.0.i52.7a97584eKDy78n\"><span style=\"text-decoration: underline;\"><strong>Fiche Technique<\/strong><\/span><\/h3>\n<div class=\"id-grid id-grid-cols-[2fr_3fr] id-border-b-[0.5px] id-border-[#ddd]\" data-testid=\"module-attribute-row\">\n<div class=\"id-text-sm id-p-4 id-bg-[#f8f8f8] id-flex id-items-center\" title=\"Style de conception\" data-testid=\"module-attribute-name\" data-spm-anchor-id=\"a2700.details.0.i108.4e613ce8C333f9\">\n<div class=\"id-leading-[18px]\" data-attribute-lineclamp=\"true\" data-testid=\"module-attribute-name-text\">Style de conception : Moderne<\/div>\n<\/div>\n<\/div>\n<div class=\"id-grid id-grid-cols-[2fr_3fr] id-border-b-[0.5px] id-border-[#ddd]\" data-testid=\"module-attribute-row\">\n<div class=\"id-text-sm id-p-4 id-bg-[#f8f8f8] id-flex id-items-center\" title=\"Dispositif\" data-testid=\"module-attribute-name\">\n<div class=\"id-leading-[18px]\" data-attribute-lineclamp=\"true\" data-testid=\"module-attribute-name-text\">Dispositif : Design moderne<\/div>\n<\/div>\n<\/div>\n<div class=\"id-grid id-grid-cols-[2fr_3fr] id-border-b-[0.5px] id-border-[#ddd]\" data-testid=\"module-attribute-row\">\n<div class=\"id-text-sm id-p-4 id-bg-[#f8f8f8] id-flex id-items-center\" title=\"Application\" data-testid=\"module-attribute-name\">\n<div class=\"id-leading-[18px]\" data-attribute-lineclamp=\"true\" data-testid=\"module-attribute-name-text\">Application : Bureau \u00e0 la maison, H\u00f4tel, Appartement, Immeuble de bureaux, H\u00f4pital, \u00c9cole, Entrep\u00f4t, Atelier<\/div>\n<\/div>\n<\/div>\n<div class=\"id-grid id-grid-cols-[2fr_3fr] id-border-b-[0.5px] id-border-[#ddd]\" data-testid=\"module-attribute-row\">\n<div class=\"id-text-sm id-p-4 id-bg-[#f8f8f8] id-flex id-items-center\" title=\"Mat\u00e9riel\" data-testid=\"module-attribute-name\">\n<div class=\"id-leading-[18px]\" data-attribute-lineclamp=\"true\" data-testid=\"module-attribute-name-text\">Mat\u00e9riel : En bois<\/div>\n<\/div>\n<\/div>\n<div class=\"id-grid id-grid-cols-[2fr_3fr] id-border-b-[0.5px] id-border-[#ddd]\" data-testid=\"module-attribute-row\">\n<div class=\"id-text-sm id-p-4 id-bg-[#f8f8f8] id-flex id-items-center\" title=\"Type\" data-testid=\"module-attribute-name\">\n<div class=\"id-leading-[18px]\" data-attribute-lineclamp=\"true\" data-testid=\"module-attribute-name-text\">Type : Mobilier de bureau<\/div>\n<\/div>\n<\/div>\n<div class=\"id-grid id-grid-cols-[2fr_3fr] id-border-b-[0.5px] id-border-[#ddd]\" data-testid=\"module-attribute-row\">\n<div class=\"id-text-sm id-p-4 id-bg-[#f8f8f8] id-flex id-items-center\" title=\"Utilisation G\u00e9n\u00e9rale\" data-testid=\"module-attribute-name\">\n<div class=\"id-leading-[18px]\" data-attribute-lineclamp=\"true\" data-testid=\"module-attribute-name-text\">Utilisation G\u00e9n\u00e9rale : Mobilier de bureau<\/div>\n<\/div>\n<\/div>\n<div class=\"id-grid id-grid-cols-[2fr_3fr] id-border-b-[0.5px] id-border-[#ddd]\" data-testid=\"module-attribute-row\">\n<div class=\"id-text-sm id-p-4 id-bg-[#f8f8f8] id-flex id-items-center\" title=\"Mat\u00e9riel principal\" data-testid=\"module-attribute-name\">\n<div class=\"id-leading-[18px]\" data-attribute-lineclamp=\"true\" data-testid=\"module-attribute-name-text\">Mat\u00e9riel principal : MDF<\/div>\n<\/div>\n<\/div>\n<div class=\"id-grid id-grid-cols-[2fr_3fr]\" data-testid=\"module-attribute-row\">\n<div class=\"id-text-sm id-p-4 id-bg-[#f8f8f8] id-flex id-items-center\" title=\"Forme\" data-testid=\"module-attribute-name\">\n<div class=\"id-leading-[18px]\" data-attribute-lineclamp=\"true\" data-testid=\"module-attribute-name-text\">Forme : L forme &#8211; Modulable<\/div>\n<div data-attribute-lineclamp=\"true\" data-testid=\"module-attribute-name-text\">Dimension : 1600*800*760<\/div>\n<\/div>\n<\/div>\n","protected":false},"featured_media":4197,"comment_status":"open","ping_status":"closed","template":"","meta":[],"product_brand":[],"product_cat":[146,193],"product_tag":[251,252,253,200],"class_list":{"0":"post-4202","1":"product","2":"type-product","3":"status-publish","4":"has-post-thumbnail","6":"product_cat-bureaux","7":"product_cat-tables-de-bureaux","8":"product_tag-bureau-de-direction","9":"product_tag-bureau-directeur","10":"product_tag-desk-manager","11":"product_tag-office-trading","13":"first","14":"instock","15":"sale","16":"shipping-taxable","17":"purchasable","18":"product-type-simple"},"acf":[],"_links":{"self":[{"href":"https:\/\/officetrading.sn\/index.php\/wp-json\/wp\/v2\/product\/4202","targetHints":{"allow":["GET"]}}],"collection":[{"href":"https:\/\/officetrading.sn\/index.php\/wp-json\/wp\/v2\/product"}],"about":[{"href":"https:\/\/officetrading.sn\/index.php\/wp-json\/wp\/v2\/types\/product"}],"replies":[{"embeddable":true,"href":"https:\/\/officetrading.sn\/index.php\/wp-json\/wp\/v2\/comments?post=4202"}],"wp:featuredmedia":[{"embeddable":true,"href":"https:\/\/officetrading.sn\/index.php\/wp-json\/wp\/v2\/media\/4197"}],"wp:attachment":[{"href":"https:\/\/officetrading.sn\/index.php\/wp-json\/wp\/v2\/media?parent=4202"}],"wp:term":[{"taxonomy":"product_brand","embeddable":true,"href":"https:\/\/officetrading.sn\/index.php\/wp-json\/wp\/v2\/product_brand?post=4202"},{"taxonomy":"product_cat","embeddable":true,"href":"https:\/\/officetrading.sn\/index.php\/wp-json\/wp\/v2\/product_cat?post=4202"},{"taxonomy":"product_tag","embeddable":true,"href":"https:\/\/officetrading.sn\/index.php\/wp-json\/wp\/v2\/product_tag?post=4202"}],"curies":[{"name":"wp","href":"https:\/\/api.w.org\/{rel}","templated":true}]}}