{"id":4206,"date":"2026-02-27T23:30:16","date_gmt":"2026-02-27T23:30:16","guid":{"rendered":"https:\/\/officetrading.sn\/?post_type=product&#038;p=4206"},"modified":"2026-02-27T23:30:16","modified_gmt":"2026-02-27T23:30:16","slug":"tv-astech-55-qled-smart-google-tv","status":"publish","type":"product","link":"https:\/\/officetrading.sn\/index.php\/product\/tv-astech-55-qled-smart-google-tv\/","title":{"rendered":"TV ASTECH 55&Prime; QLED SMART GOOGLE TV"},"content":{"rendered":"<h3><span style=\"text-decoration: underline;\"><strong>Fiche Technique<\/strong><\/span><\/h3>\n<p>Google TV Astech 55 pouces Syst\u00e8me Google TV<\/p>\n<p>Mod\u00e8le : 55GT3030HQ<\/p>\n<p>R\u00e9solution d\u2019\u00e9cran : full HD<\/p>\n<p>Syst\u00e8me Google TV avec deux t\u00e9l\u00e9commandes, 2 ports HDMI,2port USB( 2.0 et 3.0 ),un port RGI45 ,Bluetooth ,Netflix, YouTube, Dolby, Prime Video,Chrome cast<\/p>\n<p>Version 14 Android \/ Mise \u00e0 jour automatique \/ Stockage: 16GB\/ 4K<\/p>\n<p>Dimensions Hauteur : 78cm, Largeur : 123cm , Diam\u00e8tre : 142cm<\/p>\n","protected":false},"excerpt":{"rendered":"<h3><span style=\"text-decoration: underline;\"><strong>Fiche Technique<\/strong><\/span><\/h3>\n<p>Google TV Astech 55 pouces Syst\u00e8me Google TV<\/p>\n<p>Mod\u00e8le : 55GT3030HQ<\/p>\n<p>R\u00e9solution d\u2019\u00e9cran : full HD<\/p>\n<p>Syst\u00e8me Google TV avec deux t\u00e9l\u00e9commandes, 2 ports HDMI,2port USB( 2.0 et 3.0 ),un port RGI45 ,Bluetooth ,Netflix, YouTube, Dolby, Prime Video,Chrome cast<\/p>\n<p>Version 14 Android \/ Mise \u00e0 jour automatique \/ Stockage: 16GB\/ 4K<\/p>\n<p>Dimensions Hauteur : 78cm, Largeur : 123cm , Diam\u00e8tre : 142cm<\/p>\n","protected":false},"featured_media":4207,"comment_status":"open","ping_status":"closed","template":"","meta":[],"product_brand":[240],"product_cat":[155,184],"product_tag":[243,200],"class_list":{"0":"post-4206","1":"product","2":"type-product","3":"status-publish","4":"has-post-thumbnail","6":"product_brand-astech","7":"product_cat-electromenager","8":"product_cat-televiseurs","9":"product_tag-astech","10":"product_tag-office-trading","12":"first","13":"instock","14":"shipping-taxable","15":"purchasable","16":"product-type-simple"},"acf":[],"_links":{"self":[{"href":"https:\/\/officetrading.sn\/index.php\/wp-json\/wp\/v2\/product\/4206","targetHints":{"allow":["GET"]}}],"collection":[{"href":"https:\/\/officetrading.sn\/index.php\/wp-json\/wp\/v2\/product"}],"about":[{"href":"https:\/\/officetrading.sn\/index.php\/wp-json\/wp\/v2\/types\/product"}],"replies":[{"embeddable":true,"href":"https:\/\/officetrading.sn\/index.php\/wp-json\/wp\/v2\/comments?post=4206"}],"wp:featuredmedia":[{"embeddable":true,"href":"https:\/\/officetrading.sn\/index.php\/wp-json\/wp\/v2\/media\/4207"}],"wp:attachment":[{"href":"https:\/\/officetrading.sn\/index.php\/wp-json\/wp\/v2\/media?parent=4206"}],"wp:term":[{"taxonomy":"product_brand","embeddable":true,"href":"https:\/\/officetrading.sn\/index.php\/wp-json\/wp\/v2\/product_brand?post=4206"},{"taxonomy":"product_cat","embeddable":true,"href":"https:\/\/officetrading.sn\/index.php\/wp-json\/wp\/v2\/product_cat?post=4206"},{"taxonomy":"product_tag","embeddable":true,"href":"https:\/\/officetrading.sn\/index.php\/wp-json\/wp\/v2\/product_tag?post=4206"}],"curies":[{"name":"wp","href":"https:\/\/api.w.org\/{rel}","templated":true}]}}