{"id":4212,"date":"2026-02-28T07:55:00","date_gmt":"2026-02-28T07:55:00","guid":{"rendered":"https:\/\/officetrading.sn\/?post_type=product&#038;p=4212"},"modified":"2026-02-28T08:33:53","modified_gmt":"2026-02-28T08:33:53","slug":"hp-laser-107a-imprimante-laser","status":"publish","type":"product","link":"https:\/\/officetrading.sn\/index.php\/product\/hp-laser-107a-imprimante-laser\/","title":{"rendered":"HP LASER 107A &#8211; Imprimante Laser"},"content":{"rendered":"<h3><span style=\"text-decoration: underline;\"><strong>Fiche Technique<\/strong><\/span><\/h3>\n<p>Marque:\u00a0 HP Laser 107a &#8211; Imprimante Laser<\/p>\n<p>Monochrome &#8211; M Technologie<\/p>\n<p>d&rsquo;impression: Laser &#8211; monochrome 1 x USB 2.0 USB 4 broches type B, 1 x LAN &#8211; RJ-4 Fonctions de l&rsquo;article de bureau: Num\u00e9risation vers e- mail, num\u00e9risation au format SharePoint, num\u00e9risation vers OCR, num\u00e9risation vers image.<\/p>\n<p>Nombre d&rsquo;utilisateurs: 1 &#8211; 5 utilisateurs Vitesse d&rsquo;impression: Jusqu&rsquo;\u00e0 20 ppm &#8211; noir &amp; blanc &#8211; A4 (210 x 297 mm) Jusqu&rsquo;\u00e0 21 ppm &#8211; noir &amp; blanc &#8211; ANSI A (Letter) (216 x 279 mm) Dur\u00e9e de sortie de la premi\u00e8re impression, Noir et blanc: 8.3 s<\/p>\n<p>R\u00e9solution maximum (N&amp;B: 1200 x 1200 ppp<\/p>\n<p>Processeur: 400 MHz RAM install\u00e9e (maximum): 64 Mo \/ 64 Mo<\/p>\n<p>&nbsp;<\/p>\n","protected":false},"excerpt":{"rendered":"<h3><span style=\"text-decoration: underline;\"><strong>Fiche Technique<\/strong><\/span><\/h3>\n<p>Marque: HP Laser 107a &#8211; Imprimante Laser<\/p>\n<p>Monochrome &#8211; M Technologie<\/p>\n<p>d&rsquo;impression: Laser &#8211; monochrome 1 x USB 2.0 USB 4 broches type B, 1 x LAN &#8211; RJ-4 Fonctions de l&rsquo;article de bureau: Num\u00e9risation vers e- mail, num\u00e9risation au format SharePoint, num\u00e9risation vers OCR, num\u00e9risation vers image.<\/p>\n<p>Nombre d&rsquo;utilisateurs: 1 &#8211; 5 utilisateurs Vitesse d&rsquo;impression: Jusqu&rsquo;\u00e0 20 ppm &#8211; noir &amp; blanc &#8211; A4 (210 x 297 mm) Jusqu&rsquo;\u00e0 21 ppm &#8211; noir &amp; blanc &#8211; ANSI A (Letter) (216 x 279 mm) Dur\u00e9e de sortie de la premi\u00e8re impression, Noir et blanc: 8.3 s<\/p>\n<p>R\u00e9solution maximum (N&amp;B: 1200 x 1200 ppp<\/p>\n<p>Processeur: 400 MHz RAM install\u00e9e (maximum): 64 Mo \/ 64 Mo<\/p>\n<p>&nbsp;<\/p>\n","protected":false},"featured_media":4213,"comment_status":"open","ping_status":"closed","template":"","meta":[],"product_brand":[207],"product_cat":[208,157],"product_tag":[255,209,254,200],"class_list":{"0":"post-4212","1":"product","2":"type-product","3":"status-publish","4":"has-post-thumbnail","6":"product_brand-hp","7":"product_cat-imprimantes","8":"product_cat-informatique","9":"product_tag-hp-laser","10":"product_tag-imprimante-hp","11":"product_tag-imprimante-laser","12":"product_tag-office-trading","14":"first","15":"instock","16":"shipping-taxable","17":"purchasable","18":"product-type-simple"},"acf":[],"_links":{"self":[{"href":"https:\/\/officetrading.sn\/index.php\/wp-json\/wp\/v2\/product\/4212","targetHints":{"allow":["GET"]}}],"collection":[{"href":"https:\/\/officetrading.sn\/index.php\/wp-json\/wp\/v2\/product"}],"about":[{"href":"https:\/\/officetrading.sn\/index.php\/wp-json\/wp\/v2\/types\/product"}],"replies":[{"embeddable":true,"href":"https:\/\/officetrading.sn\/index.php\/wp-json\/wp\/v2\/comments?post=4212"}],"wp:featuredmedia":[{"embeddable":true,"href":"https:\/\/officetrading.sn\/index.php\/wp-json\/wp\/v2\/media\/4213"}],"wp:attachment":[{"href":"https:\/\/officetrading.sn\/index.php\/wp-json\/wp\/v2\/media?parent=4212"}],"wp:term":[{"taxonomy":"product_brand","embeddable":true,"href":"https:\/\/officetrading.sn\/index.php\/wp-json\/wp\/v2\/product_brand?post=4212"},{"taxonomy":"product_cat","embeddable":true,"href":"https:\/\/officetrading.sn\/index.php\/wp-json\/wp\/v2\/product_cat?post=4212"},{"taxonomy":"product_tag","embeddable":true,"href":"https:\/\/officetrading.sn\/index.php\/wp-json\/wp\/v2\/product_tag?post=4212"}],"curies":[{"name":"wp","href":"https:\/\/api.w.org\/{rel}","templated":true}]}}