{"id":4303,"date":"2026-03-05T00:06:38","date_gmt":"2026-03-05T00:06:38","guid":{"rendered":"https:\/\/officetrading.sn\/?post_type=product&#038;p=4303"},"modified":"2026-03-05T00:19:40","modified_gmt":"2026-03-05T00:19:40","slug":"imprimante-epson-ecotank-l3252","status":"publish","type":"product","link":"https:\/\/officetrading.sn\/index.php\/product\/imprimante-epson-ecotank-l3252\/","title":{"rendered":"Imprimante EPSON &#8211; EcoTank L3252"},"content":{"rendered":"<h3><strong><span style=\"text-decoration: underline;\">Description<\/span><\/strong><\/h3>\n<p>Cette imprimante multifonction (impression, num\u00e9risation, copie), sans cartouches \u00e0 remplacer et disposant de Wi-Fi\u00a0Direct et d\u2019un panneau de contr\u00f4le exclusif bleu, est id\u00e9ale pour les personnes qui recherchent des impressions de haute qualit\u00e9 et un co\u00fbt par page incroyablement bas. Gr\u00e2ce \u00e0 un bac papier arri\u00e8re de 100\u00a0feuilles, \u00e0 l\u2019impression photo sans marge (jusqu\u2019\u00e0 10\u00a0\u00d7\u00a015\u00a0cm) ainsi qu\u2019\u00e0 des vitesses d\u2019impression pouvant atteindre 10\u00a0pages par minute<sup>1<\/sup>, vous pouvez effectuer rapidement plusieurs t\u00e2ches en toute simplicit\u00e9.<\/p>\n<h3><span style=\"text-decoration: underline;\"><strong>Fiche Technique<\/strong><\/span><\/h3>\n<ul class=\"collapsible-list\">\n<li class=\"is-open\">\n<div class=\"inner-content\">\n<div class=\"spec-table\">\n<div class=\"table-row\">\n<div class=\"table-head\">\n<p>Mode d\u2019impression :\u00a0T\u00eate d\u2019impression Epson Micro Piezo\u2122<\/p>\n<\/div>\n<\/div>\n<div class=\"table-cell\">Cat\u00e9gorie : Emplacement individuel, Home Office<\/div>\n<div class=\"table-head\">\n<p>Multifonction :\u00a0Impression, Num\u00e9risation, Copie<\/p>\n<\/div>\n<\/div>\n<div class=\"table-row\">\n<div class=\"table-head\">\n<p>Vitesse d\u2019impression :\u00a033 pages\/min Monochrome (papier ordinaire), 15 pages\/min Couleur (papier ordinaire), 27 Secondes par photo de 10 x 15 cm (Papier Photo Epson Premium Glac\u00e9)<\/p>\n<p>Couleurs :\u00a0Noir<\/p>\n<\/div>\n<\/div>\n<div class=\"table-row\">\n<div class=\"table-head\">\n<p>R\u00e9solution de la num\u00e9risation :\u00a01.200\u00a0DPI (ppp) x 2.400\u00a0DPI (ppp) (horizontal x vertical)<\/p>\n<\/div>\n<\/div>\n<div class=\"table-head\">\n<p>Formats de sortie :\u00a0BMP, JPEG, PICT, TIFF, multi-TIFF, PDF, PNG<\/p>\n<\/div>\n<div class=\"table-row\">\n<div class=\"table-head\">\n<p>Type de scanner :\u00a0D\u00e9tection d\u2019image par contact (CIS)<\/p>\n<\/div>\n<\/div>\n<\/div>\n<\/li>\n<li class=\"is-open\">\n<div class=\"inner-content\">\n<div class=\"table-row\">\n<div class=\"table-head\">\n<p>Nombre de bacs papier\u00a0:\u00a01<\/p>\n<\/div>\n<\/div>\n<div class=\"table-row\">\n<div class=\"table-head\">\n<p>Formats de papier :\u00a0A4 (21.0\u00d729,7 cm), A6 (10,5\u00d714,8 cm), A5 (14,8\u00d721,0 cm), B5, 10 x 15 cm, 13 x 18 cm, 16:9, DL (enveloppe), N\u00b0 10 (enveloppe), C6 (Enveloppe), Letter, D\u00e9fini par l\u2019utilisateur, Legal<\/p>\n<\/div>\n<\/div>\n<div class=\"table-row\">\n<div class=\"table-head\">\n<p>Recto\/verso :\u00a0Manuel<\/p>\n<\/div>\n<\/div>\n<div class=\"table-head\">\n<p>Capacit\u00e9 du bac de sortie papier :\u00a030 Feuilles<\/p>\n<\/div>\n<div class=\"table-head\">\n<p>specnamepapertraycapacity :\u00a0100 Feuilles Standard, 20 Feuilles photo<\/p>\n<\/div>\n<div class=\"table-row\">\n<div class=\"table-head\">\n<p>Poids de papier qui convient :\u00a064 g\/m\u00b2 \u2013 300 g\/m\u00b2<\/p>\n<\/div>\n<\/div>\n<div class=\"table-row\">\n<div class=\"table-head\">\n<p>Gestion des m\u00e9dias :\u00a0Impression sans marge (jusqu\u2019au format 10 x 15 cm)<\/p>\n<\/div>\n<\/div>\n<div class=\"spec-table\">\n<div class=\"table-head\">\n<p>Gamme de tension\/ Fr\u00e9quence nominale :\u00a0AC 220 V \u2013 240 V<\/p>\n<\/div>\n<div class=\"table-head\">\n<p>Dimensions du produit :\u00a0375\u200e x 347 x 179 mm (Largeur x Profondeur x Hauteur)<\/p>\n<\/div>\n<div class=\"table-head\">\n<p>Poids du produit :\u00a03,9 kg<\/p>\n<\/div>\n<div class=\"table-head\">Connexions ;\u00a0USB, Wi-Fi, Wi-Fi Direct<\/div>\n<p>Services d\u2019impression mobile et via le cloud :\u00a0Epson Connect (iPrint, Email Print, Remote Print Driver)<\/p>\n<div class=\"table-row\">Couleur :\u00a0Noir<\/div>\n<\/div>\n<div class=\"spec-table\">\n<div class=\"table-row\"><\/div>\n<\/div>\n<\/div>\n<\/li>\n<\/ul>\n","protected":false},"excerpt":{"rendered":"<h3><span style=\"text-decoration: underline;\">Description<\/span><\/h3>\n<p>Cette imprimante multifonction (impression, num\u00e9risation, copie), sans cartouches \u00e0 remplacer et disposant de Wi-Fi\u00a0Direct et d\u2019un panneau de contr\u00f4le exclusif bleu, est id\u00e9ale pour les personnes qui recherchent des impressions de haute qualit\u00e9 et un co\u00fbt par page incroyablement bas. Gr\u00e2ce \u00e0 un bac papier arri\u00e8re de 100\u00a0feuilles, \u00e0 l\u2019impression photo sans marge (jusqu\u2019\u00e0 10\u00a0\u00d7\u00a015\u00a0cm) ainsi qu\u2019\u00e0 des vitesses d\u2019impression pouvant atteindre 10\u00a0pages par minute<sup>1<\/sup>, vous pouvez effectuer rapidement plusieurs t\u00e2ches en toute simplicit\u00e9.<\/p>\n","protected":false},"featured_media":4301,"comment_status":"open","ping_status":"closed","template":"","meta":[],"product_brand":[256],"product_cat":[208,157],"product_tag":[259,257,200],"class_list":{"0":"post-4303","1":"product","2":"type-product","3":"status-publish","4":"has-post-thumbnail","6":"product_brand-epson","7":"product_cat-imprimantes","8":"product_cat-informatique","9":"product_tag-ecotank-l3252","10":"product_tag-imprimante-epson","11":"product_tag-office-trading","13":"first","14":"instock","15":"shipping-taxable","16":"purchasable","17":"product-type-simple"},"acf":[],"_links":{"self":[{"href":"https:\/\/officetrading.sn\/index.php\/wp-json\/wp\/v2\/product\/4303","targetHints":{"allow":["GET"]}}],"collection":[{"href":"https:\/\/officetrading.sn\/index.php\/wp-json\/wp\/v2\/product"}],"about":[{"href":"https:\/\/officetrading.sn\/index.php\/wp-json\/wp\/v2\/types\/product"}],"replies":[{"embeddable":true,"href":"https:\/\/officetrading.sn\/index.php\/wp-json\/wp\/v2\/comments?post=4303"}],"wp:featuredmedia":[{"embeddable":true,"href":"https:\/\/officetrading.sn\/index.php\/wp-json\/wp\/v2\/media\/4301"}],"wp:attachment":[{"href":"https:\/\/officetrading.sn\/index.php\/wp-json\/wp\/v2\/media?parent=4303"}],"wp:term":[{"taxonomy":"product_brand","embeddable":true,"href":"https:\/\/officetrading.sn\/index.php\/wp-json\/wp\/v2\/product_brand?post=4303"},{"taxonomy":"product_cat","embeddable":true,"href":"https:\/\/officetrading.sn\/index.php\/wp-json\/wp\/v2\/product_cat?post=4303"},{"taxonomy":"product_tag","embeddable":true,"href":"https:\/\/officetrading.sn\/index.php\/wp-json\/wp\/v2\/product_tag?post=4303"}],"curies":[{"name":"wp","href":"https:\/\/api.w.org\/{rel}","templated":true}]}}