{"id":4316,"date":"2026-03-05T23:07:25","date_gmt":"2026-03-05T23:07:25","guid":{"rendered":"https:\/\/officetrading.sn\/?post_type=product&#038;p=4316"},"modified":"2026-03-05T23:07:25","modified_gmt":"2026-03-05T23:07:25","slug":"canon-i-sensys-mf3010-imprimante","status":"publish","type":"product","link":"https:\/\/officetrading.sn\/index.php\/product\/canon-i-sensys-mf3010-imprimante\/","title":{"rendered":"Canon i-SENSYS MF3010 &#8211; Imprimante"},"content":{"rendered":"<h3><span style=\"text-decoration: underline;\">Description<\/span><\/h3>\n<p>Le design \u00e9l\u00e9gant et \u00e9l\u00e9gant, tout en noir, du MF3010 en fait un laser multifonctionnel tr\u00e8s intelligent 3-en-1. Il y a une imprimante mono de haute qualit\u00e9, un scanner et une photocopieuse r\u00e9unis dans une seule unit\u00e9 \u00e9conomisant de l\u2019espace. Rapide et \u00e9conomique \u00e0 utiliser, cet appareil compact accrocheur s\u2019adapte facilement sur un ordinateur de bureau. Elle est parfaite pour les utilisateurs personnels ou petits et de bureaux \u00e0 domicile qui souhaitent plus qu\u2019une imprimante et cherchent \u00e0 \u00e9conomiser du temps et de l\u2019argent.<\/p>\n<h3><span style=\"text-decoration: underline;\"><strong>Fiche Technique<\/strong><\/span><\/h3>\n<div class=\"product-feature__item-description\">\n<ul class=\"product-feature__list canon-mb-xs\">\n<li class=\"product-feature__item\">\n<div class=\"product-feature__item-description\">\n<h3 class=\"product-feature__item-header canon-paragraph--heading\">Vitesse d\u2019impression<\/h3>\n<p class=\"canon-paragraph--title-small\">Jusqu\u2019\u00e0 18 ppm (A4)<\/p>\n<\/div>\n<\/li>\n<li class=\"product-feature__item\">\n<div class=\"product-feature__item-description\">\n<h3 class=\"product-feature__item-header canon-paragraph--heading\">M\u00e9thode d\u2019impression<\/h3>\n<p class=\"canon-paragraph--title-small\">Impression laser monochrome par faisceau<\/p>\n<\/div>\n<\/li>\n<li class=\"product-feature__item\">\n<div class=\"product-feature__item-description\">\n<h3 class=\"product-feature__item-header canon-paragraph--heading\">Qualit\u00e9 d\u2019impression<\/h3>\n<p class=\"canon-paragraph--title-small\">Jusqu\u2019\u00e0 1200 x 600 dpi avec raffinement automatique de l\u2019image<\/p>\n<\/div>\n<\/li>\n<li class=\"product-feature__item\">\n<div class=\"product-feature__item-description\">\n<h3 class=\"product-feature__item-header canon-paragraph--heading\">Premi\u00e8re impression<\/h3>\n<p class=\"canon-paragraph--title-small\">7,8 secondes<\/p>\n<\/div>\n<\/li>\n<li class=\"product-feature__item\">\n<div class=\"product-feature__item-description\">\n<h3 class=\"product-feature__item-header canon-paragraph--heading\">R\u00e9solution d\u2019impression<\/h3>\n<p class=\"canon-paragraph--title-small\">600 x 400 dpi<\/p>\n<\/div>\n<\/li>\n<li class=\"product-feature__item\">\n<div class=\"product-feature__item-description\">\n<h3 class=\"product-feature__item-header canon-paragraph--heading\">Langages d\u2019impression<\/h3>\n<p class=\"canon-paragraph--title-small\">UFRII-LT<\/p>\n<\/div>\n<\/li>\n<li class=\"product-feature__item\">\n<div class=\"product-feature__item-description\">\n<h3 class=\"product-feature__item-header canon-paragraph--heading\">Marges d\u2019impression<\/h3>\n<p class=\"canon-paragraph--title-small\">5 mm en haut, 6 mm en bas, 5 mm \u00e0 gauche et \u00e0 droite<\/p>\n<\/div>\n<\/li>\n<li class=\"product-feature__item\">\n<div class=\"product-feature__item-description\">\n<h3 class=\"product-feature__item-header canon-paragraph--heading\">Mode \u00e9conomie de toner<\/h3>\n<p class=\"canon-paragraph--title-small\">Oui<\/p>\n<\/div>\n<\/li>\n<\/ul>\n<\/div>\n<p>&nbsp;<\/p>\n","protected":false},"excerpt":{"rendered":"<p><strong><span style=\"text-decoration: underline;\">Description<\/span><\/strong><\/p>\n<p>Le design \u00e9l\u00e9gant et \u00e9l\u00e9gant, tout en noir, du MF3010 en fait un laser multifonctionnel tr\u00e8s intelligent 3-en-1. Il y a une imprimante mono de haute qualit\u00e9, un scanner et une photocopieuse r\u00e9unis dans une seule unit\u00e9 \u00e9conomisant de l\u2019espace. Rapide et \u00e9conomique \u00e0 utiliser, cet appareil compact accrocheur s\u2019adapte facilement sur un ordinateur de bureau. Elle est parfaite pour les utilisateurs personnels ou petits et de bureaux \u00e0 domicile qui souhaitent plus qu\u2019une imprimante et cherchent \u00e0 \u00e9conomiser du temps et de l\u2019argent.<\/p>\n<h3><span style=\"text-decoration: underline;\"><strong>Fiche Technique<\/strong><\/span><\/h3>\n<div class=\"product-feature__item-description\">\n<ul class=\"product-feature__list canon-mb-xs\">\n<li class=\"product-feature__item\">\n<div class=\"product-feature__item-description\">\n<h3 class=\"product-feature__item-header canon-paragraph--heading\">Vitesse d\u2019impression<\/h3>\n<p class=\"canon-paragraph--title-small\">Jusqu\u2019\u00e0 18 ppm (A4)<\/p>\n<\/div>\n<\/li>\n<li class=\"product-feature__item\">\n<div class=\"product-feature__item-description\">\n<h3 class=\"product-feature__item-header canon-paragraph--heading\">M\u00e9thode d\u2019impression<\/h3>\n<p class=\"canon-paragraph--title-small\">Impression laser monochrome par faisceau<\/p>\n<\/div>\n<\/li>\n<li class=\"product-feature__item\">\n<div class=\"product-feature__item-description\">\n<h3 class=\"product-feature__item-header canon-paragraph--heading\">Qualit\u00e9 d\u2019impression<\/h3>\n<p class=\"canon-paragraph--title-small\">Jusqu\u2019\u00e0 1200 x 600 dpi avec raffinement automatique de l\u2019image<\/p>\n<\/div>\n<\/li>\n<li class=\"product-feature__item\">\n<div class=\"product-feature__item-description\">\n<h3 class=\"product-feature__item-header canon-paragraph--heading\">Premi\u00e8re impression<\/h3>\n<p class=\"canon-paragraph--title-small\">7,8 secondes<\/p>\n<\/div>\n<\/li>\n<li class=\"product-feature__item\">\n<div class=\"product-feature__item-description\">\n<h3 class=\"product-feature__item-header canon-paragraph--heading\">R\u00e9solution d\u2019impression<\/h3>\n<p class=\"canon-paragraph--title-small\">600 x 400 dpi<\/p>\n<\/div>\n<\/li>\n<li class=\"product-feature__item\">\n<div class=\"product-feature__item-description\">\n<h3 class=\"product-feature__item-header canon-paragraph--heading\">Langages d\u2019impression<\/h3>\n<p class=\"canon-paragraph--title-small\">UFRII-LT<\/p>\n<\/div>\n<\/li>\n<li class=\"product-feature__item\">\n<div class=\"product-feature__item-description\">\n<h3 class=\"product-feature__item-header canon-paragraph--heading\">Marges d\u2019impression<\/h3>\n<p class=\"canon-paragraph--title-small\">5 mm en haut, 6 mm en bas, 5 mm \u00e0 gauche et \u00e0 droite<\/p>\n<\/div>\n<\/li>\n<li class=\"product-feature__item\">\n<div class=\"product-feature__item-description\">\n<h3 class=\"product-feature__item-header canon-paragraph--heading\">Mode \u00e9conomie de toner<\/h3>\n<p class=\"canon-paragraph--title-small\">Oui<\/p>\n<\/div>\n<\/li>\n<\/ul>\n<\/div>\n","protected":false},"featured_media":4317,"comment_status":"open","ping_status":"closed","template":"","meta":[],"product_brand":[],"product_cat":[208,157],"product_tag":[266,264,265,200],"class_list":{"0":"post-4316","1":"product","2":"type-product","3":"status-publish","4":"has-post-thumbnail","6":"product_cat-imprimantes","7":"product_cat-informatique","8":"product_tag-canon-i-sensys-mf3010","9":"product_tag-imprimante-canon","10":"product_tag-mf3010","11":"product_tag-office-trading","13":"first","14":"instock","15":"shipping-taxable","16":"purchasable","17":"product-type-simple"},"acf":[],"_links":{"self":[{"href":"https:\/\/officetrading.sn\/index.php\/wp-json\/wp\/v2\/product\/4316","targetHints":{"allow":["GET"]}}],"collection":[{"href":"https:\/\/officetrading.sn\/index.php\/wp-json\/wp\/v2\/product"}],"about":[{"href":"https:\/\/officetrading.sn\/index.php\/wp-json\/wp\/v2\/types\/product"}],"replies":[{"embeddable":true,"href":"https:\/\/officetrading.sn\/index.php\/wp-json\/wp\/v2\/comments?post=4316"}],"wp:featuredmedia":[{"embeddable":true,"href":"https:\/\/officetrading.sn\/index.php\/wp-json\/wp\/v2\/media\/4317"}],"wp:attachment":[{"href":"https:\/\/officetrading.sn\/index.php\/wp-json\/wp\/v2\/media?parent=4316"}],"wp:term":[{"taxonomy":"product_brand","embeddable":true,"href":"https:\/\/officetrading.sn\/index.php\/wp-json\/wp\/v2\/product_brand?post=4316"},{"taxonomy":"product_cat","embeddable":true,"href":"https:\/\/officetrading.sn\/index.php\/wp-json\/wp\/v2\/product_cat?post=4316"},{"taxonomy":"product_tag","embeddable":true,"href":"https:\/\/officetrading.sn\/index.php\/wp-json\/wp\/v2\/product_tag?post=4316"}],"curies":[{"name":"wp","href":"https:\/\/api.w.org\/{rel}","templated":true}]}}