{"id":4321,"date":"2026-03-11T12:17:33","date_gmt":"2026-03-11T12:17:33","guid":{"rendered":"https:\/\/officetrading.sn\/?post_type=product&#038;p=4321"},"modified":"2026-03-11T12:29:33","modified_gmt":"2026-03-11T12:29:33","slug":"canon-pixma-mg2540s-imprimante","status":"publish","type":"product","link":"https:\/\/officetrading.sn\/index.php\/product\/canon-pixma-mg2540s-imprimante\/","title":{"rendered":"Canon PIXMA MG2540S &#8211; Imprimante"},"content":{"rendered":"<h3><span style=\"text-decoration: underline;\"><strong>Description<\/strong><\/span><\/h3>\n<div class=\"block-flex-list__item-wrapper\">\n<div class=\"block-flex-list__item-details\">\n<p class=\"block-flex-list__item-description canon-paragraph--medium\">Le tout-en-un id\u00e9al pour la maison, vous permettant d\u2019imprimer, num\u00e9riser et copier documents et photos rapidement sans compromettre la qualit\u00e9. Simple \u00e0 utiliser, le Canon PIXMA MG2540S est un appareil \u00e9l\u00e9gant, compact et adapt\u00e9 au bureau, avec des fonctionnalit\u00e9s puissantes pour tous les utilisateurs domestiques.<\/p>\n<p>Le Canon PIXMA MG2540S offre un rapport qualit\u00e9-prix incroyable : une imprimante domestique abordable qui produit des documents et des photos de qualit\u00e9 sup\u00e9rieure. La technologie FINE Cartridge signifie des noirs profonds, des couleurs vives et un niveau de d\u00e9tail stup\u00e9fiant.<\/p>\n<h3 class=\"block-flex-list__item-description canon-paragraph--medium\"><span style=\"text-decoration: underline;\"><strong>Fiche Technique<\/strong><\/span><\/h3>\n<ul class=\"product-specification-detail__list canon-mb-xm\">\n<li class=\"product-specification-detail__list-line canon-mb-xxs\">\n<div class=\"product-specification-detail__list-key canon-paragraph--big\">Num\u00e9ros de mod\u00e8le : MG2540S<\/div>\n<div class=\"product-specification-detail__value-wrapper\"><\/div>\n<\/li>\n<li class=\"product-specification-detail__list-line canon-mb-xxs\">\n<div class=\"product-specification-detail__list-key canon-paragraph--big\">Fonctions : Imprimer, copier, scanner<\/div>\n<\/li>\n<li class=\"product-specification-detail__list-line canon-mb-xxs\">\n<div class=\"product-specification-detail__list-key canon-paragraph--big\">R\u00e9solution d\u2019impression : Jusqu\u2019\u00e0 4800\u00b9 x 600 dpi<\/div>\n<\/li>\n<li class=\"product-specification-detail__list-line canon-mb-xxs\">\n<div class=\"product-specification-detail__list-key canon-paragraph--big\">Technologie d\u2019impression : 2 cartouches FINE (noires et couleur)<\/div>\n<\/li>\n<li class=\"product-specification-detail__list-line canon-mb-xxs\">\n<div class=\"product-specification-detail__list-key canon-paragraph--big\">Vitesse d\u2019impression mono : Environ 8,0 ipm\u00b9<\/div>\n<\/li>\n<li class=\"product-specification-detail__list-line canon-mb-xxs\">\n<div class=\"product-specification-detail__list-key canon-paragraph--big\">Vitesse d\u2019impression couleur : Environ 4,0 ipm\u00b9<\/div>\n<\/li>\n<li class=\"product-specification-detail__list-line canon-mb-xxs\">\n<div class=\"product-specification-detail__list-key canon-paragraph--big\">Impression sans bordure : Non disponible<\/div>\n<\/li>\n<li class=\"product-specification-detail__list-line canon-mb-xxs\">\n<div class=\"product-specification-detail__list-key canon-paragraph--big\">Impression recto-verso : Fonctionnement manuel<\/div>\n<\/li>\n<\/ul>\n<\/div>\n<\/div>\n","protected":false},"excerpt":{"rendered":"<p class=\"block-flex-list__item-description canon-paragraph--medium\">Le tout-en-un id\u00e9al pour la maison, vous permettant d\u2019imprimer, num\u00e9riser et copier documents et photos rapidement sans compromettre la qualit\u00e9. Simple \u00e0 utiliser, le Canon PIXMA MG2540S est un appareil \u00e9l\u00e9gant, compact et adapt\u00e9 au bureau, avec des fonctionnalit\u00e9s puissantes pour tous les utilisateurs domestiques.<\/p>\n<p>Le Canon PIXMA MG2540S offre un rapport qualit\u00e9-prix incroyable : une imprimante domestique abordable qui produit des documents et des photos de qualit\u00e9 sup\u00e9rieure. La technologie FINE Cartridge signifie des noirs profonds, des couleurs vives et un niveau de d\u00e9tail stup\u00e9fiant.<\/p>\n","protected":false},"featured_media":4324,"comment_status":"open","ping_status":"closed","template":"","meta":[],"product_brand":[267],"product_cat":[208,157],"product_tag":[268,264,200],"class_list":{"0":"post-4321","1":"product","2":"type-product","3":"status-publish","4":"has-post-thumbnail","6":"product_brand-canon","7":"product_cat-imprimantes","8":"product_cat-informatique","9":"product_tag-canon-pixma-mg2540s","10":"product_tag-imprimante-canon","11":"product_tag-office-trading","13":"first","14":"instock","15":"shipping-taxable","16":"purchasable","17":"product-type-simple"},"acf":[],"_links":{"self":[{"href":"https:\/\/officetrading.sn\/index.php\/wp-json\/wp\/v2\/product\/4321","targetHints":{"allow":["GET"]}}],"collection":[{"href":"https:\/\/officetrading.sn\/index.php\/wp-json\/wp\/v2\/product"}],"about":[{"href":"https:\/\/officetrading.sn\/index.php\/wp-json\/wp\/v2\/types\/product"}],"replies":[{"embeddable":true,"href":"https:\/\/officetrading.sn\/index.php\/wp-json\/wp\/v2\/comments?post=4321"}],"wp:featuredmedia":[{"embeddable":true,"href":"https:\/\/officetrading.sn\/index.php\/wp-json\/wp\/v2\/media\/4324"}],"wp:attachment":[{"href":"https:\/\/officetrading.sn\/index.php\/wp-json\/wp\/v2\/media?parent=4321"}],"wp:term":[{"taxonomy":"product_brand","embeddable":true,"href":"https:\/\/officetrading.sn\/index.php\/wp-json\/wp\/v2\/product_brand?post=4321"},{"taxonomy":"product_cat","embeddable":true,"href":"https:\/\/officetrading.sn\/index.php\/wp-json\/wp\/v2\/product_cat?post=4321"},{"taxonomy":"product_tag","embeddable":true,"href":"https:\/\/officetrading.sn\/index.php\/wp-json\/wp\/v2\/product_tag?post=4321"}],"curies":[{"name":"wp","href":"https:\/\/api.w.org\/{rel}","templated":true}]}}