{"id":4325,"date":"2026-03-11T12:47:41","date_gmt":"2026-03-11T12:47:41","guid":{"rendered":"https:\/\/officetrading.sn\/?post_type=product&#038;p=4325"},"modified":"2026-03-11T12:52:00","modified_gmt":"2026-03-11T12:52:00","slug":"imprimante-canon-selphy-cp1000","status":"publish","type":"product","link":"https:\/\/officetrading.sn\/index.php\/product\/imprimante-canon-selphy-cp1000\/","title":{"rendered":"Imprimante &#8211; Canon SELPHY CP1000"},"content":{"rendered":"<h3><strong><span style=\"text-decoration: underline;\">Description<\/span><\/strong><\/h3>\n<p>L\u2019Imprimante Photo Canon Selphy CP1000 est la solution id\u00e9ale pour imprimer vos photos directement \u00e0 partir de vos appareils mobiles ou ordinateurs, dans le confort de votre maison. Compacte et \u00e9l\u00e9gante, cette imprimante portative offre des impressions de qualit\u00e9 professionnelle avec une r\u00e9solution \u00e9lev\u00e9e de 300 x 300 dpi. Gr\u00e2ce \u00e0 sa technologie de sublimation thermique, elle produit des photos avec des couleurs vibrantes et des d\u00e9tails d\u2019une pr\u00e9cision remarquable, r\u00e9sistantes \u00e0 l\u2019eau, aux empreintes et aux rayures.<\/p>\n<p>Elle est dot\u00e9e d\u2019une \u00e9cran LCD de 3,2 pouces, ce qui vous permet de visualiser vos images avant impression et d\u2019ajuster facilement les param\u00e8tres. L\u2019imprimante offre des options de connectivit\u00e9 sans fil via Wi-Fi, vous permettant d\u2019imprimer vos photos depuis un smartphone, une tablette ou un ordinateur sans avoir \u00e0 vous connecter physiquement \u00e0 l\u2019imprimante. De plus, avec sa batterie optionnelle, la Canon Selphy CP1000 devient un choix pratique pour les \u00e9v\u00e9nements ext\u00e9rieurs ou les voyages, vous permettant d\u2019imprimer o\u00f9 que vous soyez.<\/p>\n<h3><span style=\"text-decoration: underline;\">Fiche Technique<\/span><\/h3>\n<p><strong>SP\u00c9CIFICATIONS<\/strong><br \/>\nFormat carte de cr\u00e9dit 86 \u00d7 54 mm \u2013 KC-36IP<br \/>\nAutocollants au format carte de cr\u00e9dit 86 \u00d7 54 mm \u2013 KC-18IF<br \/>\nAutocollants carr\u00e9s 52 \u00d7 52 mm \u2013 KC-18IS<br \/>\nMini autocollants 22,0 \u00d7 17,3 mm (8 autocollants sur une feuille) \u2013 KC-18IL<br \/>\nCartouche d\u2019encre Fournie avec le papier<br \/>\nDur\u00e9e de vie des images Impression d\u2019une dur\u00e9e de vie de 100 ans<\/p>\n","protected":false},"excerpt":{"rendered":"<p>L\u2019Imprimante Photo Canon Selphy CP1000 est la solution id\u00e9ale pour imprimer vos photos directement \u00e0 partir de vos appareils mobiles ou ordinateurs, dans le confort de votre maison. Compacte et \u00e9l\u00e9gante, cette imprimante portative offre des impressions de qualit\u00e9 professionnelle avec une r\u00e9solution \u00e9lev\u00e9e de 300 x 300 dpi. Gr\u00e2ce \u00e0 sa technologie de sublimation thermique, elle produit des photos avec des couleurs vibrantes et des d\u00e9tails d\u2019une pr\u00e9cision remarquable, r\u00e9sistantes \u00e0 l\u2019eau, aux empreintes et aux rayures.<\/p>\n<p>Elle est dot\u00e9e d\u2019une \u00e9cran LCD de 3,2 pouces, ce qui vous permet de visualiser vos images avant impression et d\u2019ajuster facilement les param\u00e8tres. L\u2019imprimante offre des options de connectivit\u00e9 sans fil via Wi-Fi, vous permettant d\u2019imprimer vos photos depuis un smartphone, une tablette ou un ordinateur sans avoir \u00e0 vous connecter physiquement \u00e0 l\u2019imprimante. De plus, avec sa batterie optionnelle, la Canon Selphy CP1000 devient un choix pratique pour les \u00e9v\u00e9nements ext\u00e9rieurs ou les voyages, vous permettant d\u2019imprimer o\u00f9 que vous soyez.<\/p>\n","protected":false},"featured_media":4326,"comment_status":"open","ping_status":"closed","template":"","meta":[],"product_brand":[267],"product_cat":[208,157],"product_tag":[269,264,200],"class_list":{"0":"post-4325","1":"product","2":"type-product","3":"status-publish","4":"has-post-thumbnail","6":"product_brand-canon","7":"product_cat-imprimantes","8":"product_cat-informatique","9":"product_tag-canon-selphy-cp1000","10":"product_tag-imprimante-canon","11":"product_tag-office-trading","13":"first","14":"instock","15":"shipping-taxable","16":"purchasable","17":"product-type-simple"},"acf":[],"_links":{"self":[{"href":"https:\/\/officetrading.sn\/index.php\/wp-json\/wp\/v2\/product\/4325","targetHints":{"allow":["GET"]}}],"collection":[{"href":"https:\/\/officetrading.sn\/index.php\/wp-json\/wp\/v2\/product"}],"about":[{"href":"https:\/\/officetrading.sn\/index.php\/wp-json\/wp\/v2\/types\/product"}],"replies":[{"embeddable":true,"href":"https:\/\/officetrading.sn\/index.php\/wp-json\/wp\/v2\/comments?post=4325"}],"wp:featuredmedia":[{"embeddable":true,"href":"https:\/\/officetrading.sn\/index.php\/wp-json\/wp\/v2\/media\/4326"}],"wp:attachment":[{"href":"https:\/\/officetrading.sn\/index.php\/wp-json\/wp\/v2\/media?parent=4325"}],"wp:term":[{"taxonomy":"product_brand","embeddable":true,"href":"https:\/\/officetrading.sn\/index.php\/wp-json\/wp\/v2\/product_brand?post=4325"},{"taxonomy":"product_cat","embeddable":true,"href":"https:\/\/officetrading.sn\/index.php\/wp-json\/wp\/v2\/product_cat?post=4325"},{"taxonomy":"product_tag","embeddable":true,"href":"https:\/\/officetrading.sn\/index.php\/wp-json\/wp\/v2\/product_tag?post=4325"}],"curies":[{"name":"wp","href":"https:\/\/api.w.org\/{rel}","templated":true}]}}