{"id":4329,"date":"2026-03-11T14:03:00","date_gmt":"2026-03-11T14:03:00","guid":{"rendered":"https:\/\/officetrading.sn\/?post_type=product&#038;p=4329"},"modified":"2026-03-11T14:06:28","modified_gmt":"2026-03-11T14:06:28","slug":"imprimante-hp-multifonction-color-laserjet-pro-m182n","status":"publish","type":"product","link":"https:\/\/officetrading.sn\/index.php\/product\/imprimante-hp-multifonction-color-laserjet-pro-m182n\/","title":{"rendered":"Imprimante &#8211; HP multifonction Color LaserJet Pro M182n"},"content":{"rendered":"<h3><span style=\"text-decoration: underline;\"><strong>Description<\/strong><\/span><\/h3>\n<p>Une imprimante multifonction efficace pour des couleurs et une productivit\u00e9 de grande\u00a0<span class=\"m-text-nowrap\">qualit\u00e9. <\/span>Gagnez du temps avec Smart Task dans l&rsquo;application HP Smart, imprimez et num\u00e9risez depuis votre\u00a0<span class=\"m-text-nowrap\">t\u00e9l\u00e9phone.<\/span>\u00a0Obtenez des \u00e9l\u00e9ments de s\u00e9curit\u00e9 essentiels pour pr\u00e9server la confidentialit\u00e9 et le contr\u00f4le.<\/p>\n<p>Fonctions : impression, copie et num\u00e9risation.<\/p>\n<h3><span style=\"text-decoration: underline;\"><strong>Fiche Technique<\/strong><\/span><\/h3>\n<h3>Fonctions : impression, copie et num\u00e9risation.<\/h3>\n<p>Vitesse d\u2019impression noir (ISO, A4) : jusqu\u2019\u00e0 16 ppm.<\/p>\n<p>Vitesse d\u2019impression couleur (ISO) : jusqu\u2019\u00e0 16 ppm.<\/p>\n<p>Impression recto verso : manuelle avec prise en charge des pilotes.<\/p>\n<p>Cycle d\u2019utilisation mensuel (Lettre\/A4) : jusqu\u2019\u00e0 30 000 pages.<\/p>\n<p>Volume mensuel recommand\u00e9 : de 150 \u00e0 1 500 pages<\/p>\n<p>Qualit\u00e9 d\u2019impression maximale en noir : jusqu\u2019\u00e0 600 x 600 ppp.<\/p>\n<p>Qualit\u00e9 d\u2019impression maximale en couleur : jusqu\u2019\u00e0 600 x 600 ppp<\/p>\n<p>Langages d\u2019impression pris en charge : HP PCL6, HP PCL5c, \u00e9mulation HP PostScript niveau 3, PWG Raster, PDF, PCLm, PCLm-S, URF.<\/p>\n<p>Technologie d\u2019impression : laser.<\/p>\n<p>Connectivit\u00e9 standard : port USB 2.0 haute vitesse, port r\u00e9seau Fast Ethernet 10\/100 Base-TX int\u00e9gr\u00e9.<\/p>\n<p>Fonctionnalit\u00e9s d\u2019impression mobile : HP ePrint, Apple AirPrint\u2122, applications mobiles, certification Mopria\u2122.<\/p>\n<p>Fonctionnalit\u00e9s r\u00e9seau : oui, via Ethernet 10\/100 Base-TX int\u00e9gr\u00e9 avec authentification 802.1X.<\/p>\n","protected":false},"excerpt":{"rendered":"<p>Une imprimante multifonction efficace pour des couleurs et une productivit\u00e9 de grande\u00a0<span class=\"m-text-nowrap\">qualit\u00e9. <\/span>Gagnez du temps avec Smart Task dans l&rsquo;application HP Smart, imprimez et num\u00e9risez depuis votre\u00a0<span class=\"m-text-nowrap\">t\u00e9l\u00e9phone.<\/span>\u00a0Obtenez des \u00e9l\u00e9ments de s\u00e9curit\u00e9 essentiels pour pr\u00e9server la confidentialit\u00e9 et le contr\u00f4le.<\/p>\n<p>Fonctions : impression, copie et num\u00e9risation.<\/p>\n","protected":false},"featured_media":4330,"comment_status":"open","ping_status":"closed","template":"","meta":[],"product_brand":[207],"product_cat":[208,157],"product_tag":[270,209,200],"class_list":{"0":"post-4329","1":"product","2":"type-product","3":"status-publish","4":"has-post-thumbnail","6":"product_brand-hp","7":"product_cat-imprimantes","8":"product_cat-informatique","9":"product_tag-hp-color-laserjet-pro-m182n","10":"product_tag-imprimante-hp","11":"product_tag-office-trading","13":"first","14":"instock","15":"shipping-taxable","16":"purchasable","17":"product-type-simple"},"acf":[],"_links":{"self":[{"href":"https:\/\/officetrading.sn\/index.php\/wp-json\/wp\/v2\/product\/4329","targetHints":{"allow":["GET"]}}],"collection":[{"href":"https:\/\/officetrading.sn\/index.php\/wp-json\/wp\/v2\/product"}],"about":[{"href":"https:\/\/officetrading.sn\/index.php\/wp-json\/wp\/v2\/types\/product"}],"replies":[{"embeddable":true,"href":"https:\/\/officetrading.sn\/index.php\/wp-json\/wp\/v2\/comments?post=4329"}],"wp:featuredmedia":[{"embeddable":true,"href":"https:\/\/officetrading.sn\/index.php\/wp-json\/wp\/v2\/media\/4330"}],"wp:attachment":[{"href":"https:\/\/officetrading.sn\/index.php\/wp-json\/wp\/v2\/media?parent=4329"}],"wp:term":[{"taxonomy":"product_brand","embeddable":true,"href":"https:\/\/officetrading.sn\/index.php\/wp-json\/wp\/v2\/product_brand?post=4329"},{"taxonomy":"product_cat","embeddable":true,"href":"https:\/\/officetrading.sn\/index.php\/wp-json\/wp\/v2\/product_cat?post=4329"},{"taxonomy":"product_tag","embeddable":true,"href":"https:\/\/officetrading.sn\/index.php\/wp-json\/wp\/v2\/product_tag?post=4329"}],"curies":[{"name":"wp","href":"https:\/\/api.w.org\/{rel}","templated":true}]}}