{"id":4332,"date":"2026-03-11T15:10:39","date_gmt":"2026-03-11T15:10:39","guid":{"rendered":"https:\/\/officetrading.sn\/?post_type=product&#038;p=4332"},"modified":"2026-03-11T15:10:39","modified_gmt":"2026-03-11T15:10:39","slug":"imprimante-multifonction-hp-color-laserjet-pro-3303fdn","status":"publish","type":"product","link":"https:\/\/officetrading.sn\/index.php\/product\/imprimante-multifonction-hp-color-laserjet-pro-3303fdn\/","title":{"rendered":"Imprimante &#8211; multifonction HP Color LaserJet Pro 3303fdn"},"content":{"rendered":"<h3><span style=\"text-decoration: underline;\"><strong>Description<\/strong><\/span><\/h3>\n<p>Con\u00e7u pour les \u00e9quipes de travail professionnelles qui ont besoin de performances professionnelles avec une impression et une num\u00e9risation recto-verso rapides de haute qualit\u00e9, avec copie et t\u00e9l\u00e9copie, ainsi qu&rsquo;une fiabilit\u00e9 prim\u00e9e dans un design\u00a0<span class=\"m-text-nowrap\">compact.<\/span><\/p>\n<ul>\n<li>Fonctions: Impression, copie, scan, fax<\/li>\n<\/ul>\n<h3><span style=\"text-decoration: underline;\"><strong>Fiche Technique<\/strong><\/span><\/h3>\n<p><strong>Fonctions: Impression, copie, scan, fax<\/strong><\/p>\n<ul class=\"c-product-specs__list body-2\">\n<li class=\"c-product-specs__item\">\n<div>Connectivit\u00e9, standard:1 port USB 2.0 haut d\u00e9bit (p\u00e9riph\u00e9rique); 1 port USB 2.0 haut d\u00e9bit (h\u00f4te); 1 port Wi-Fi 802.11ac (bi-bande); 2 ports RJ-11 fax\/modem\/ligne t\u00e9l\u00e9phonique; Ethernet avec croisement automatique; 1 r\u00e9seau Gigabit Ethernet 10\/100TX int\u00e9gr\u00e9<\/p>\n<\/div>\n<\/li>\n<li class=\"c-product-specs__item\">\n<div>Fonctionnalit\u00e9 d\u2019impression mobile:AirPrint d\u2019Apple\u2122; Applications mobiles; Certifi\u00e9 Mopria\u2122; Application HP; \u00ae Impression en Wifi Direct<\/p>\n<\/div>\n<\/li>\n<li class=\"c-product-specs__item\">\n<div>Cycle d&rsquo;utilisation (mensuel, A4):Jusqu&rsquo;\u00e0 40\u00a0000 pages<\/p>\n<\/div>\n<\/li>\n<li class=\"c-product-specs__item\">\n<div>Cycle d&rsquo;utilisation (mensuel, lettre):Up to 40,000 pages<\/p>\n<\/div>\n<\/li>\n<li class=\"c-product-specs__item\">\n<div>Gestion d&rsquo;introduction du papier, standard:Bac d\u2019alimentation principal 250 feuilles, bac d\u2019alimentation prioritaire feuille \u00e0 feuille<\/p>\n<\/div>\n<\/li>\n<li class=\"c-product-specs__item\">\n<div>Technologie d&rsquo;impression:Laser<\/p>\n<\/div>\n<\/li>\n<li class=\"c-product-specs__item\">\n<div>R\u00e9solution de num\u00e9risation, optique:Jusqu\u2019\u00e0 300 ppp (couleur et noir et blanc, chargeur automatique de documents);\u00a0Jusqu\u2019\u00e0 1 200 ppp (couleur et monochrome, scanner \u00e0 plat)<\/p>\n<\/div>\n<\/li>\n<li class=\"c-product-specs__item\">\n<div>R\u00e9solution de la copie (texte noir):Jusqu&rsquo;\u00e0 600 x 600\u00a0ppp<\/p>\n<\/div>\n<\/li>\n<\/ul>\n","protected":false},"excerpt":{"rendered":"<p>Con\u00e7u pour les \u00e9quipes de travail professionnelles qui ont besoin de performances professionnelles avec une impression et une num\u00e9risation recto-verso rapides de haute qualit\u00e9, avec copie et t\u00e9l\u00e9copie, ainsi qu&rsquo;une fiabilit\u00e9 prim\u00e9e dans un design\u00a0<span class=\"m-text-nowrap\">compact.<\/span><\/p>\n<ul>\n<li>Fonctions: Impression, copie, scan, fax<\/li>\n<\/ul>\n","protected":false},"featured_media":4333,"comment_status":"open","ping_status":"closed","template":"","meta":[],"product_brand":[207],"product_cat":[208,157],"product_tag":[209,272,200],"class_list":{"0":"post-4332","1":"product","2":"type-product","3":"status-publish","4":"has-post-thumbnail","6":"product_brand-hp","7":"product_cat-imprimantes","8":"product_cat-informatique","9":"product_tag-imprimante-hp","10":"product_tag-multifonction-hp-color-laserjet-pro-3303fdn","11":"product_tag-office-trading","13":"first","14":"instock","15":"shipping-taxable","16":"purchasable","17":"product-type-simple"},"acf":[],"_links":{"self":[{"href":"https:\/\/officetrading.sn\/index.php\/wp-json\/wp\/v2\/product\/4332","targetHints":{"allow":["GET"]}}],"collection":[{"href":"https:\/\/officetrading.sn\/index.php\/wp-json\/wp\/v2\/product"}],"about":[{"href":"https:\/\/officetrading.sn\/index.php\/wp-json\/wp\/v2\/types\/product"}],"replies":[{"embeddable":true,"href":"https:\/\/officetrading.sn\/index.php\/wp-json\/wp\/v2\/comments?post=4332"}],"wp:featuredmedia":[{"embeddable":true,"href":"https:\/\/officetrading.sn\/index.php\/wp-json\/wp\/v2\/media\/4333"}],"wp:attachment":[{"href":"https:\/\/officetrading.sn\/index.php\/wp-json\/wp\/v2\/media?parent=4332"}],"wp:term":[{"taxonomy":"product_brand","embeddable":true,"href":"https:\/\/officetrading.sn\/index.php\/wp-json\/wp\/v2\/product_brand?post=4332"},{"taxonomy":"product_cat","embeddable":true,"href":"https:\/\/officetrading.sn\/index.php\/wp-json\/wp\/v2\/product_cat?post=4332"},{"taxonomy":"product_tag","embeddable":true,"href":"https:\/\/officetrading.sn\/index.php\/wp-json\/wp\/v2\/product_tag?post=4332"}],"curies":[{"name":"wp","href":"https:\/\/api.w.org\/{rel}","templated":true}]}}