{"id":4343,"date":"2026-03-11T17:46:08","date_gmt":"2026-03-11T17:46:08","guid":{"rendered":"https:\/\/officetrading.sn\/?post_type=product&#038;p=4343"},"modified":"2026-03-11T17:46:09","modified_gmt":"2026-03-11T17:46:09","slug":"chaise-de-bureau-ergonomique","status":"publish","type":"product","link":"https:\/\/officetrading.sn\/index.php\/product\/chaise-de-bureau-ergonomique\/","title":{"rendered":"Chaise de Bureau &#8211; ergonomique"},"content":{"rendered":"<h3><span style=\"text-decoration: underline;\"><strong>Description<\/strong><\/span><\/h3>\n<p title=\"Chaise de bureau ergonomique multifonctionnelle \u00e0 m\u00e9canisme robuste avec rev\u00eatement en maille, chaise de direction pivotante avec repose-t\u00eate\" data-spm-anchor-id=\"a2700.details.0.i122.4f587e8e4VLf4E\">Chaise de bureau ergonomique multifonctionnelle \u00e0 m\u00e9canisme robuste avec rev\u00eatement en maille, chaise de direction pivotante avec repose-t\u00eate.<\/p>\n<h3><span style=\"text-decoration: underline;\"><strong>Fiche Technique<\/strong><\/span><\/h3>\n<div class=\"id-grid id-grid-cols-[2fr_3fr] id-border-b-[0.5px] id-border-[#ddd]\" data-testid=\"module-attribute-row\">\n<div class=\"id-text-sm id-p-4 id-bg-[#f8f8f8] id-flex id-items-center\" title=\"Mat\u00e9riel\" data-testid=\"module-attribute-name\">\n<div class=\"id-leading-[18px]\" data-attribute-lineclamp=\"true\" data-testid=\"module-attribute-name-text\" data-spm-anchor-id=\"a2700.details.0.i126.4f587e8e4VLf4E\">Mat\u00e9riel : Tissu<\/div>\n<\/div>\n<\/div>\n<div class=\"id-grid id-grid-cols-[2fr_3fr] id-border-b-[0.5px] id-border-[#ddd]\" data-testid=\"module-attribute-row\">\n<div class=\"id-text-sm id-p-4 id-bg-[#f8f8f8] id-flex id-items-center\" title=\"Mod\u00e8le\" data-testid=\"module-attribute-name\">\n<div class=\"id-leading-[18px]\" data-attribute-lineclamp=\"true\" data-testid=\"module-attribute-name-text\">Mod\u00e8le : Fauteuil pivotant<\/div>\n<\/div>\n<\/div>\n<div class=\"id-grid id-grid-cols-[2fr_3fr] id-border-b-[0.5px] id-border-[#ddd]\" data-testid=\"module-attribute-row\">\n<div class=\"id-text-sm id-p-4 id-bg-[#f8f8f8] id-flex id-items-center\" title=\"Dispositif\" data-testid=\"module-attribute-name\">\n<div class=\"id-leading-[18px]\" data-attribute-lineclamp=\"true\" data-testid=\"module-attribute-name-text\">Dispositif : R\u00e9glable (hauteur)<\/div>\n<\/div>\n<\/div>\n<div class=\"id-grid id-grid-cols-[2fr_3fr] id-border-b-[0.5px] id-border-[#ddd]\" data-testid=\"module-attribute-row\">\n<div class=\"id-text-sm id-p-4 id-bg-[#f8f8f8] id-flex id-items-center\" title=\"Base\" data-testid=\"module-attribute-name\">\n<div class=\"id-leading-[18px]\" data-attribute-lineclamp=\"true\" data-testid=\"module-attribute-name-text\">Base : en m\u00e9tal<\/div>\n<\/div>\n<\/div>\n<div class=\"id-grid id-grid-cols-[2fr_3fr] id-border-b-[0.5px] id-border-[#ddd]\" data-testid=\"module-attribute-row\">\n<div class=\"id-text-sm id-p-4 id-bg-[#f8f8f8] id-flex id-items-center\" title=\"Mat\u00e9riel de la monture\" data-testid=\"module-attribute-name\">\n<div class=\"id-leading-[18px]\" data-attribute-lineclamp=\"true\" data-testid=\"module-attribute-name-text\">Mat\u00e9riel de la monture : Nylon<\/div>\n<\/div>\n<\/div>\n<div class=\"id-grid id-grid-cols-[2fr_3fr] id-border-b-[0.5px] id-border-[#ddd]\" data-testid=\"module-attribute-row\">\n<div class=\"id-text-sm id-p-4 id-bg-[#f8f8f8] id-flex id-items-center\" title=\"M\u00e9canisme de r\u00e9glage\" data-testid=\"module-attribute-name\">\n<div class=\"id-leading-[18px]\" data-attribute-lineclamp=\"true\" data-testid=\"module-attribute-name-text\">M\u00e9canisme de r\u00e9glage : Manuel<\/div>\n<\/div>\n<\/div>\n<div class=\"id-grid id-grid-cols-[2fr_3fr] id-border-b-[0.5px] id-border-[#ddd]\" data-testid=\"module-attribute-row\">\n<div class=\"id-text-sm id-p-4 id-bg-[#f8f8f8] id-flex id-items-center\" title=\"Appui-t\u00eate\" data-testid=\"module-attribute-name\">\n<div class=\"id-leading-[18px]\" data-attribute-lineclamp=\"true\" data-testid=\"module-attribute-name-text\">Appui-t\u00eate : Fixe<\/div>\n<\/div>\n<\/div>\n<div class=\"id-grid id-grid-cols-[2fr_3fr] id-border-b-[0.5px] id-border-[#ddd]\" data-testid=\"module-attribute-row\">\n<div class=\"id-text-sm id-p-4 id-bg-[#f8f8f8] id-flex id-items-center\" title=\"Accoudoir\" data-testid=\"module-attribute-name\">\n<div class=\"id-leading-[18px]\" data-attribute-lineclamp=\"true\" data-testid=\"module-attribute-name-text\">Accoudoir : fixes<\/div>\n<\/div>\n<\/div>\n<div class=\"id-grid id-grid-cols-[2fr_3fr] id-border-b-[0.5px] id-border-[#ddd]\" data-testid=\"module-attribute-row\">\n<div class=\"id-text-sm id-p-4 id-bg-[#f8f8f8] id-flex id-items-center\" title=\"Type de mouvement\" data-testid=\"module-attribute-name\">\n<div class=\"id-leading-[18px]\" data-attribute-lineclamp=\"true\" data-testid=\"module-attribute-name-text\">Type de mouvement : Tournant<\/div>\n<\/div>\n<\/div>\n<div class=\"id-grid id-grid-cols-[2fr_3fr] id-border-b-[0.5px] id-border-[#ddd]\" data-testid=\"module-attribute-row\">\n<div class=\"id-text-sm id-p-4 id-bg-[#f8f8f8] id-flex id-items-center\" title=\"Jambes\" data-testid=\"module-attribute-name\">\n<div class=\"id-leading-[18px]\" data-attribute-lineclamp=\"true\" data-testid=\"module-attribute-name-text\">Jambes : Plastique<\/div>\n<\/div>\n<\/div>\n<div class=\"id-grid id-grid-cols-[2fr_3fr] id-border-b-[0.5px] id-border-[#ddd]\" data-testid=\"module-attribute-row\">\n<div class=\"id-text-sm id-p-4 id-bg-[#f8f8f8] id-flex id-items-center\" title=\"Type en m\u00e9tal\" data-testid=\"module-attribute-name\">\n<div class=\"id-leading-[18px]\" data-attribute-lineclamp=\"true\" data-testid=\"module-attribute-name-text\">Type en m\u00e9tal : Fer<\/div>\n<\/div>\n<\/div>\n<div class=\"id-grid id-grid-cols-[2fr_3fr] id-border-b-[0.5px] id-border-[#ddd]\" data-testid=\"module-attribute-row\">\n<div class=\"id-text-sm id-p-4 id-bg-[#f8f8f8] id-flex id-items-center\" title=\"Inclinaison\" data-testid=\"module-attribute-name\">\n<div class=\"id-leading-[18px]\" data-attribute-lineclamp=\"true\" data-testid=\"module-attribute-name-text\">Inclinaison : OUI<\/div>\n<\/div>\n<\/div>\n","protected":false},"excerpt":{"rendered":"<p>Chaise de bureau ergonomique multifonctionnelle \u00e0 m\u00e9canisme robuste avec rev\u00eatement en maille, chaise de direction pivotante avec repose-t\u00eate.<\/p>\n","protected":false},"featured_media":4344,"comment_status":"open","ping_status":"closed","template":"","meta":[],"product_brand":[],"product_cat":[146,190],"product_tag":[191,192,200],"class_list":{"0":"post-4343","1":"product","2":"type-product","3":"status-publish","4":"has-post-thumbnail","6":"product_cat-bureaux","7":"product_cat-chaises-de-bureaux","8":"product_tag-chaise-de-bureau","9":"product_tag-chaise-ergonomique","10":"product_tag-office-trading","12":"first","13":"instock","14":"shipping-taxable","15":"purchasable","16":"product-type-simple"},"acf":[],"_links":{"self":[{"href":"https:\/\/officetrading.sn\/index.php\/wp-json\/wp\/v2\/product\/4343","targetHints":{"allow":["GET"]}}],"collection":[{"href":"https:\/\/officetrading.sn\/index.php\/wp-json\/wp\/v2\/product"}],"about":[{"href":"https:\/\/officetrading.sn\/index.php\/wp-json\/wp\/v2\/types\/product"}],"replies":[{"embeddable":true,"href":"https:\/\/officetrading.sn\/index.php\/wp-json\/wp\/v2\/comments?post=4343"}],"wp:featuredmedia":[{"embeddable":true,"href":"https:\/\/officetrading.sn\/index.php\/wp-json\/wp\/v2\/media\/4344"}],"wp:attachment":[{"href":"https:\/\/officetrading.sn\/index.php\/wp-json\/wp\/v2\/media?parent=4343"}],"wp:term":[{"taxonomy":"product_brand","embeddable":true,"href":"https:\/\/officetrading.sn\/index.php\/wp-json\/wp\/v2\/product_brand?post=4343"},{"taxonomy":"product_cat","embeddable":true,"href":"https:\/\/officetrading.sn\/index.php\/wp-json\/wp\/v2\/product_cat?post=4343"},{"taxonomy":"product_tag","embeddable":true,"href":"https:\/\/officetrading.sn\/index.php\/wp-json\/wp\/v2\/product_tag?post=4343"}],"curies":[{"name":"wp","href":"https:\/\/api.w.org\/{rel}","templated":true}]}}