{"id":4348,"date":"2026-03-11T18:49:40","date_gmt":"2026-03-11T18:49:40","guid":{"rendered":"https:\/\/officetrading.sn\/?post_type=product&#038;p=4348"},"modified":"2026-03-11T18:49:40","modified_gmt":"2026-03-11T18:49:40","slug":"chaise-de-bureau-ergonomique-2","status":"publish","type":"product","link":"https:\/\/officetrading.sn\/index.php\/product\/chaise-de-bureau-ergonomique-2\/","title":{"rendered":"Chaise de Bureau &#8211; ergonomique"},"content":{"rendered":"<h3 title=\"Chaise de bureau pivotante Foshan moderne avec jambes crois\u00e9es, dossier moyen haut, appui-t\u00eate tournant, accoudoir, ordinateur ex\u00e9cutif en tissu \u00e0 filet\" data-spm-anchor-id=\"a2700.details.0.i101.70e597e0lZLtrk\"><span style=\"text-decoration: underline;\"><strong>Description<\/strong><\/span><\/h3>\n<p title=\"Chaise de meubles moderne de haute qualit\u00e9, inclinable, pivotante et ergonomique, accoudoir en maille, chaises de bureau\">Chaise de Bureau &#8211; ergonomique moderne, inclinable, pivotante avec accoudoir fixe, chaises de bureau.<\/p>\n<h3 title=\"Chaise de bureau pivotante Foshan moderne avec jambes crois\u00e9es, dossier moyen haut, appui-t\u00eate tournant, accoudoir, ordinateur ex\u00e9cutif en tissu \u00e0 filet\" data-spm-anchor-id=\"a2700.details.0.i101.70e597e0lZLtrk\"><strong><span style=\"text-decoration: underline;\">Fiche Technique<\/span><\/strong><\/h3>\n<div class=\"id-grid id-grid-cols-[2fr_3fr] id-border-b-[0.5px] id-border-[#ddd]\" data-testid=\"module-attribute-row\">\n<div class=\"id-text-sm id-p-4 id-bg-[#f8f8f8] id-flex id-items-center\" title=\"Mat\u00e9riel\" data-testid=\"module-attribute-name\" data-spm-anchor-id=\"a2700.details.0.i107.70e597e0lZLtrk\">\n<div class=\"id-leading-[18px]\" data-attribute-lineclamp=\"true\" data-testid=\"module-attribute-name-text\">Mat\u00e9riel : Tissu<\/div>\n<\/div>\n<\/div>\n<div class=\"id-grid id-grid-cols-[2fr_3fr] id-border-b-[0.5px] id-border-[#ddd]\" data-testid=\"module-attribute-row\">\n<div class=\"id-text-sm id-p-4 id-bg-[#f8f8f8] id-flex id-items-center\" title=\"Dispositif\" data-testid=\"module-attribute-name\">\n<div class=\"id-leading-[18px]\" data-attribute-lineclamp=\"true\" data-testid=\"module-attribute-name-text\">Dispositif : R\u00e9glable (hauteur)<\/div>\n<\/div>\n<\/div>\n<div class=\"id-grid id-grid-cols-[2fr_3fr] id-border-b-[0.5px] id-border-[#ddd]\" data-testid=\"module-attribute-row\">\n<div class=\"id-text-sm id-p-4 id-bg-[#f8f8f8] id-flex id-items-center\" title=\"Base\" data-testid=\"module-attribute-name\">\n<div class=\"id-leading-[18px]\" data-attribute-lineclamp=\"true\" data-testid=\"module-attribute-name-text\">Base : base en m\u00e9tal<\/div>\n<\/div>\n<\/div>\n<div class=\"id-grid id-grid-cols-[2fr_3fr] id-border-b-[0.5px] id-border-[#ddd]\" data-testid=\"module-attribute-row\">\n<div class=\"id-text-sm id-p-4 id-bg-[#f8f8f8] id-flex id-items-center\" title=\"Mat\u00e9riel de la monture\" data-testid=\"module-attribute-name\">\n<div class=\"id-leading-[18px]\" data-attribute-lineclamp=\"true\" data-testid=\"module-attribute-name-text\">Mat\u00e9riel de la monture : Plastique<\/div>\n<\/div>\n<\/div>\n<div class=\"id-grid id-grid-cols-[2fr_3fr] id-border-b-[0.5px] id-border-[#ddd]\" data-testid=\"module-attribute-row\">\n<div class=\"id-text-sm id-p-4 id-bg-[#f8f8f8] id-flex id-items-center\" title=\"M\u00e9canisme de r\u00e9glage\" data-testid=\"module-attribute-name\">\n<div class=\"id-leading-[18px]\" data-attribute-lineclamp=\"true\" data-testid=\"module-attribute-name-text\">M\u00e9canisme de r\u00e9glage : Manuel<\/div>\n<\/div>\n<\/div>\n<div class=\"id-grid id-grid-cols-[2fr_3fr] id-border-b-[0.5px] id-border-[#ddd]\" data-testid=\"module-attribute-row\">\n<div class=\"id-text-sm id-p-4 id-bg-[#f8f8f8] id-flex id-items-center\" title=\"Accoudoir\" data-testid=\"module-attribute-name\">\n<div class=\"id-leading-[18px]\" data-attribute-lineclamp=\"true\" data-testid=\"module-attribute-name-text\">Accoudoir : Accoudoirs fixes<\/div>\n<\/div>\n<\/div>\n<div class=\"id-grid id-grid-cols-[2fr_3fr] id-border-b-[0.5px] id-border-[#ddd]\" data-testid=\"module-attribute-row\">\n<div class=\"id-text-sm id-p-4 id-bg-[#f8f8f8] id-flex id-items-center\" title=\"Type de mouvement\" data-testid=\"module-attribute-name\">\n<div class=\"id-leading-[18px]\" data-attribute-lineclamp=\"true\" data-testid=\"module-attribute-name-text\">Type de mouvement : PIVOTANT<\/div>\n<\/div>\n<\/div>\n<div class=\"id-grid id-grid-cols-[2fr_3fr] id-border-b-[0.5px] id-border-[#ddd]\" data-testid=\"module-attribute-row\">\n<div class=\"id-text-sm id-p-4 id-bg-[#f8f8f8] id-flex id-items-center\" title=\"Jambes\" data-testid=\"module-attribute-name\">\n<div class=\"id-leading-[18px]\" data-attribute-lineclamp=\"true\" data-testid=\"module-attribute-name-text\">Jambes : Plastique<\/div>\n<\/div>\n<\/div>\n<div class=\"id-grid id-grid-cols-[2fr_3fr] id-border-b-[0.5px] id-border-[#ddd]\" data-testid=\"module-attribute-row\">\n<div class=\"id-text-sm id-p-4 id-bg-[#f8f8f8] id-flex id-items-center\" title=\"Type en m\u00e9tal\" data-testid=\"module-attribute-name\">\n<div class=\"id-leading-[18px]\" data-attribute-lineclamp=\"true\" data-testid=\"module-attribute-name-text\">Type en m\u00e9tal : Fer<\/div>\n<\/div>\n<\/div>\n<div class=\"id-grid id-grid-cols-[2fr_3fr] id-border-b-[0.5px] id-border-[#ddd]\" data-testid=\"module-attribute-row\">\n<div class=\"id-text-sm id-p-4 id-bg-[#f8f8f8] id-flex id-items-center\" title=\"Style arri\u00e8re\" data-testid=\"module-attribute-name\">\n<div class=\"id-leading-[18px]\" data-attribute-lineclamp=\"true\" data-testid=\"module-attribute-name-text\">Style arri\u00e8re : Dos solide<\/div>\n<\/div>\n<\/div>\n<div class=\"id-grid id-grid-cols-[2fr_3fr] id-border-b-[0.5px] id-border-[#ddd]\" data-testid=\"module-attribute-row\">\n<div class=\"id-text-sm id-p-4 id-bg-[#f8f8f8] id-flex id-items-center\" title=\"Inclinaison\" data-testid=\"module-attribute-name\">\n<div class=\"id-leading-[18px]\" data-attribute-lineclamp=\"true\" data-testid=\"module-attribute-name-text\">Inclinaison : OUI<\/div>\n<\/div>\n<\/div>\n","protected":false},"excerpt":{"rendered":"<p>Chaise de Bureau &#8211; ergonomique moderne, inclinable, pivotante avec accoudoir fixe, chaises de bureau.<\/p>\n","protected":false},"featured_media":4351,"comment_status":"open","ping_status":"closed","template":"","meta":[],"product_brand":[],"product_cat":[15],"product_tag":[191,192,200],"class_list":{"0":"post-4348","1":"product","2":"type-product","3":"status-publish","4":"has-post-thumbnail","6":"product_cat-uncategorized","7":"product_tag-chaise-de-bureau","8":"product_tag-chaise-ergonomique","9":"product_tag-office-trading","11":"first","12":"instock","13":"shipping-taxable","14":"purchasable","15":"product-type-simple"},"acf":[],"_links":{"self":[{"href":"https:\/\/officetrading.sn\/index.php\/wp-json\/wp\/v2\/product\/4348","targetHints":{"allow":["GET"]}}],"collection":[{"href":"https:\/\/officetrading.sn\/index.php\/wp-json\/wp\/v2\/product"}],"about":[{"href":"https:\/\/officetrading.sn\/index.php\/wp-json\/wp\/v2\/types\/product"}],"replies":[{"embeddable":true,"href":"https:\/\/officetrading.sn\/index.php\/wp-json\/wp\/v2\/comments?post=4348"}],"wp:featuredmedia":[{"embeddable":true,"href":"https:\/\/officetrading.sn\/index.php\/wp-json\/wp\/v2\/media\/4351"}],"wp:attachment":[{"href":"https:\/\/officetrading.sn\/index.php\/wp-json\/wp\/v2\/media?parent=4348"}],"wp:term":[{"taxonomy":"product_brand","embeddable":true,"href":"https:\/\/officetrading.sn\/index.php\/wp-json\/wp\/v2\/product_brand?post=4348"},{"taxonomy":"product_cat","embeddable":true,"href":"https:\/\/officetrading.sn\/index.php\/wp-json\/wp\/v2\/product_cat?post=4348"},{"taxonomy":"product_tag","embeddable":true,"href":"https:\/\/officetrading.sn\/index.php\/wp-json\/wp\/v2\/product_tag?post=4348"}],"curies":[{"name":"wp","href":"https:\/\/api.w.org\/{rel}","templated":true}]}}