{"id":4353,"date":"2026-03-11T19:32:18","date_gmt":"2026-03-11T19:32:18","guid":{"rendered":"https:\/\/officetrading.sn\/?post_type=product&#038;p=4353"},"modified":"2026-03-11T19:32:18","modified_gmt":"2026-03-11T19:32:18","slug":"bureau-de-travail-1m40","status":"publish","type":"product","link":"https:\/\/officetrading.sn\/index.php\/product\/bureau-de-travail-1m40\/","title":{"rendered":"Bureau de Travail &#8211; 1m40"},"content":{"rendered":"<h3><span style=\"text-decoration: underline;\"><strong>Description<\/strong><\/span><\/h3>\n<p title=\"Bureau de Travail Moderne et Simple, Poste de Travail Modulable pour 2, 4 ou 6 Personnes, Station de Travail Design pour Collaborateurs\" data-spm-anchor-id=\"a2700.details.0.i111.44e243d52dldvH\">Bureau de Travail Moderne et Simple, Poste de Travail solide et robuste pour vos bureau.<\/p>\n<h3 title=\"Bureau de Travail Moderne et Simple, Poste de Travail Modulable pour 2, 4 ou 6 Personnes, Station de Travail Design pour Collaborateurs\" data-spm-anchor-id=\"a2700.details.0.i111.44e243d52dldvH\"><span style=\"text-decoration: underline;\"><strong>Fiche Technique<\/strong><\/span><\/h3>\n<div class=\"id-grid id-grid-cols-[2fr_3fr] id-border-b-[0.5px] id-border-[#ddd]\" data-testid=\"module-attribute-row\">\n<div class=\"id-text-sm id-p-4 id-bg-[#f8f8f8] id-flex id-items-center\" title=\"Style de conception\" data-testid=\"module-attribute-name\" data-spm-anchor-id=\"a2700.details.0.i113.58602080XyBxKJ\">\n<div class=\"id-leading-[18px]\" data-attribute-lineclamp=\"true\" data-testid=\"module-attribute-name-text\" data-spm-anchor-id=\"a2700.details.0.i112.58602080XyBxKJ\">Style de conception : Moderne<\/div>\n<\/div>\n<\/div>\n<div class=\"id-grid id-grid-cols-[2fr_3fr] id-border-b-[0.5px] id-border-[#ddd]\" data-testid=\"module-attribute-row\">\n<div class=\"id-text-sm id-p-4 id-bg-[#f8f8f8] id-flex id-items-center\" title=\"Application\" data-testid=\"module-attribute-name\">\n<div class=\"id-leading-[18px]\" data-attribute-lineclamp=\"true\" data-testid=\"module-attribute-name-text\">Application : Bureau \u00e0 la maison, Chambre, H\u00f4tel, Immeuble de bureaux, H\u00f4pital, \u00c9cole, Entrep\u00f4t, Atelier,<\/div>\n<\/div>\n<\/div>\n<div class=\"id-grid id-grid-cols-[2fr_3fr] id-border-b-[0.5px] id-border-[#ddd]\" data-testid=\"module-attribute-row\">\n<div class=\"id-text-sm id-p-4 id-bg-[#f8f8f8] id-flex id-items-center\" title=\"Type\" data-testid=\"module-attribute-name\"><\/div>\n<\/div>\n<div class=\"id-grid id-grid-cols-[2fr_3fr] id-border-b-[0.5px] id-border-[#ddd]\" data-testid=\"module-attribute-row\">\n<div class=\"id-text-sm id-font-medium id-p-4 id-flex id-items-center id-flex-wrap id-overflow-hidden\" title=\"Moderne\" data-testid=\"module-attribute-value\">\n<div class=\"id-flex id-flex-col id-gap-[10px] id-w-full id-min-w-0\" data-testid=\"module-attribute-value-wrapper\">\n<div class=\"id-leading-[18px]\" data-attribute-lineclamp=\"true\" data-testid=\"module-attribute-value-text\">Couleur : Marron<\/div>\n<div data-attribute-lineclamp=\"true\" data-testid=\"module-attribute-value-text\">\n<div class=\"id-text-sm id-p-4 id-bg-[#f8f8f8] id-flex id-items-center\" title=\"Options de stockage\" data-testid=\"module-attribute-name\">\n<div class=\"id-leading-[18px]\" data-attribute-lineclamp=\"true\" data-testid=\"module-attribute-name-text\" data-spm-anchor-id=\"a2700.details.0.i107.44e243d52dldvH\">Options de stockage : Tiroir bo\u00eete<\/div>\n<div data-attribute-lineclamp=\"true\" data-testid=\"module-attribute-name-text\" data-spm-anchor-id=\"a2700.details.0.i107.44e243d52dldvH\">\n<div class=\"id-text-sm id-p-4 id-bg-[#f8f8f8] id-flex id-items-center\" title=\"Type\" data-testid=\"module-attribute-name\">\n<div class=\"id-leading-[18px]\" data-attribute-lineclamp=\"true\" data-testid=\"module-attribute-name-text\" data-spm-anchor-id=\"a2700.details.0.i109.44e243d52dldvH\">Type : Mobilier de bureau<\/div>\n<div data-attribute-lineclamp=\"true\" data-testid=\"module-attribute-name-text\" data-spm-anchor-id=\"a2700.details.0.i109.44e243d52dldvH\">Dimension : 1m40<\/div>\n<\/div>\n<\/div>\n<\/div>\n<\/div>\n<\/div>\n<\/div>\n<\/div>\n","protected":false},"excerpt":{"rendered":"<p>Bureau de Travail Moderne et Simple, Poste de Travail solide et robuste pour vos bureau.<\/p>\n","protected":false},"featured_media":4354,"comment_status":"open","ping_status":"closed","template":"","meta":[],"product_brand":[],"product_cat":[146,193],"product_tag":[277,200,278],"class_list":{"0":"post-4353","1":"product","2":"type-product","3":"status-publish","4":"has-post-thumbnail","6":"product_cat-bureaux","7":"product_cat-tables-de-bureaux","8":"product_tag-bureau-de-travail","9":"product_tag-office-trading","10":"product_tag-office-work","12":"first","13":"instock","14":"shipping-taxable","15":"purchasable","16":"product-type-simple"},"acf":[],"_links":{"self":[{"href":"https:\/\/officetrading.sn\/index.php\/wp-json\/wp\/v2\/product\/4353","targetHints":{"allow":["GET"]}}],"collection":[{"href":"https:\/\/officetrading.sn\/index.php\/wp-json\/wp\/v2\/product"}],"about":[{"href":"https:\/\/officetrading.sn\/index.php\/wp-json\/wp\/v2\/types\/product"}],"replies":[{"embeddable":true,"href":"https:\/\/officetrading.sn\/index.php\/wp-json\/wp\/v2\/comments?post=4353"}],"wp:featuredmedia":[{"embeddable":true,"href":"https:\/\/officetrading.sn\/index.php\/wp-json\/wp\/v2\/media\/4354"}],"wp:attachment":[{"href":"https:\/\/officetrading.sn\/index.php\/wp-json\/wp\/v2\/media?parent=4353"}],"wp:term":[{"taxonomy":"product_brand","embeddable":true,"href":"https:\/\/officetrading.sn\/index.php\/wp-json\/wp\/v2\/product_brand?post=4353"},{"taxonomy":"product_cat","embeddable":true,"href":"https:\/\/officetrading.sn\/index.php\/wp-json\/wp\/v2\/product_cat?post=4353"},{"taxonomy":"product_tag","embeddable":true,"href":"https:\/\/officetrading.sn\/index.php\/wp-json\/wp\/v2\/product_tag?post=4353"}],"curies":[{"name":"wp","href":"https:\/\/api.w.org\/{rel}","templated":true}]}}