{"id":4356,"date":"2026-03-11T22:57:49","date_gmt":"2026-03-11T22:57:49","guid":{"rendered":"https:\/\/officetrading.sn\/?post_type=product&#038;p=4356"},"modified":"2026-03-11T22:57:49","modified_gmt":"2026-03-11T22:57:49","slug":"bureau-de-travail-1m20","status":"publish","type":"product","link":"https:\/\/officetrading.sn\/index.php\/product\/bureau-de-travail-1m20\/","title":{"rendered":"Bureau de Travail &#8211; 1m20"},"content":{"rendered":"<h3><span style=\"text-decoration: underline;\"><strong>Description<\/strong><\/span><\/h3>\n<div class=\"id-grid id-grid-cols-[2fr_3fr] id-border-b-[0.5px] id-border-[#ddd]\" data-testid=\"module-attribute-row\">\n<div class=\"id-text-sm id-p-4 id-bg-[#f8f8f8] id-flex id-items-center\" title=\"Mat\u00e9riel\" data-testid=\"module-attribute-name\">\n<div data-attribute-lineclamp=\"true\" data-testid=\"module-attribute-name-text\" data-spm-anchor-id=\"a2700.details.0.i115.58602080XyBxKJ\">Bureau de Travail moderne et Simple, Poste de Travail solide et robuste pour vos bureau.<\/div>\n<div data-attribute-lineclamp=\"true\" data-testid=\"module-attribute-name-text\" data-spm-anchor-id=\"a2700.details.0.i115.58602080XyBxKJ\"><\/div>\n<div class=\"id-leading-[18px]\" data-attribute-lineclamp=\"true\" data-testid=\"module-attribute-name-text\" data-spm-anchor-id=\"a2700.details.0.i115.58602080XyBxKJ\">Mat\u00e9riel : Bois<\/div>\n<\/div>\n<\/div>\n<div class=\"id-grid id-grid-cols-[2fr_3fr] id-border-b-[0.5px] id-border-[#ddd]\" data-testid=\"module-attribute-row\">\n<div class=\"id-text-sm id-p-4 id-bg-[#f8f8f8] id-flex id-items-center\" title=\"Dispositif\" data-testid=\"module-attribute-name\">\n<div class=\"id-leading-[18px]\" data-attribute-lineclamp=\"true\" data-testid=\"module-attribute-name-text\">Dispositif : Durable<\/div>\n<\/div>\n<\/div>\n<div class=\"id-grid id-grid-cols-[2fr_3fr] id-border-b-[0.5px] id-border-[#ddd]\" data-testid=\"module-attribute-row\">\n<div class=\"id-text-sm id-p-4 id-bg-[#f8f8f8] id-flex id-items-center\" title=\"Style de conception\" data-testid=\"module-attribute-name\" data-spm-anchor-id=\"a2700.details.0.i113.58602080XyBxKJ\">\n<div class=\"id-leading-[18px]\" data-attribute-lineclamp=\"true\" data-testid=\"module-attribute-name-text\" data-spm-anchor-id=\"a2700.details.0.i112.58602080XyBxKJ\">Style de conception : Moderne<\/div>\n<\/div>\n<\/div>\n<div class=\"id-grid id-grid-cols-[2fr_3fr] id-border-b-[0.5px] id-border-[#ddd]\" data-testid=\"module-attribute-row\">\n<div class=\"id-text-sm id-p-4 id-bg-[#f8f8f8] id-flex id-items-center\" title=\"Application\" data-testid=\"module-attribute-name\">\n<div class=\"id-leading-[18px]\" data-attribute-lineclamp=\"true\" data-testid=\"module-attribute-name-text\">Application : Bureau \u00e0 la maison, Chambre, H\u00f4tel, Immeuble de bureaux, H\u00f4pital, \u00c9cole, Entrep\u00f4t, Atelier,<\/div>\n<\/div>\n<\/div>\n<div class=\"id-grid id-grid-cols-[2fr_3fr] id-border-b-[0.5px] id-border-[#ddd]\" data-testid=\"module-attribute-row\">\n<div class=\"id-text-sm id-p-4 id-bg-[#f8f8f8] id-flex id-items-center\" title=\"Type\" data-testid=\"module-attribute-name\"><\/div>\n<div class=\"id-text-sm id-font-medium id-p-4 id-flex id-items-center id-flex-wrap id-overflow-hidden\" title=\"Autres mobiliers commerciaux\" data-testid=\"module-attribute-value\">\n<div class=\"id-flex id-flex-col id-gap-[10px] id-w-full id-min-w-0\" data-testid=\"module-attribute-value-wrapper\">\n<div class=\"id-leading-[18px]\" data-attribute-lineclamp=\"true\" data-testid=\"module-attribute-value-text\">\n<div class=\"id-text-sm id-p-4 id-bg-[#f8f8f8] id-flex id-items-center\" title=\"Options de stockage\" data-testid=\"module-attribute-name\" data-spm-anchor-id=\"a2700.details.0.i120.44e243d52dldvH\">\n<div class=\"id-leading-[18px]\" data-attribute-lineclamp=\"true\" data-testid=\"module-attribute-name-text\" data-spm-anchor-id=\"a2700.details.0.i107.44e243d52dldvH\">Options de stockage : Tiroir bo\u00eete<\/div>\n<\/div>\n<\/div>\n<\/div>\n<\/div>\n<\/div>\n","protected":false},"excerpt":{"rendered":"<p>Bureau de Travail moderne et Simple, Poste de Travail solide et robuste pour vos bureau.<\/p>\n","protected":false},"featured_media":4358,"comment_status":"open","ping_status":"closed","template":"","meta":[],"product_brand":[],"product_cat":[146,193],"product_tag":[277,200],"class_list":{"0":"post-4356","1":"product","2":"type-product","3":"status-publish","4":"has-post-thumbnail","6":"product_cat-bureaux","7":"product_cat-tables-de-bureaux","8":"product_tag-bureau-de-travail","9":"product_tag-office-trading","11":"first","12":"instock","13":"shipping-taxable","14":"purchasable","15":"product-type-simple"},"acf":[],"_links":{"self":[{"href":"https:\/\/officetrading.sn\/index.php\/wp-json\/wp\/v2\/product\/4356","targetHints":{"allow":["GET"]}}],"collection":[{"href":"https:\/\/officetrading.sn\/index.php\/wp-json\/wp\/v2\/product"}],"about":[{"href":"https:\/\/officetrading.sn\/index.php\/wp-json\/wp\/v2\/types\/product"}],"replies":[{"embeddable":true,"href":"https:\/\/officetrading.sn\/index.php\/wp-json\/wp\/v2\/comments?post=4356"}],"wp:featuredmedia":[{"embeddable":true,"href":"https:\/\/officetrading.sn\/index.php\/wp-json\/wp\/v2\/media\/4358"}],"wp:attachment":[{"href":"https:\/\/officetrading.sn\/index.php\/wp-json\/wp\/v2\/media?parent=4356"}],"wp:term":[{"taxonomy":"product_brand","embeddable":true,"href":"https:\/\/officetrading.sn\/index.php\/wp-json\/wp\/v2\/product_brand?post=4356"},{"taxonomy":"product_cat","embeddable":true,"href":"https:\/\/officetrading.sn\/index.php\/wp-json\/wp\/v2\/product_cat?post=4356"},{"taxonomy":"product_tag","embeddable":true,"href":"https:\/\/officetrading.sn\/index.php\/wp-json\/wp\/v2\/product_tag?post=4356"}],"curies":[{"name":"wp","href":"https:\/\/api.w.org\/{rel}","templated":true}]}}