{"id":4376,"date":"2026-03-14T12:50:25","date_gmt":"2026-03-14T12:50:25","guid":{"rendered":"https:\/\/officetrading.sn\/?post_type=product&#038;p=4376"},"modified":"2026-03-14T13:10:50","modified_gmt":"2026-03-14T13:10:50","slug":"refrigerateur-lg-2-portes-395-litres-inverter-noire","status":"publish","type":"product","link":"https:\/\/officetrading.sn\/index.php\/product\/refrigerateur-lg-2-portes-395-litres-inverter-noire\/","title":{"rendered":"REFRIGERATEUR LG 2 PORTES 395 LITRES INVERTER Noire"},"content":{"rendered":"<div class=\"c-text-contents item\">\n<div class=\"title c-text-contents__headline\">\n<div class=\"c-compare-selling__table\">\n<div class=\"c-compare-selling__table-head text\">\n<h3><span style=\"text-decoration: underline;\"><strong>Description<\/strong><\/span><\/h3>\n<\/div>\n<ul class=\"c-compare-selling__spec-list\">\n<li class=\"text c-compare-selling__item\">\n<div class=\"cmp-text c-compare-selling__spec-name\">\n<p>Capacit\u00e9 du cong\u00e9lateur (L) : 84<\/p>\n<\/div>\n<\/li>\n<li class=\"text c-compare-selling__item\">\n<div class=\"cmp-text c-compare-selling__spec-name\">\n<p>Capacit\u00e9 du r\u00e9frig\u00e9rateur (L) : 305<\/p>\n<\/div>\n<\/li>\n<\/ul>\n<\/div>\n<div class=\"c-compare-selling__table\">\n<div class=\"c-compare-selling__table-head text\">\n<h4 class=\"cmp-text\" data-cmp-data-layer=\"\">CONTR\u00d4LE ET AFFICHAGE<\/h4>\n<\/div>\n<ul class=\"c-compare-selling__spec-list\">\n<li class=\"text c-compare-selling__item\">\n<div class=\"cmp-text c-compare-selling__spec-name\">\n<p>Affichage LED interne : Exposition int\u00e9rieure<\/p>\n<\/div>\n<\/li>\n<\/ul>\n<\/div>\n<div class=\"c-compare-selling__table\">\n<div class=\"c-compare-selling__table-head text\">\n<h4 class=\"cmp-text\" data-cmp-data-layer=\"\">MAT\u00c9RIAU ET FINITION<\/h4>\n<\/div>\n<ul class=\"c-compare-selling__spec-list\">\n<li class=\"text c-compare-selling__item\">\n<div class=\"cmp-text c-compare-selling__spec-name\">\n<p>Finition (porte) : Acier brillant<\/p>\n<\/div>\n<\/li>\n<li class=\"text c-compare-selling__item\">\n<div class=\"cmp-text c-compare-selling__spec-name\">\n<p>Porte (mat\u00e9riau) : PET<\/p>\n<\/div>\n<\/li>\n<li class=\"text c-compare-selling__item\">\n<div class=\"cmp-text c-compare-selling__spec-name\">\n<p>Type de poign\u00e9e : Poign\u00e9e horizontale<\/p>\n<\/div>\n<\/li>\n<\/ul>\n<\/div>\n<div class=\"c-compare-selling__table\">\n<ul class=\"c-compare-selling__spec-list\">\n<li class=\"text c-compare-selling__item\">\n<div class=\"cmp-text c-compare-selling__spec-name\">\n<p>Machine \u00e0 gla\u00e7ons manuelle : Bac \u00e0 glace normal<\/p>\n<\/div>\n<\/li>\n<\/ul>\n<\/div>\n<div class=\"c-compare-selling__table\">\n<div class=\"c-compare-selling__table-head text\">\n<h4 class=\"cmp-text\" data-cmp-data-layer=\"\">PERFORMANCES<\/h4>\n<\/div>\n<ul class=\"c-compare-selling__spec-list\">\n<li class=\"text c-compare-selling__item\">\n<div class=\"cmp-text c-compare-selling__spec-name\">\n<p>Type de compresseur : Compresseur Onduleur Smart Inverter<\/p>\n<\/div>\n<\/li>\n<\/ul>\n<\/div>\n<div class=\"c-compare-selling__table\">\n<div class=\"c-compare-selling__table-head text\">\n<h4 class=\"cmp-text\" data-cmp-data-layer=\"\">COMPARTIMENT DU R\u00c9FRIG\u00c9RATEUR<\/h4>\n<\/div>\n<ul class=\"c-compare-selling__spec-list\">\n<li class=\"text c-compare-selling__item\">\n<div class=\"cmp-text c-compare-selling__spec-name\">\n<p>Lumi\u00e8re de r\u00e9frig\u00e9rateur : LED sup\u00e9rieure<\/p>\n<\/div>\n<\/li>\n<li class=\"text c-compare-selling__item\">\n<div class=\"cmp-text c-compare-selling__spec-name\">\n<p>Panier de porte transparent : 4<\/p>\n<\/div>\n<\/li>\n<li class=\"text c-compare-selling__item\">\n<div class=\"cmp-text c-compare-selling__spec-name\">\n<p>\u00c9tag\u00e8re en verre tremp\u00e9 : 2<\/p>\n<\/div>\n<\/li>\n<li class=\"text c-compare-selling__item\">\n<div class=\"cmp-text c-compare-selling__spec-name\">\n<p>Tiroir \u00e0 l\u00e9gumes : Oui<\/p>\n<\/div>\n<\/li>\n<\/ul>\n<\/div>\n<div class=\"c-compare-selling__table\">\n<div class=\"c-compare-selling__table-head text\">\n<h4 class=\"cmp-text\" data-cmp-data-layer=\"\">COMPARTIMENT DU CONG\u00c9LATEUR<\/h4>\n<\/div>\n<ul class=\"c-compare-selling__spec-list\">\n<li class=\"text c-compare-selling__item\">\n<div class=\"cmp-text c-compare-selling__spec-name\">\n<p>Panier de porte transparent : 2<\/p>\n<\/div>\n<\/li>\n<li class=\"text c-compare-selling__item\">\n<div class=\"cmp-text c-compare-selling__spec-name\">\n<p>\u00c9tag\u00e8re en verre tremp\u00e9 : 1<\/p>\n<\/div>\n<\/li>\n<\/ul>\n<\/div>\n<div class=\"c-compare-selling__table\">\n<div class=\"c-compare-selling__table-head text\">\n<h4 class=\"cmp-text\" data-cmp-data-layer=\"\">SP\u00c9CIFICATIONS DE BASE<\/h4>\n<\/div>\n<ul class=\"c-compare-selling__spec-list\">\n<li class=\"text c-compare-selling__item\">\n<div class=\"cmp-text c-compare-selling__spec-name\">\n<p>Type de produit : Duplex<\/p>\n<\/div>\n<\/li>\n<li class=\"text c-compare-selling__item\">\n<div class=\"cmp-text c-compare-selling__spec-name\">\n<p>Classification \u00e9nerg\u00e9tique : A+++<\/p>\n<\/div>\n<\/li>\n<\/ul>\n<\/div>\n<div class=\"c-compare-selling__table\">\n<div class=\"c-compare-selling__table-head text\">\n<h4 class=\"cmp-text\" data-cmp-data-layer=\"\">DIMENSIONS ET POIDS<\/h4>\n<\/div>\n<ul class=\"c-compare-selling__spec-list\">\n<li class=\"text c-compare-selling__item\">\n<div class=\"cmp-text c-compare-selling__spec-name\">\n<p>Poids du produit (kg) : 66<\/p>\n<\/div>\n<\/li>\n<li class=\"text c-compare-selling__item\">\n<div class=\"cmp-text c-compare-selling__spec-name\">\n<p>Poids du paquet (kg) : 76<\/p>\n<\/div>\n<\/li>\n<\/ul>\n<\/div>\n<\/div>\n<\/div>\n","protected":false},"excerpt":{"rendered":"<div class=\"c-text-contents item\">\n<div class=\"title c-text-contents__headline\">\n<div data-cmp-data-layer=\"\">\n<p>R\u00e9frig\u00e9rateur 2 Ports LG INVERTER \/ Syst\u00e8me de refroidissement : <em>No Frost<\/em>\u00a0\/\u00a0Volume :\u00a0<strong>395 Litres<\/strong>\u00a0\/ \u00a0\/\u00a0<strong>LinearCooling\u2122<\/strong>\u00a0\/\u00a0<strong>Door Cooling<sup>+<\/sup>\u2122<\/strong>\u00a0\/\u00a0<strong>Multi Air Flow<\/strong> \/ Smart Diagnosis \/ <strong>Moteur inverter<\/strong> \/\u00a0 Dimensions (LxPxH) : 680x1760x700 \/ Poids : 64 Kg \/<strong class=\"cmp-title__text\">Classification \u00e9nerg\u00e9tique<\/strong><\/p>\n<div class=\"text c-text-contents__bodycopy\">\n<div class=\"cmp-text\" data-cmp-data-layer=\"\">A+++<\/div>\n<\/div>\n<\/div>\n<\/div>\n<\/div>\n","protected":false},"featured_media":4381,"comment_status":"open","ping_status":"closed","template":"","meta":[],"product_brand":[226],"product_cat":[155,196],"product_tag":[244,200],"class_list":{"0":"post-4376","1":"product","2":"type-product","3":"status-publish","4":"has-post-thumbnail","6":"product_brand-lg","7":"product_cat-electromenager","8":"product_cat-refrigerateurs","9":"product_tag-lg","10":"product_tag-office-trading","12":"first","13":"instock","14":"shipping-taxable","15":"purchasable","16":"product-type-simple"},"acf":[],"_links":{"self":[{"href":"https:\/\/officetrading.sn\/index.php\/wp-json\/wp\/v2\/product\/4376","targetHints":{"allow":["GET"]}}],"collection":[{"href":"https:\/\/officetrading.sn\/index.php\/wp-json\/wp\/v2\/product"}],"about":[{"href":"https:\/\/officetrading.sn\/index.php\/wp-json\/wp\/v2\/types\/product"}],"replies":[{"embeddable":true,"href":"https:\/\/officetrading.sn\/index.php\/wp-json\/wp\/v2\/comments?post=4376"}],"wp:featuredmedia":[{"embeddable":true,"href":"https:\/\/officetrading.sn\/index.php\/wp-json\/wp\/v2\/media\/4381"}],"wp:attachment":[{"href":"https:\/\/officetrading.sn\/index.php\/wp-json\/wp\/v2\/media?parent=4376"}],"wp:term":[{"taxonomy":"product_brand","embeddable":true,"href":"https:\/\/officetrading.sn\/index.php\/wp-json\/wp\/v2\/product_brand?post=4376"},{"taxonomy":"product_cat","embeddable":true,"href":"https:\/\/officetrading.sn\/index.php\/wp-json\/wp\/v2\/product_cat?post=4376"},{"taxonomy":"product_tag","embeddable":true,"href":"https:\/\/officetrading.sn\/index.php\/wp-json\/wp\/v2\/product_tag?post=4376"}],"curies":[{"name":"wp","href":"https:\/\/api.w.org\/{rel}","templated":true}]}}