{"id":4383,"date":"2026-03-15T13:00:57","date_gmt":"2026-03-15T13:00:57","guid":{"rendered":"https:\/\/officetrading.sn\/?post_type=product&#038;p=4383"},"modified":"2026-03-15T14:08:25","modified_gmt":"2026-03-15T14:08:25","slug":"refrigerateur-lg-1-porte-313-litres-inverter","status":"publish","type":"product","link":"https:\/\/officetrading.sn\/index.php\/product\/refrigerateur-lg-1-porte-313-litres-inverter\/","title":{"rendered":"REFRIGERATEUR LG 1 PORTE 313 LITRES INVERTER"},"content":{"rendered":"<div class=\"tech-spacs\">R\u00e9frig\u00e9rateur une porte 313 L avec distributeur d&rsquo;eau mince.La tour lumineuse et les LED sup\u00e9rieures illuminent chaque coin \u00e0 l\u2019int\u00e9rieur<br \/>\n_ Dur\u00e9e de vie extr\u00eamement longue (semi-permanent)<br \/>\n_ Elles \u00e9mettent moins de chaleur que les ampoules \u00e0 incandescenceCAPACIT\u00c9<\/p>\n<dl>\n<dt>Volume de stockage du r\u00e9frig\u00e9rateur (L) : 380<\/dt>\n<\/dl>\n<dl>\n<dt>Volume de stockage total (L) : 380<\/dt>\n<\/dl>\n<\/div>\n<div class=\"tech-spacs\">\n<div class=\"tech-spacs-title\">DIMENSIONS ET POIDS<\/div>\n<div class=\"tech-spacs-contents\">\n<dl>\n<dt>Profondeur sans porte (mm) : 740<\/dt>\n<\/dl>\n<dl>\n<dt>Profondeur sans poign\u00e9e (mm) : 740<\/dt>\n<\/dl>\n<dl>\n<dt>Dimensions de l\u2019appareil (L x H x P, mm) : 1 275 x 825 x 740<\/dt>\n<\/dl>\n<dl>\n<dt>Poids du produit (kg) : 55<\/dt>\n<\/dl>\n<\/div>\n<\/div>\n<div class=\"tech-spacs\">\n<div class=\"tech-spacs-title\">COMPARTIMENT CONG\u00c9LATEUR<\/div>\n<div class=\"tech-spacs-contents\">\n<dl>\n<dt>\u00c9clairage du cong\u00e9lateur : \u00c9clairage LED<\/dt>\n<\/dl>\n<\/div>\n<\/div>\n<div class=\"tech-spacs\">\n<div class=\"tech-spacs-title\">MAT\u00c9RIAU ET FINITION :<\/div>\n<div class=\"tech-spacs-title\">Finition (porte) : Gris<\/div>\n<\/div>\n","protected":false},"excerpt":{"rendered":"<p class=\"model-title\">R\u00e9frig\u00e9rateur une porte 313 L avec distributeur d&rsquo;eau mince<\/p>\n<p>CAPACIT\u00c9 TOTALE : 380 L<\/p>\n<p>DIMENSION (MM) : 595 po x 1 860 po x 707 po<\/p>\n<p>Compresseur a Onduleur Smart Inverter<\/p>\n<p>LINEAR Cooling\u2122 Door Cooling+\u2122<\/p>\n","protected":false},"featured_media":4400,"comment_status":"open","ping_status":"closed","template":"","meta":[],"product_brand":[226],"product_cat":[155,196],"product_tag":[244,200],"class_list":{"0":"post-4383","1":"product","2":"type-product","3":"status-publish","4":"has-post-thumbnail","6":"product_brand-lg","7":"product_cat-electromenager","8":"product_cat-refrigerateurs","9":"product_tag-lg","10":"product_tag-office-trading","12":"first","13":"instock","14":"shipping-taxable","15":"purchasable","16":"product-type-simple"},"acf":[],"_links":{"self":[{"href":"https:\/\/officetrading.sn\/index.php\/wp-json\/wp\/v2\/product\/4383","targetHints":{"allow":["GET"]}}],"collection":[{"href":"https:\/\/officetrading.sn\/index.php\/wp-json\/wp\/v2\/product"}],"about":[{"href":"https:\/\/officetrading.sn\/index.php\/wp-json\/wp\/v2\/types\/product"}],"replies":[{"embeddable":true,"href":"https:\/\/officetrading.sn\/index.php\/wp-json\/wp\/v2\/comments?post=4383"}],"wp:featuredmedia":[{"embeddable":true,"href":"https:\/\/officetrading.sn\/index.php\/wp-json\/wp\/v2\/media\/4400"}],"wp:attachment":[{"href":"https:\/\/officetrading.sn\/index.php\/wp-json\/wp\/v2\/media?parent=4383"}],"wp:term":[{"taxonomy":"product_brand","embeddable":true,"href":"https:\/\/officetrading.sn\/index.php\/wp-json\/wp\/v2\/product_brand?post=4383"},{"taxonomy":"product_cat","embeddable":true,"href":"https:\/\/officetrading.sn\/index.php\/wp-json\/wp\/v2\/product_cat?post=4383"},{"taxonomy":"product_tag","embeddable":true,"href":"https:\/\/officetrading.sn\/index.php\/wp-json\/wp\/v2\/product_tag?post=4383"}],"curies":[{"name":"wp","href":"https:\/\/api.w.org\/{rel}","templated":true}]}}