{"id":4413,"date":"2026-03-21T00:48:08","date_gmt":"2026-03-21T00:48:08","guid":{"rendered":"https:\/\/officetrading.sn\/?post_type=product&#038;p=4413"},"modified":"2026-03-21T00:48:08","modified_gmt":"2026-03-21T00:48:08","slug":"open-space-4-places","status":"publish","type":"product","link":"https:\/\/officetrading.sn\/index.php\/product\/open-space-4-places\/","title":{"rendered":"Open Space &#8211; 4 places"},"content":{"rendered":"<p><strong>Open Space &#8211; 4 places<\/strong> con\u00e7u pour un espace de travail partag\u00e9. L&rsquo;ensemble comprend un grand bureau rectangulaire en bois avec structure m\u00e9tallique noire, divis\u00e9 en quatre postes de travail gr\u00e2ce \u00e0 des s\u00e9parateurs centraux. Chaque poste est \u00e9quip\u00e9 d&rsquo;un caisson de rangement \u00e0 tiroirs avec <strong>dimensions1600*1200*750<\/strong>.<strong>\u00a0Open Space &#8211; 4 places<\/strong>\u00a0est typique des open spaces ou bureaux collaboratifs.<\/p>\n<p>&nbsp;<\/p>\n","protected":false},"excerpt":{"rendered":"<p><strong> Open Space &#8211; 4 places<\/strong>\u00a0est typique des open spaces ou bureaux collaboratifs.<\/p>\n","protected":false},"featured_media":4415,"comment_status":"open","ping_status":"closed","template":"","meta":[],"product_brand":[],"product_cat":[146,279,193],"product_tag":[218,200,238],"class_list":{"0":"post-4413","1":"product","2":"type-product","3":"status-publish","4":"has-post-thumbnail","6":"product_cat-bureaux","7":"product_cat-open-spaces","8":"product_cat-tables-de-bureaux","9":"product_tag-bureau-open-space","10":"product_tag-office-trading","11":"product_tag-station-de-travail","13":"first","14":"instock","15":"shipping-taxable","16":"purchasable","17":"product-type-simple"},"acf":[],"_links":{"self":[{"href":"https:\/\/officetrading.sn\/index.php\/wp-json\/wp\/v2\/product\/4413","targetHints":{"allow":["GET"]}}],"collection":[{"href":"https:\/\/officetrading.sn\/index.php\/wp-json\/wp\/v2\/product"}],"about":[{"href":"https:\/\/officetrading.sn\/index.php\/wp-json\/wp\/v2\/types\/product"}],"replies":[{"embeddable":true,"href":"https:\/\/officetrading.sn\/index.php\/wp-json\/wp\/v2\/comments?post=4413"}],"wp:featuredmedia":[{"embeddable":true,"href":"https:\/\/officetrading.sn\/index.php\/wp-json\/wp\/v2\/media\/4415"}],"wp:attachment":[{"href":"https:\/\/officetrading.sn\/index.php\/wp-json\/wp\/v2\/media?parent=4413"}],"wp:term":[{"taxonomy":"product_brand","embeddable":true,"href":"https:\/\/officetrading.sn\/index.php\/wp-json\/wp\/v2\/product_brand?post=4413"},{"taxonomy":"product_cat","embeddable":true,"href":"https:\/\/officetrading.sn\/index.php\/wp-json\/wp\/v2\/product_cat?post=4413"},{"taxonomy":"product_tag","embeddable":true,"href":"https:\/\/officetrading.sn\/index.php\/wp-json\/wp\/v2\/product_tag?post=4413"}],"curies":[{"name":"wp","href":"https:\/\/api.w.org\/{rel}","templated":true}]}}