{"id":4424,"date":"2026-03-22T17:48:28","date_gmt":"2026-03-22T17:48:28","guid":{"rendered":"https:\/\/officetrading.sn\/?post_type=product&#038;p=4424"},"modified":"2026-03-25T09:30:06","modified_gmt":"2026-03-25T09:30:06","slug":"rayonnage-gris","status":"publish","type":"product","link":"https:\/\/officetrading.sn\/index.php\/product\/rayonnage-gris\/","title":{"rendered":"Rayonnage -Gris"},"content":{"rendered":"<h3><span style=\"text-decoration: underline;\"><strong>Description<\/strong><\/span><\/h3>\n<p>Rayonnage &#8211; \u00c9tag\u00e8re de Rangement\u00a0est con\u00e7ue pour l&rsquo;organisation intensive dans les garages, ateliers et entrep\u00f4ts\u00a0<cite><\/cite><cite><\/cite><\/p>\n<p data-unit-id=\"\"><strong>Caract\u00e9ristiques Principales :<\/strong><\/p>\n<ul data-unit-id=\"\">\n<li data-unit-id=\"\" data-spm-anchor-id=\"a2700.aimode_thread.0.i39.5703103bofs9au\"><strong>Structure Durable :<\/strong>\u00a0Cadre en acier haute r\u00e9sistance avec une finition par poudrage anti-corrosion, disponible en blanc ou personnalisable\u00a0<cite><\/cite><cite><\/cite><\/li>\n<li data-unit-id=\"\"><strong>Conception sans Boulon (Boltless) :<\/strong>\u00a0Permet un assemblage rapide et facile sans outils sp\u00e9ciaux. Les niveaux sont ajustables en hauteur pour s&rsquo;adapter \u00e0 divers types d&rsquo;objets\u00a0<cite><\/cite><cite><\/cite><\/li>\n<li data-unit-id=\"\"><strong>Capacit\u00e9 de Charge \u00c9lev\u00e9e :<\/strong> Con\u00e7ue pour supporter des charges lourdes.<cite><\/cite><\/li>\n<li data-unit-id=\"\" data-spm-anchor-id=\"a2700.aimode_thread.0.i41.5703103bofs9au\"><strong>Polyvalence :<\/strong>\u00a0Id\u00e9ale pour le stockage de pneus, caisses \u00e0 outils, bo\u00eetes de rangement et \u00e9quipements volumineux<\/li>\n<\/ul>\n","protected":false},"excerpt":{"rendered":"<p><strong>Rayonnage &#8211; \u00c9tag\u00e8re de Rangement<\/strong>\u00a0est con\u00e7ue pour l&rsquo;organisation intensive dans les garages, ateliers et entrep\u00f4ts<\/p>\n","protected":false},"featured_media":4285,"comment_status":"open","ping_status":"closed","template":"","meta":[],"product_brand":[],"product_cat":[15],"product_tag":[282,200,281],"class_list":{"0":"post-4424","1":"product","2":"type-product","3":"status-publish","4":"has-post-thumbnail","6":"product_cat-uncategorized","7":"product_tag-etagere-de-rangement","8":"product_tag-office-trading","9":"product_tag-rayonnage","11":"first","12":"instock","13":"shipping-taxable","14":"purchasable","15":"product-type-simple"},"acf":[],"_links":{"self":[{"href":"https:\/\/officetrading.sn\/index.php\/wp-json\/wp\/v2\/product\/4424","targetHints":{"allow":["GET"]}}],"collection":[{"href":"https:\/\/officetrading.sn\/index.php\/wp-json\/wp\/v2\/product"}],"about":[{"href":"https:\/\/officetrading.sn\/index.php\/wp-json\/wp\/v2\/types\/product"}],"replies":[{"embeddable":true,"href":"https:\/\/officetrading.sn\/index.php\/wp-json\/wp\/v2\/comments?post=4424"}],"wp:featuredmedia":[{"embeddable":true,"href":"https:\/\/officetrading.sn\/index.php\/wp-json\/wp\/v2\/media\/4285"}],"wp:attachment":[{"href":"https:\/\/officetrading.sn\/index.php\/wp-json\/wp\/v2\/media?parent=4424"}],"wp:term":[{"taxonomy":"product_brand","embeddable":true,"href":"https:\/\/officetrading.sn\/index.php\/wp-json\/wp\/v2\/product_brand?post=4424"},{"taxonomy":"product_cat","embeddable":true,"href":"https:\/\/officetrading.sn\/index.php\/wp-json\/wp\/v2\/product_cat?post=4424"},{"taxonomy":"product_tag","embeddable":true,"href":"https:\/\/officetrading.sn\/index.php\/wp-json\/wp\/v2\/product_tag?post=4424"}],"curies":[{"name":"wp","href":"https:\/\/api.w.org\/{rel}","templated":true}]}}