{"id":4425,"date":"2026-03-22T18:10:25","date_gmt":"2026-03-22T18:10:25","guid":{"rendered":"https:\/\/officetrading.sn\/?post_type=product&#038;p=4425"},"modified":"2026-03-25T09:49:01","modified_gmt":"2026-03-25T09:49:01","slug":"bureau-de-direction-executif","status":"publish","type":"product","link":"https:\/\/officetrading.sn\/index.php\/product\/bureau-de-direction-executif\/","title":{"rendered":"Bureau de Direction Ex\u00e9cutif"},"content":{"rendered":"<h3><span style=\"text-decoration: underline;\"><strong>Description<\/strong><\/span><\/h3>\n<h3 data-unit-id=\"AIMODE_Web_5500013011262_1774202327917&amp;e01dc1396ff6e477&amp;aggregation-0-summary-0-h3-1\" data-spm-anchor-id=\"a2700.aimode_thread.0.i60.6462103bl0JEOW\">Bureau de Direction Ex\u00e9cutif<\/h3>\n<p data-unit-id=\"AIMODE_Web_5500013011262_1774202327917&amp;e01dc1396ff6e477&amp;aggregation-0-summary-0-p-2\">Con\u00e7u pour les postes de direction (Boss\/CEO), alliant autorit\u00e9 et fonctionnalit\u00e9 moderne.<\/p>\n<ul data-unit-id=\"AIMODE_Web_5500013011262_1774202327917&amp;e01dc1396ff6e477&amp;aggregation-0-summary-0-ul-1\">\n<li data-unit-id=\"AIMODE_Web_5500013011262_1774202327917&amp;e01dc1396ff6e477&amp;aggregation-0-summary-0-li-1\" data-spm-anchor-id=\"a2700.aimode_thread.0.i61.6462103bl0JEOW\"><strong>Mat\u00e9riaux<\/strong>\u00a0: Structure en panneaux de bois haute densit\u00e9 (MDF ou MFC) avec placage en m\u00e9lamine de haute qualit\u00e9 pour une r\u00e9sistance accrue aux rayures et \u00e0 l&rsquo;humidit\u00e9.\u00a0<cite><\/cite><\/li>\n<li data-unit-id=\"AIMODE_Web_5500013011262_1774202327917&amp;e01dc1396ff6e477&amp;aggregation-0-summary-0-li-2\"><strong>Design<\/strong> : Configuration en L offrant un large espace de travail principal et un retour lat\u00e9ral pour le rangement ou l&rsquo;\u00e9quipement informatique.<cite><\/cite><\/li>\n<li data-unit-id=\"AIMODE_Web_5500013011262_1774202327917&amp;e01dc1396ff6e477&amp;aggregation-0-summary-0-li-3\"><strong>Finition<\/strong>\u00a0: Finition noire \u00e9l\u00e9gante avec des touches contrast\u00e9es possibles (bois naturel ou finitions laqu\u00e9es) pour un rendu haut de gamme.<\/li>\n<\/ul>\n","protected":false},"excerpt":{"rendered":"<p data-unit-id=\"AIMODE_Web_5500013011262_1774202327917&amp;e01dc1396ff6e477&amp;aggregation-0-summary-0-h3-1\" data-spm-anchor-id=\"a2700.aimode_thread.0.i60.6462103bl0JEOW\"><strong>Bureau de Direction Ex\u00e9cutif<\/strong> con\u00e7u pour les postes de direction (Boss\/CEO), alliant autorit\u00e9 et fonctionnalit\u00e9 moderne.<\/p>\n","protected":false},"featured_media":4427,"comment_status":"open","ping_status":"closed","template":"","meta":[],"product_brand":[],"product_cat":[146,193],"product_tag":[251,283,200],"class_list":{"0":"post-4425","1":"product","2":"type-product","3":"status-publish","4":"has-post-thumbnail","6":"product_cat-bureaux","7":"product_cat-tables-de-bureaux","8":"product_tag-bureau-de-direction","9":"product_tag-bureau-executif","10":"product_tag-office-trading","12":"first","13":"instock","14":"shipping-taxable","15":"purchasable","16":"product-type-simple"},"acf":[],"_links":{"self":[{"href":"https:\/\/officetrading.sn\/index.php\/wp-json\/wp\/v2\/product\/4425","targetHints":{"allow":["GET"]}}],"collection":[{"href":"https:\/\/officetrading.sn\/index.php\/wp-json\/wp\/v2\/product"}],"about":[{"href":"https:\/\/officetrading.sn\/index.php\/wp-json\/wp\/v2\/types\/product"}],"replies":[{"embeddable":true,"href":"https:\/\/officetrading.sn\/index.php\/wp-json\/wp\/v2\/comments?post=4425"}],"wp:featuredmedia":[{"embeddable":true,"href":"https:\/\/officetrading.sn\/index.php\/wp-json\/wp\/v2\/media\/4427"}],"wp:attachment":[{"href":"https:\/\/officetrading.sn\/index.php\/wp-json\/wp\/v2\/media?parent=4425"}],"wp:term":[{"taxonomy":"product_brand","embeddable":true,"href":"https:\/\/officetrading.sn\/index.php\/wp-json\/wp\/v2\/product_brand?post=4425"},{"taxonomy":"product_cat","embeddable":true,"href":"https:\/\/officetrading.sn\/index.php\/wp-json\/wp\/v2\/product_cat?post=4425"},{"taxonomy":"product_tag","embeddable":true,"href":"https:\/\/officetrading.sn\/index.php\/wp-json\/wp\/v2\/product_tag?post=4425"}],"curies":[{"name":"wp","href":"https:\/\/api.w.org\/{rel}","templated":true}]}}