{"id":4434,"date":"2026-03-22T21:26:03","date_gmt":"2026-03-22T21:26:03","guid":{"rendered":"https:\/\/officetrading.sn\/?post_type=product&#038;p=4434"},"modified":"2026-03-23T00:18:12","modified_gmt":"2026-03-23T00:18:12","slug":"machine-a-laver-beko-12kg-8kg-sechage","status":"publish","type":"product","link":"https:\/\/officetrading.sn\/index.php\/product\/machine-a-laver-beko-12kg-8kg-sechage\/","title":{"rendered":"MACHINE A LAVER BEKO 12KG\/8KG SECHAGE"},"content":{"rendered":"<div class=\"PropertyTable__row\">\n<h3><span style=\"text-decoration: underline;\"><strong>Description<\/strong><\/span><\/h3>\n<p><strong>Le lave-linge s\u00e9chant BEKO B5DFT512442MG<\/strong> offre une capacit\u00e9 de 12 kg pour le lavage et 8 kg pour le s\u00e9chage, combin\u00e9e \u00e0 une vitesse d\u2019essorage de 1400 tours\/minute, id\u00e9al pour les grandes familles. Avec la technologie ProSmart\u2122 Inverter et une classe \u00e9nerg\u00e9tique A+++, il assure un lavage silencieux et \u00e9conome en \u00e9nergie, tout en s\u2019adaptant \u00e0 diff\u00e9rents types de textiles pour un soin optimal des v\u00eatements.<\/p>\n<div class=\"att_name PropertyTable__column\"><label id=\"Capacit\u00e9 de lavagelabel\" class=\"Maw(180px) Maw(280px)--xl Mx(a)\" for=\"Capacit\u00e9 de lavage\">Capacit\u00e9 de lavage : <\/label>12 kg<\/div>\n<\/div>\n<div class=\"PropertyTable__row\">\n<div class=\"att_name PropertyTable__column\"><label id=\"Capacit\u00e9 de s\u00e9chagelabel\" class=\"Maw(180px) Maw(280px)--xl Mx(a)\" for=\"Capacit\u00e9 de s\u00e9chage\">Capacit\u00e9 de s\u00e9chage : <\/label>8 kg<\/div>\n<\/div>\n<div class=\"PropertyTable__row\">\n<div class=\"att_name PropertyTable__column\"><label id=\"Classe d'efficacit\u00e9 \u00e9nerg\u00e9tiquelabel\" class=\"Maw(180px) Maw(280px)--xl Mx(a)\" for=\"Classe d'efficacit\u00e9 \u00e9nerg\u00e9tique\">Classe d&rsquo;efficacit\u00e9 \u00e9nerg\u00e9tique : <\/label>B<\/div>\n<\/div>\n<div class=\"PropertyTable__row\">\n<div class=\"att_name PropertyTable__column\"><label id=\"Vitesse d'essorage maximale (tr\/min)label\" class=\"Maw(180px) Maw(280px)--xl Mx(a)\" for=\"Vitesse d'essorage maximale (tr\/min)\">Vitesse d&rsquo;essorage maximale (tr\/min) : <\/label>1400 tr\/min<\/div>\n<\/div>\n<div class=\"PropertyTable__row\">\n<div class=\"att_name PropertyTable__column\"><label id=\"Moteur inverseur ProSmart\u2122label\" class=\"Maw(180px) Maw(280px)--xl Mx(a)\" for=\"Moteur inverseur ProSmart\u2122\">Moteur inverseur ProSmart\u2122<\/label><\/div>\n<\/div>\n<div class=\"PropertyTable__row\">\n<div class=\"att_name PropertyTable__column\"><label id=\"Hauteurlabel\" class=\"Maw(180px) Maw(280px)--xl Mx(a)\" for=\"Hauteur\">Hauteur : <\/label>84.5 cm<\/div>\n<\/div>\n<div class=\"PropertyTable__row\">\n<div class=\"att_name PropertyTable__column\"><label id=\"Largeurlabel\" class=\"Maw(180px) Maw(280px)--xl Mx(a)\" for=\"Largeur\">Largeur : <\/label>60 cm<\/div>\n<\/div>\n<div class=\"PropertyTable__row\">\n<div class=\"att_name PropertyTable__column\"><label id=\"Profondeurlabel\" class=\"Maw(180px) Maw(280px)--xl Mx(a)\" for=\"Profondeur\">Profondeur : <\/label>65 cm<\/div>\n<\/div>\n<div class=\"PropertyTable__row\">\n<div class=\"att_name PropertyTable__column\"><label id=\"Type d'affichagelabel\" class=\"Maw(180px) Maw(280px)--xl Mx(a)\" for=\"Type d'affichage\">Type d&rsquo;affichage : <\/label>Affichage num\u00e9rique<\/div>\n<\/div>\n<div class=\"PropertyTable__row\">\n<div class=\"att_name PropertyTable__column\"><label id=\"Couleurlabel\" class=\"Maw(180px) Maw(280px)--xl Mx(a)\" for=\"Couleur\">Couleur : <\/label>Gris Manhattan<\/div>\n<\/div>\n<div class=\"PropertyTable__row\">\n<div class=\"att_name PropertyTable__column\"><label id=\"Type de constructionlabel\" class=\"Maw(180px) Maw(280px)--xl Mx(a)\" for=\"Type de construction\">Type de construction : <\/label>Pose libre<\/div>\n<\/div>\n","protected":false},"excerpt":{"rendered":"<p><strong>Le lave-linge s\u00e9chant BEKO B5DFT512442MG<\/strong> offre une capacit\u00e9 de 12 kg pour le lavage et 8 kg pour le s\u00e9chage, combin\u00e9e \u00e0 une vitesse d\u2019essorage de 1400 tours\/minute, id\u00e9al pour les grandes familles. Avec la technologie ProSmart\u2122 Inverter et une classe \u00e9nerg\u00e9tique A+++, il assure un lavage silencieux et \u00e9conome en \u00e9nergie, tout en s\u2019adaptant \u00e0 diff\u00e9rents types de textiles pour un soin optimal des v\u00eatements.<\/p>\n","protected":false},"featured_media":4436,"comment_status":"open","ping_status":"closed","template":"","meta":[],"product_brand":[284],"product_cat":[155,198],"product_tag":[285,200],"class_list":{"0":"post-4434","1":"product","2":"type-product","3":"status-publish","4":"has-post-thumbnail","6":"product_brand-beko","7":"product_cat-electromenager","8":"product_cat-machine-a-laver","9":"product_tag-beko","10":"product_tag-office-trading","12":"first","13":"instock","14":"shipping-taxable","15":"purchasable","16":"product-type-simple"},"acf":[],"_links":{"self":[{"href":"https:\/\/officetrading.sn\/index.php\/wp-json\/wp\/v2\/product\/4434","targetHints":{"allow":["GET"]}}],"collection":[{"href":"https:\/\/officetrading.sn\/index.php\/wp-json\/wp\/v2\/product"}],"about":[{"href":"https:\/\/officetrading.sn\/index.php\/wp-json\/wp\/v2\/types\/product"}],"replies":[{"embeddable":true,"href":"https:\/\/officetrading.sn\/index.php\/wp-json\/wp\/v2\/comments?post=4434"}],"wp:featuredmedia":[{"embeddable":true,"href":"https:\/\/officetrading.sn\/index.php\/wp-json\/wp\/v2\/media\/4436"}],"wp:attachment":[{"href":"https:\/\/officetrading.sn\/index.php\/wp-json\/wp\/v2\/media?parent=4434"}],"wp:term":[{"taxonomy":"product_brand","embeddable":true,"href":"https:\/\/officetrading.sn\/index.php\/wp-json\/wp\/v2\/product_brand?post=4434"},{"taxonomy":"product_cat","embeddable":true,"href":"https:\/\/officetrading.sn\/index.php\/wp-json\/wp\/v2\/product_cat?post=4434"},{"taxonomy":"product_tag","embeddable":true,"href":"https:\/\/officetrading.sn\/index.php\/wp-json\/wp\/v2\/product_tag?post=4434"}],"curies":[{"name":"wp","href":"https:\/\/api.w.org\/{rel}","templated":true}]}}