{"id":4445,"date":"2026-03-28T12:21:34","date_gmt":"2026-03-28T12:21:34","guid":{"rendered":"https:\/\/officetrading.sn\/?post_type=product&#038;p=4445"},"modified":"2026-03-28T12:31:03","modified_gmt":"2026-03-28T12:31:03","slug":"armoire-de-rangement-3-portes-2","status":"publish","type":"product","link":"https:\/\/officetrading.sn\/index.php\/product\/armoire-de-rangement-3-portes-2\/","title":{"rendered":"Armoire de Rangement &#8211; 3 portes"},"content":{"rendered":"<h3><span style=\"text-decoration: underline;\"><strong>Description<\/strong><\/span><\/h3>\n<p><strong>Armoire de Rangement avec 3 portes\u00a0<\/strong><\/p>\n<h3 data-unit-id=\"AIMODE_Web_5500013011262_1774698886374&amp;59ba2d43dc079178&amp;aggregation-0-summary-0-h3-1\" data-spm-anchor-id=\"a2700.aimode_thread.0.i46.2d806c94nfF4jB\">Caract\u00e9ristiques Principales<\/h3>\n<ul data-unit-id=\"AIMODE_Web_5500013011262_1774698886374&amp;59ba2d43dc079178&amp;aggregation-0-summary-0-ul-1\">\n<li data-unit-id=\"AIMODE_Web_5500013011262_1774698886374&amp;59ba2d43dc079178&amp;aggregation-0-summary-0-li-1\" data-spm-anchor-id=\"a2700.aimode_thread.0.i43.2d806c94nfF4jB\"><strong>Structure et Mat\u00e9riaux<\/strong>\u00a0: Con\u00e7ue en\u00a0<strong>bois massif<\/strong>, offrant une esth\u00e9tique chaleureuse et durable.\u00a0<cite><\/cite><\/li>\n<li data-unit-id=\"AIMODE_Web_5500013011262_1774698886374&amp;59ba2d43dc079178&amp;aggregation-0-summary-0-li-2\"><strong>Portes Vitr\u00e9es<\/strong>\u00a0: Dot\u00e9e de larges portes en\u00a0<strong>verre tremp\u00e9<\/strong>, id\u00e9ales pour l&rsquo;exposition d&rsquo;objets tout en les prot\u00e9geant de la poussi\u00e8re.\u00a0<cite><\/cite><\/li>\n<li data-unit-id=\"AIMODE_Web_5500013011262_1774698886374&amp;59ba2d43dc079178&amp;aggregation-0-summary-0-li-3\"><strong>Design Moderne<\/strong> : Style minimaliste avec des lignes \u00e9pur\u00e9es et de finitions raffin\u00e9es comme des poign\u00e9es discr\u00e8tes.<cite><\/cite><\/li>\n<li data-unit-id=\"AIMODE_Web_5500013011262_1774698886374&amp;59ba2d43dc079178&amp;aggregation-0-summary-0-li-4\"><strong>Usage Polyvalent<\/strong>\u00a0: Ce mod\u00e8le est parfaitement adapt\u00e9 comme biblioth\u00e8que, cave \u00e0 vin, ou vaisselier pour le salon, la salle \u00e0 manger ou m\u00eame un bureau de direction.<\/li>\n<li data-unit-id=\"AIMODE_Web_5500013011262_1774698886374&amp;59ba2d43dc079178&amp;aggregation-0-summary-0-li-4\">Dimension : 2000mm\/1200mm\/400mm<\/li>\n<\/ul>\n","protected":false},"excerpt":{"rendered":"<p><strong>Armoire de Rangement avec 2 portes vitr\u00e9es et 1 porte pleine<\/strong><\/p>\n","protected":false},"featured_media":4429,"comment_status":"open","ping_status":"closed","template":"","meta":[],"product_brand":[],"product_cat":[194,146],"product_tag":[288,289,217,200],"class_list":{"0":"post-4445","1":"product","2":"type-product","3":"status-publish","4":"has-post-thumbnail","6":"product_cat-armoires-de-bureaux","7":"product_cat-bureaux","8":"product_tag-armoire-3-portes","9":"product_tag-armoire-de-bureau-dakar","10":"product_tag-armoire-de-rangement-3-porte","11":"product_tag-office-trading","13":"first","14":"instock","15":"shipping-taxable","16":"purchasable","17":"product-type-simple"},"acf":[],"_links":{"self":[{"href":"https:\/\/officetrading.sn\/index.php\/wp-json\/wp\/v2\/product\/4445","targetHints":{"allow":["GET"]}}],"collection":[{"href":"https:\/\/officetrading.sn\/index.php\/wp-json\/wp\/v2\/product"}],"about":[{"href":"https:\/\/officetrading.sn\/index.php\/wp-json\/wp\/v2\/types\/product"}],"replies":[{"embeddable":true,"href":"https:\/\/officetrading.sn\/index.php\/wp-json\/wp\/v2\/comments?post=4445"}],"wp:featuredmedia":[{"embeddable":true,"href":"https:\/\/officetrading.sn\/index.php\/wp-json\/wp\/v2\/media\/4429"}],"wp:attachment":[{"href":"https:\/\/officetrading.sn\/index.php\/wp-json\/wp\/v2\/media?parent=4445"}],"wp:term":[{"taxonomy":"product_brand","embeddable":true,"href":"https:\/\/officetrading.sn\/index.php\/wp-json\/wp\/v2\/product_brand?post=4445"},{"taxonomy":"product_cat","embeddable":true,"href":"https:\/\/officetrading.sn\/index.php\/wp-json\/wp\/v2\/product_cat?post=4445"},{"taxonomy":"product_tag","embeddable":true,"href":"https:\/\/officetrading.sn\/index.php\/wp-json\/wp\/v2\/product_tag?post=4445"}],"curies":[{"name":"wp","href":"https:\/\/api.w.org\/{rel}","templated":true}]}}