{"id":4447,"date":"2026-03-28T13:45:14","date_gmt":"2026-03-28T13:45:14","guid":{"rendered":"https:\/\/officetrading.sn\/?post_type=product&#038;p=4447"},"modified":"2026-03-28T13:45:14","modified_gmt":"2026-03-28T13:45:14","slug":"fauteuil-de-bureau-executif-noire","status":"publish","type":"product","link":"https:\/\/officetrading.sn\/index.php\/product\/fauteuil-de-bureau-executif-noire\/","title":{"rendered":"Fauteuil de Bureau ex\u00e9cutif &#8211; Noire"},"content":{"rendered":"<h3><span style=\"text-decoration: underline;\"><strong>Description<\/strong><\/span><\/h3>\n<p><strong>Fauteuil de Bureau ex\u00e9cutif &#8211; Noire<\/strong><\/p>\n<p data-unit-id=\"AIMODE_Web_5500013011262_1774705050015&amp;1b66491cefce686e&amp;aggregation-0-summary-0-p-3\" data-spm-anchor-id=\"a2700.aimode_thread.0.i32.7cad6c94VDFmOz\">Ce fauteuil de bureau ex\u00e9cutif \u00e0 dossier haut est rev\u00eatu de similicuir, offrant une allure \u00e9l\u00e9gante et professionnelle. Il est \u00e9quip\u00e9 d\u2019un appui-t\u00eate rembourr\u00e9 int\u00e9gr\u00e9, d\u2019un dossier ergonomique pour un excellent soutien du dos, ainsi que d\u2019une assise confortable et g\u00e9n\u00e9reusement rembourr\u00e9e, id\u00e9ale pour de longues heures de travail. Les accoudoirs fixes au design moderne assurent un bon maintien des bras. La base solide en m\u00e9tal chrom\u00e9, mont\u00e9e sur cinq roulettes pivotantes, garantit stabilit\u00e9 et mobilit\u00e9. Le fauteuil dispose \u00e9galement d\u2019un m\u00e9canisme de r\u00e9glage en hauteur pour s\u2019adapter \u00e0 diff\u00e9rentes morphologies et postes de travail.<\/p>\n<p data-unit-id=\"AIMODE_Web_5500013011262_1774705050015&amp;1b66491cefce686e&amp;aggregation-0-summary-0-p-4\"><strong>Caract\u00e9ristiques principales :<\/strong><\/p>\n<ul data-unit-id=\"AIMODE_Web_5500013011262_1774705050015&amp;1b66491cefce686e&amp;aggregation-0-summary-0-ul-1\">\n<li data-unit-id=\"AIMODE_Web_5500013011262_1774705050015&amp;1b66491cefce686e&amp;aggregation-0-summary-0-li-1\">Dossier haut avec appui-t\u00eate int\u00e9gr\u00e9 inclinable<\/li>\n<li data-unit-id=\"AIMODE_Web_5500013011262_1774705050015&amp;1b66491cefce686e&amp;aggregation-0-summary-0-li-2\">Rev\u00eatement en similicuir noire<\/li>\n<li data-unit-id=\"AIMODE_Web_5500013011262_1774705050015&amp;1b66491cefce686e&amp;aggregation-0-summary-0-li-3\">Accoudoirs fixes au design ergonomique<\/li>\n<li data-unit-id=\"AIMODE_Web_5500013011262_1774705050015&amp;1b66491cefce686e&amp;aggregation-0-summary-0-li-4\">Base en m\u00e9tal chrom\u00e9 avec 5 roulettes<\/li>\n<li data-unit-id=\"AIMODE_Web_5500013011262_1774705050015&amp;1b66491cefce686e&amp;aggregation-0-summary-0-li-5\">Hauteur d\u2019assise r\u00e9glable<\/li>\n<li data-unit-id=\"AIMODE_Web_5500013011262_1774705050015&amp;1b66491cefce686e&amp;aggregation-0-summary-0-li-6\">Id\u00e9al pour bureaux de direction, salles de r\u00e9union ou espaces de travail \u00e0 domicile<\/li>\n<\/ul>\n","protected":false},"excerpt":{"rendered":"<p><strong>Fauteuil de Bureau ex\u00e9cutif &#8211; Noire<\/strong><\/p>\n","protected":false},"featured_media":4448,"comment_status":"open","ping_status":"closed","template":"","meta":[],"product_brand":[],"product_cat":[146,203],"product_tag":[199,201,220,246,200],"class_list":{"0":"post-4447","1":"product","2":"type-product","3":"status-publish","4":"has-post-thumbnail","6":"product_cat-bureaux","7":"product_cat-fauteuil-bureau","8":"product_tag-fauteuil-bureau","9":"product_tag-fauteuil-bureau-dakar","10":"product_tag-fauteuil-de-direction","11":"product_tag-fauteuil-ministre","12":"product_tag-office-trading","14":"first","15":"instock","16":"shipping-taxable","17":"purchasable","18":"product-type-simple"},"acf":[],"_links":{"self":[{"href":"https:\/\/officetrading.sn\/index.php\/wp-json\/wp\/v2\/product\/4447","targetHints":{"allow":["GET"]}}],"collection":[{"href":"https:\/\/officetrading.sn\/index.php\/wp-json\/wp\/v2\/product"}],"about":[{"href":"https:\/\/officetrading.sn\/index.php\/wp-json\/wp\/v2\/types\/product"}],"replies":[{"embeddable":true,"href":"https:\/\/officetrading.sn\/index.php\/wp-json\/wp\/v2\/comments?post=4447"}],"wp:featuredmedia":[{"embeddable":true,"href":"https:\/\/officetrading.sn\/index.php\/wp-json\/wp\/v2\/media\/4448"}],"wp:attachment":[{"href":"https:\/\/officetrading.sn\/index.php\/wp-json\/wp\/v2\/media?parent=4447"}],"wp:term":[{"taxonomy":"product_brand","embeddable":true,"href":"https:\/\/officetrading.sn\/index.php\/wp-json\/wp\/v2\/product_brand?post=4447"},{"taxonomy":"product_cat","embeddable":true,"href":"https:\/\/officetrading.sn\/index.php\/wp-json\/wp\/v2\/product_cat?post=4447"},{"taxonomy":"product_tag","embeddable":true,"href":"https:\/\/officetrading.sn\/index.php\/wp-json\/wp\/v2\/product_tag?post=4447"}],"curies":[{"name":"wp","href":"https:\/\/api.w.org\/{rel}","templated":true}]}}