{"id":4450,"date":"2026-03-29T08:39:10","date_gmt":"2026-03-29T08:39:10","guid":{"rendered":"https:\/\/officetrading.sn\/?post_type=product&#038;p=4450"},"modified":"2026-03-29T08:39:10","modified_gmt":"2026-03-29T08:39:10","slug":"classeur-vertical-metallique-gris","status":"publish","type":"product","link":"https:\/\/officetrading.sn\/index.php\/product\/classeur-vertical-metallique-gris\/","title":{"rendered":"Classeur vertical m\u00e9tallique &#8211; Gris"},"content":{"rendered":"<h3><span style=\"text-decoration: underline;\"><strong>Description<\/strong><\/span><\/h3>\n<p><strong>Classeur vertical m\u00e9tallique &#8211; Gris<\/strong><\/p>\n<ul data-unit-id=\"AIMODE_Web_5500013011262_1774772405159&amp;34ea8b2129870b96&amp;aggregation-0-summary-0-ul-1\">\n<li data-unit-id=\"AIMODE_Web_5500013011262_1774772405159&amp;34ea8b2129870b96&amp;aggregation-0-summary-0-li-1\"><strong data-spm-anchor-id=\"a2700.aimode_thread.0.i45.18086c94oUAtWn\">Structure &amp; Mat\u00e9riau<\/strong>\u00a0: Construit en\u00a0<strong>acier lamin\u00e9 \u00e0 froid<\/strong> de haute qualit\u00e9 avec une finition par poudrage \u00e9lectrostatique pour une durabilit\u00e9 accrue et une r\u00e9sistance aux rayures.<\/li>\n<li data-unit-id=\"AIMODE_Web_5500013011262_1774772405159&amp;34ea8b2129870b96&amp;aggregation-0-summary-0-li-2\"><strong>Configuration<\/strong>\u00a0: \u00c9quip\u00e9 de\u00a0<strong>4 tiroirs profonds<\/strong> mont\u00e9s sur des glissi\u00e8res \u00e0 billes silencieuses, permettant une extension compl\u00e8te pour un acc\u00e8s facile aux dossiers suspendus.<cite><\/cite><\/li>\n<li data-unit-id=\"AIMODE_Web_5500013011262_1774772405159&amp;34ea8b2129870b96&amp;aggregation-0-summary-0-li-3\"><strong>Design &amp; Esth\u00e9tique<\/strong> : Finition <strong>gris<\/strong>, offrant un look minimaliste et professionnel qui s&rsquo;int\u00e8gre dans tout bureau moderne.<cite><\/cite><\/li>\n<li data-unit-id=\"AIMODE_Web_5500013011262_1774772405159&amp;34ea8b2129870b96&amp;aggregation-0-summary-0-li-4\"><strong>S\u00e9curit\u00e9<\/strong>\u00a0: Int\u00e8gre un\u00a0<strong>syst\u00e8me de verrouillage centralis\u00e9<\/strong>\u00a0 s\u00e9curisant simultan\u00e9ment les quatre tiroirs<\/li>\n<\/ul>\n","protected":false},"excerpt":{"rendered":"<p><strong>Classeur vertical m\u00e9tallique &#8211; Gris <\/strong>\u00e9quip\u00e9\u00a0de\u00a04 tiroirs profonds avec un\u00a0syst\u00e8me de verrouillage centralis\u00e9<\/p>\n","protected":false},"featured_media":4455,"comment_status":"open","ping_status":"closed","template":"","meta":[],"product_brand":[],"product_cat":[194,146],"product_tag":[292,290,291,200,273],"class_list":{"0":"post-4450","1":"product","2":"type-product","3":"status-publish","4":"has-post-thumbnail","6":"product_cat-armoires-de-bureaux","7":"product_cat-bureaux","8":"product_tag-classeur-vertical-metallique","9":"product_tag-meuble-de-rangement","10":"product_tag-meuble-de-rangement-dakar","11":"product_tag-office-trading","12":"product_tag-rangement-metallique","14":"first","15":"instock","16":"shipping-taxable","17":"purchasable","18":"product-type-simple"},"acf":[],"_links":{"self":[{"href":"https:\/\/officetrading.sn\/index.php\/wp-json\/wp\/v2\/product\/4450","targetHints":{"allow":["GET"]}}],"collection":[{"href":"https:\/\/officetrading.sn\/index.php\/wp-json\/wp\/v2\/product"}],"about":[{"href":"https:\/\/officetrading.sn\/index.php\/wp-json\/wp\/v2\/types\/product"}],"replies":[{"embeddable":true,"href":"https:\/\/officetrading.sn\/index.php\/wp-json\/wp\/v2\/comments?post=4450"}],"wp:featuredmedia":[{"embeddable":true,"href":"https:\/\/officetrading.sn\/index.php\/wp-json\/wp\/v2\/media\/4455"}],"wp:attachment":[{"href":"https:\/\/officetrading.sn\/index.php\/wp-json\/wp\/v2\/media?parent=4450"}],"wp:term":[{"taxonomy":"product_brand","embeddable":true,"href":"https:\/\/officetrading.sn\/index.php\/wp-json\/wp\/v2\/product_brand?post=4450"},{"taxonomy":"product_cat","embeddable":true,"href":"https:\/\/officetrading.sn\/index.php\/wp-json\/wp\/v2\/product_cat?post=4450"},{"taxonomy":"product_tag","embeddable":true,"href":"https:\/\/officetrading.sn\/index.php\/wp-json\/wp\/v2\/product_tag?post=4450"}],"curies":[{"name":"wp","href":"https:\/\/api.w.org\/{rel}","templated":true}]}}