{"id":4459,"date":"2026-04-07T09:57:38","date_gmt":"2026-04-07T09:57:38","guid":{"rendered":"https:\/\/officetrading.sn\/?post_type=product&#038;p=4459"},"modified":"2026-04-07T09:57:38","modified_gmt":"2026-04-07T09:57:38","slug":"rangement-metallique-portes-coulissantes","status":"publish","type":"product","link":"https:\/\/officetrading.sn\/index.php\/product\/rangement-metallique-portes-coulissantes\/","title":{"rendered":"Rangement M\u00e9tallique &#8211; Portes coulissantes"},"content":{"rendered":"<h4 data-unit-id=\"AIMODE_Web_5500013011262_1775554250875&amp;891dd0db30d2dbf7&amp;aggregation-0-summary-0-p-2\" data-spm-anchor-id=\"a2700.aimode_thread.0.i43.44766c942TjDbD\"><strong>Description<\/strong><\/h4>\n<p data-unit-id=\"AIMODE_Web_5500013011262_1775554250875&amp;891dd0db30d2dbf7&amp;aggregation-0-summary-0-p-2\" data-spm-anchor-id=\"a2700.aimode_thread.0.i43.44766c942TjDbD\">\u00a0Armoire de <strong>Rangement M\u00e9tallique &#8211; Porte coulissantes<\/strong> est une solution de stockage industrielle et de bureau, con\u00e7ue pour maximiser l&rsquo;organisation dans des espaces restreints gr\u00e2ce \u00e0 son syst\u00e8me de <strong>portes coulissantes<\/strong>.<\/p>\n<ul data-unit-id=\"AIMODE_Web_5500013011262_1775554250875&amp;891dd0db30d2dbf7&amp;aggregation-0-summary-0-ul-1\">\n<li data-unit-id=\"AIMODE_Web_5500013011262_1775554250875&amp;891dd0db30d2dbf7&amp;aggregation-0-summary-0-li-1\"><strong>Structure et Mat\u00e9riaux :<\/strong> Fabriqu\u00e9e en acier lamin\u00e9 \u00e0 froid de haute qualit\u00e9, garantissant une durabilit\u00e9 accrue et une r\u00e9sistance aux charges lourdes.<\/li>\n<li data-unit-id=\"AIMODE_Web_5500013011262_1775554250875&amp;891dd0db30d2dbf7&amp;aggregation-0-summary-0-li-2\"><strong>Syst\u00e8me de Fermeture :<\/strong> Portes coulissantes fluides.<cite><\/cite><\/li>\n<li data-unit-id=\"AIMODE_Web_5500013011262_1775554250875&amp;891dd0db30d2dbf7&amp;aggregation-0-summary-0-li-3\"><strong>S\u00e9curit\u00e9 :<\/strong>\u00a0\u00c9quip\u00e9e d&rsquo;un\u00a0<strong>m\u00e9canisme de verrouillage \u00e0 cl\u00e9<\/strong> centralis\u00e9 pour s\u00e9curiser les documents confidentiels ou le mat\u00e9riel de valeur.<cite><\/cite><\/li>\n<li data-unit-id=\"AIMODE_Web_5500013011262_1775554250875&amp;891dd0db30d2dbf7&amp;aggregation-0-summary-0-li-4\"><strong>Am\u00e9nagement Int\u00e9rieur :<\/strong>\u00a0Comprend g\u00e9n\u00e9ralement\u00a0<strong>4 \u00e9tag\u00e8res r\u00e9glables<\/strong> en hauteur, permettant de configurer jusqu&rsquo;\u00e0 5 compartiments de stockage selon vos besoins.<cite><\/cite><\/li>\n<li data-unit-id=\"AIMODE_Web_5500013011262_1775554250875&amp;891dd0db30d2dbf7&amp;aggregation-0-summary-0-li-5\"><strong>Finition :<\/strong> Rev\u00eatement par poudre \u00e9lectrostatique respectueux de l&rsquo;environnement, offrant une finition lisse, anti-corrosion et facile \u00e0 nettoyer.<cite><\/cite><\/li>\n<li data-unit-id=\"AIMODE_Web_5500013011262_1775554250875&amp;891dd0db30d2dbf7&amp;aggregation-0-summary-0-li-6\"><strong>Utilisation :<\/strong>\u00a0Polyvalente, elle convient parfaitement aux bureaux, archives, ateliers, garages ou environnements scolaires.<\/li>\n<li data-unit-id=\"AIMODE_Web_5500013011262_1775554250875&amp;891dd0db30d2dbf7&amp;aggregation-0-summary-0-li-6\"><strong>Dimension<\/strong> : 1850mm\/900mm\/400mm<\/li>\n<\/ul>\n","protected":false},"excerpt":{"rendered":"<p>Armoire de <strong>Rangement M\u00e9tallique &#8211; Porte coulissantes<\/strong> est une solution de stockage industrielle et de bureau, con\u00e7ue pour maximiser l&rsquo;organisation dans des espaces restreints gr\u00e2ce \u00e0 son syst\u00e8me de <strong>portes coulissantes<\/strong>.<\/p>\n","protected":false},"featured_media":4461,"comment_status":"open","ping_status":"closed","template":"","meta":[],"product_brand":[],"product_cat":[194,146],"product_tag":[274,291,200,273],"class_list":{"0":"post-4459","1":"product","2":"type-product","3":"status-publish","4":"has-post-thumbnail","6":"product_cat-armoires-de-bureaux","7":"product_cat-bureaux","8":"product_tag-armoire-de-bureau","9":"product_tag-meuble-de-rangement-dakar","10":"product_tag-office-trading","11":"product_tag-rangement-metallique","13":"first","14":"instock","15":"shipping-taxable","16":"purchasable","17":"product-type-simple"},"acf":[],"_links":{"self":[{"href":"https:\/\/officetrading.sn\/index.php\/wp-json\/wp\/v2\/product\/4459","targetHints":{"allow":["GET"]}}],"collection":[{"href":"https:\/\/officetrading.sn\/index.php\/wp-json\/wp\/v2\/product"}],"about":[{"href":"https:\/\/officetrading.sn\/index.php\/wp-json\/wp\/v2\/types\/product"}],"replies":[{"embeddable":true,"href":"https:\/\/officetrading.sn\/index.php\/wp-json\/wp\/v2\/comments?post=4459"}],"wp:featuredmedia":[{"embeddable":true,"href":"https:\/\/officetrading.sn\/index.php\/wp-json\/wp\/v2\/media\/4461"}],"wp:attachment":[{"href":"https:\/\/officetrading.sn\/index.php\/wp-json\/wp\/v2\/media?parent=4459"}],"wp:term":[{"taxonomy":"product_brand","embeddable":true,"href":"https:\/\/officetrading.sn\/index.php\/wp-json\/wp\/v2\/product_brand?post=4459"},{"taxonomy":"product_cat","embeddable":true,"href":"https:\/\/officetrading.sn\/index.php\/wp-json\/wp\/v2\/product_cat?post=4459"},{"taxonomy":"product_tag","embeddable":true,"href":"https:\/\/officetrading.sn\/index.php\/wp-json\/wp\/v2\/product_tag?post=4459"}],"curies":[{"name":"wp","href":"https:\/\/api.w.org\/{rel}","templated":true}]}}