{"id":4464,"date":"2026-04-08T00:27:02","date_gmt":"2026-04-08T00:27:02","guid":{"rendered":"https:\/\/officetrading.sn\/?post_type=product&#038;p=4464"},"modified":"2026-04-08T00:27:02","modified_gmt":"2026-04-08T00:27:02","slug":"armoire-rangement-metallique-gris","status":"publish","type":"product","link":"https:\/\/officetrading.sn\/index.php\/product\/armoire-rangement-metallique-gris\/","title":{"rendered":"Armoire Rangement M\u00e9tallique &#8211; Gris"},"content":{"rendered":"<h3><strong>Description<\/strong><\/h3>\n<p><strong>Armoire Rangement M\u00e9tallique &#8211; Gris<\/strong> au design industriel et moderne, id\u00e9ale pour les bureaux, les garages ou les int\u00e9rieurs de style contemporain.<\/p>\n<div data-contenttype=\"summary\" data-unit-id=\"AIMODE_Web_5500013011262_1775606623718&amp;aeb42095ba956a35&amp;aggregation-0-summary-0\">\n<div class=\"container--Cf8U6ZKc \">\n<div class=\"container--1FNzIG7p md--9bClq-J1\">\n<ul data-unit-id=\"AIMODE_Web_5500013011262_1775606623718&amp;aeb42095ba956a35&amp;aggregation-0-summary-0-ul-1\">\n<li data-unit-id=\"AIMODE_Web_5500013011262_1775606623718&amp;aeb42095ba956a35&amp;aggregation-0-summary-0-li-1\" data-spm-anchor-id=\"a2700.aimode_thread.0.i30.49856c94Ju9puK\"><strong data-spm-anchor-id=\"a2700.aimode_thread.0.i33.49856c94Ju9puK\">Mat\u00e9riau<\/strong>\u00a0: Structure robuste en\u00a0<strong>acier lamin\u00e9 \u00e0 froid<\/strong>, offrant une grande durabilit\u00e9 et une r\u00e9sistance aux chocs.<\/li>\n<li data-unit-id=\"AIMODE_Web_5500013011262_1775606623718&amp;aeb42095ba956a35&amp;aggregation-0-summary-0-li-2\"><strong>Configuration<\/strong>\u00a0: Mod\u00e8le \u00e0\u00a0<strong>deux portes battantes<\/strong>\u00a0\u00e9quip\u00e9es de poign\u00e9es verticales ergonomiques.<\/li>\n<li data-unit-id=\"AIMODE_Web_5500013011262_1775606623718&amp;aeb42095ba956a35&amp;aggregation-0-summary-0-li-3\"><strong>Finition<\/strong>\u00a0: Rev\u00eatement par poudre de couleur\u00a0<strong>blanche mate<\/strong>, offrant une protection contre la corrosion et les rayures tout en restant facile \u00e0 nettoyer.<\/li>\n<li data-unit-id=\"AIMODE_Web_5500013011262_1775606623718&amp;aeb42095ba956a35&amp;aggregation-0-summary-0-li-4\"><strong>Rangement<\/strong>\u00a0: L&rsquo;int\u00e9rieur est modulable gr\u00e2ce \u00e0 des\u00a0<strong>\u00e9tag\u00e8res r\u00e9glables<\/strong> en hauteur, permettant d&rsquo;optimiser l&rsquo;espace selon les objets stock\u00e9s (documents, outils ou effets personnels).<cite><\/cite><\/li>\n<li data-unit-id=\"AIMODE_Web_5500013011262_1775606623718&amp;aeb42095ba956a35&amp;aggregation-0-summary-0-li-5\"><strong>S\u00e9curit\u00e9<\/strong> : Equip\u00e9e d&rsquo;un syst\u00e8me de <strong>verrouillage centralis\u00e9<\/strong>\u00a0pour s\u00e9curiser le contenu.<\/li>\n<\/ul>\n<\/div>\n<\/div>\n<\/div>\n<div data-contenttype=\"summary\" data-unit-id=\"AIMODE_Web_5500013011262_1775606623718&amp;aeb42095ba956a35&amp;aggregation-0-summary-1\">\n<div class=\"container--Cf8U6ZKc \">\n<div class=\"container--1FNzIG7p md--9bClq-J1\">\n<p data-unit-id=\"AIMODE_Web_5500013011262_1775606623718&amp;aeb42095ba956a35&amp;aggregation-0-summary-1-p-1\">Cette armoire est particuli\u00e8rement polyvalente pour sa capacit\u00e9 \u00e0 supporter des charges lourdes tout en conservant une esth\u00e9tique \u00e9pur\u00e9e<\/p>\n<\/div>\n<\/div>\n<\/div>\n","protected":false},"excerpt":{"rendered":"<p><strong>Armoire Rangement M\u00e9tallique &#8211; Gris<\/strong> au design industriel et moderne, id\u00e9ale pour les bureaux, les garages ou les int\u00e9rieurs de style contemporain.<\/p>\n","protected":false},"featured_media":4465,"comment_status":"open","ping_status":"closed","template":"","meta":[],"product_brand":[],"product_cat":[194,146],"product_tag":[289,200,273],"class_list":{"0":"post-4464","1":"product","2":"type-product","3":"status-publish","4":"has-post-thumbnail","6":"product_cat-armoires-de-bureaux","7":"product_cat-bureaux","8":"product_tag-armoire-de-bureau-dakar","9":"product_tag-office-trading","10":"product_tag-rangement-metallique","12":"first","13":"instock","14":"shipping-taxable","15":"purchasable","16":"product-type-simple"},"acf":[],"_links":{"self":[{"href":"https:\/\/officetrading.sn\/index.php\/wp-json\/wp\/v2\/product\/4464","targetHints":{"allow":["GET"]}}],"collection":[{"href":"https:\/\/officetrading.sn\/index.php\/wp-json\/wp\/v2\/product"}],"about":[{"href":"https:\/\/officetrading.sn\/index.php\/wp-json\/wp\/v2\/types\/product"}],"replies":[{"embeddable":true,"href":"https:\/\/officetrading.sn\/index.php\/wp-json\/wp\/v2\/comments?post=4464"}],"wp:featuredmedia":[{"embeddable":true,"href":"https:\/\/officetrading.sn\/index.php\/wp-json\/wp\/v2\/media\/4465"}],"wp:attachment":[{"href":"https:\/\/officetrading.sn\/index.php\/wp-json\/wp\/v2\/media?parent=4464"}],"wp:term":[{"taxonomy":"product_brand","embeddable":true,"href":"https:\/\/officetrading.sn\/index.php\/wp-json\/wp\/v2\/product_brand?post=4464"},{"taxonomy":"product_cat","embeddable":true,"href":"https:\/\/officetrading.sn\/index.php\/wp-json\/wp\/v2\/product_cat?post=4464"},{"taxonomy":"product_tag","embeddable":true,"href":"https:\/\/officetrading.sn\/index.php\/wp-json\/wp\/v2\/product_tag?post=4464"}],"curies":[{"name":"wp","href":"https:\/\/api.w.org\/{rel}","templated":true}]}}