{"id":4472,"date":"2026-04-08T21:55:55","date_gmt":"2026-04-08T21:55:55","guid":{"rendered":"https:\/\/officetrading.sn\/?post_type=product&#038;p=4472"},"modified":"2026-04-09T17:49:57","modified_gmt":"2026-04-09T17:49:57","slug":"ordinateur-hp-250-dualcore-4go-256go-ssd","status":"publish","type":"product","link":"https:\/\/officetrading.sn\/index.php\/product\/ordinateur-hp-250-dualcore-4go-256go-ssd\/","title":{"rendered":"Ordinateur HP 250 &#8211; DualCore 4Go 256Go SSD"},"content":{"rendered":"<h3><span style=\"text-decoration: underline;\"><strong>Description<\/strong><\/span><\/h3>\n<table style=\"height: 421px;\" width=\"719\">\n<thead>\n<tr>\n<th><strong>El\u00e9ment<\/strong><\/th>\n<th><strong>D\u00e9tail<\/strong><\/th>\n<\/tr>\n<\/thead>\n<tbody>\n<tr>\n<td><strong>Mod\u00e8le<\/strong><\/td>\n<td>HP 250 (g\u00e9n\u00e9rations r\u00e9centes G9<\/td>\n<\/tr>\n<tr>\n<td><strong>\u00c9cran<\/strong><\/td>\n<td>15,6 pouces (diagonale)<\/td>\n<\/tr>\n<tr>\n<td><strong>R\u00e9solution<\/strong><\/td>\n<td>HD (1366 \u00d7 768)<\/td>\n<\/tr>\n<tr>\n<td><strong>Processeur<\/strong><\/td>\n<td>Intel Dual-Core<\/td>\n<\/tr>\n<tr>\n<td><strong>M\u00e9moire RAM<\/strong><\/td>\n<td>4 Go DDR4<\/td>\n<\/tr>\n<tr>\n<td><strong>Stockage interne<\/strong><\/td>\n<td>256 Go SSD<\/td>\n<\/tr>\n<tr>\n<td><strong>Carte graphique<\/strong><\/td>\n<td>Intel\u00ae UHD Graphics int\u00e9gr\u00e9e<\/td>\n<\/tr>\n<tr>\n<td><strong>Webcam<\/strong><\/td>\n<td>Cam\u00e9ra HD int\u00e9gr\u00e9e<\/td>\n<\/tr>\n<tr>\n<td><strong>Connectivit\u00e9<\/strong><\/td>\n<td>Wi-Fi, Bluetooth, Ethernet LAN<\/td>\n<\/tr>\n<tr>\n<td><strong>Ports<\/strong><\/td>\n<td>USB-A, USB-C , HDMI, RJ-45, combo casque\/micro<\/td>\n<\/tr>\n<tr>\n<td><strong>Audio<\/strong><\/td>\n<td>Haut-parleurs int\u00e9gr\u00e9s<\/td>\n<\/tr>\n<tr>\n<td><strong>Syst\u00e8me d\u2019exploitation<\/strong><\/td>\n<td>\u00a0Windows 11<\/td>\n<\/tr>\n<tr>\n<td><strong>Batterie<\/strong><\/td>\n<td>Batterie interne 3 cellules (~41 Wh)<\/td>\n<\/tr>\n<\/tbody>\n<\/table>\n","protected":false},"excerpt":{"rendered":"<p>Le <strong>HP 250 DualCore 4Go 256Go SSD<\/strong> (g\u00e9n\u00e9ration r\u00e9cente G) est \u00e9quip\u00e9 d\u2019un \u00e9cran de 15,6 pouces en diagonale avec une r\u00e9solution HD de 1366 \u00d7 768. Il int\u00e8gre un processeur Intel Dual-Core, 4 Go de m\u00e9moire vive DDR4 et un stockage interne SSD de 256 Go. Sa carte graphique Intel\u00ae UHD Graphics est int\u00e9gr\u00e9e, tout comme une cam\u00e9ra HD. C\u00f4t\u00e9 connectivit\u00e9, il dispose du Wi-Fi, Bluetooth et Ethernet LAN, ainsi que de ports USB-A, USB-C, HDMI, RJ-45 et d\u2019un combo casque\/micro. L\u2019audio est assur\u00e9 par des haut-parleurs int\u00e9gr\u00e9s. Il fonctionne sous Windows 11 et est aliment\u00e9 par une batterie interne 3 cellules d\u2019environ 41 Wh.<\/p>\n","protected":false},"featured_media":4473,"comment_status":"open","ping_status":"closed","template":"","meta":[],"product_brand":[207],"product_cat":[157,160],"product_tag":[298,296,200,293],"class_list":{"0":"post-4472","1":"product","2":"type-product","3":"status-publish","4":"has-post-thumbnail","6":"product_brand-hp","7":"product_cat-informatique","8":"product_cat-ordinateur","9":"product_tag-hp-250-dualcore-4go-256go-ssd","10":"product_tag-laptop-hp","11":"product_tag-office-trading","12":"product_tag-ordinateur-hp","14":"first","15":"instock","16":"shipping-taxable","17":"purchasable","18":"product-type-simple"},"acf":[],"_links":{"self":[{"href":"https:\/\/officetrading.sn\/index.php\/wp-json\/wp\/v2\/product\/4472","targetHints":{"allow":["GET"]}}],"collection":[{"href":"https:\/\/officetrading.sn\/index.php\/wp-json\/wp\/v2\/product"}],"about":[{"href":"https:\/\/officetrading.sn\/index.php\/wp-json\/wp\/v2\/types\/product"}],"replies":[{"embeddable":true,"href":"https:\/\/officetrading.sn\/index.php\/wp-json\/wp\/v2\/comments?post=4472"}],"wp:featuredmedia":[{"embeddable":true,"href":"https:\/\/officetrading.sn\/index.php\/wp-json\/wp\/v2\/media\/4473"}],"wp:attachment":[{"href":"https:\/\/officetrading.sn\/index.php\/wp-json\/wp\/v2\/media?parent=4472"}],"wp:term":[{"taxonomy":"product_brand","embeddable":true,"href":"https:\/\/officetrading.sn\/index.php\/wp-json\/wp\/v2\/product_brand?post=4472"},{"taxonomy":"product_cat","embeddable":true,"href":"https:\/\/officetrading.sn\/index.php\/wp-json\/wp\/v2\/product_cat?post=4472"},{"taxonomy":"product_tag","embeddable":true,"href":"https:\/\/officetrading.sn\/index.php\/wp-json\/wp\/v2\/product_tag?post=4472"}],"curies":[{"name":"wp","href":"https:\/\/api.w.org\/{rel}","templated":true}]}}